{"id":7336,"date":"2024-12-22T18:29:59","date_gmt":"2024-12-22T17:29:59","guid":{"rendered":"https:\/\/troypetshop.com\/product\/kunststofftragetaschen-fuer-haustiere\/"},"modified":"2026-02-28T16:53:00","modified_gmt":"2026-02-28T15:53:00","slug":"t-kunststofftrager-fuer-haustiere","status":"publish","type":"product","link":"https:\/\/troypetshop.com\/de\/product\/t-kunststofftrager-fuer-haustiere\/","title":{"rendered":"T &#8211; Kunststofftr\u00e4ger f\u00fcr Haustiere"},"content":{"rendered":"","protected":false},"excerpt":{"rendered":"<p>Leichtes Gewicht mit Kunststofft\u00fcr. An der Oberseite des Wagens befinden sich viele L\u00f6cher, damit die Tiere atmen k\u00f6nnen. Dank des Schiebesystems kann der Transport leicht ge\u00f6ffnet und geschlossen werden. Es gibt einen Mechanismus, um den gesamten Transport mit zwei Schl\u00f6ssern zu verriegeln; Leichte und robuste Produktstruktur. Bequeme Tragf\u00e4higkeit bis zu 10 kg. Die Kunststofft\u00fcr an der Vorderseite garantiert einen sicheren Transport Ihres Tieres.<\/p>\n<ul>\n<li>Kleine Gr\u00f6\u00dfe Abmessungen: 32 x 49 x 33(H) cm<\/li>\n<li>Mittlere Gr\u00f6\u00dfe Abmessungen: 40 x 57 x 38(H) cm<\/li>\n<\/ul>\n<p><strong>Gebrauchsanweisung:<\/strong> Schieben Sie den hinteren Teil der oberen Abdeckung in den entsprechenden Raum der unteren Abdeckung und schieben Sie sie nach vorne. Vergewissern Sie sich, dass das gesamte System verriegelt ist. Verriegeln Sie dann den Transport mit den Schl\u00f6ssern an der Frontplatte. Bringen Sie schlie\u00dflich die Frontt\u00fcr an und sichern Sie die T\u00fcr mit den T\u00fcrverriegelungen.<\/p>\n<p><strong>Achtung!<\/strong> Drehen Sie die Verriegelungen an der Frontplatte erst, wenn die obere und untere Abdeckung vollst\u00e4ndig eingesetzt sind. Andernfalls k\u00f6nnen die Schl\u00f6sser brechen.<\/p>\n<p>Es ist nicht geeignet, das Tier \u00fcber l\u00e4ngere Zeit im K\u00e4fig zu lassen.<\/p>\n<p><strong>Bitte w\u00e4hlen Sie die gew\u00fcnschte Gr\u00f6\u00dfe aus, bevor Sie sie in den Warenkorb legen.<\/strong><\/p>\n","protected":false},"featured_media":6624,"comment_status":"open","ping_status":"closed","template":"","meta":[],"product_brand":[],"product_cat":[728,1493,457],"product_tag":[1440],"class_list":{"0":"post-7336","1":"product","2":"type-product","3":"status-publish","4":"has-post-thumbnail","6":"product_cat-katzen-und-hundezubehor","7":"product_cat-tragetaschen-fur-haustiere","8":"product_cat-unsere-produkte","9":"product_tag-traeger","10":"post","11":"post-with-thumbnail","12":"post-with-thumbnail-large","14":"first","15":"outofstock","16":"taxable","17":"shipping-taxable","18":"product-type-variable"},"_links":{"self":[{"href":"https:\/\/troypetshop.com\/de\/wp-json\/wp\/v2\/product\/7336","targetHints":{"allow":["GET"]}}],"collection":[{"href":"https:\/\/troypetshop.com\/de\/wp-json\/wp\/v2\/product"}],"about":[{"href":"https:\/\/troypetshop.com\/de\/wp-json\/wp\/v2\/types\/product"}],"replies":[{"embeddable":true,"href":"https:\/\/troypetshop.com\/de\/wp-json\/wp\/v2\/comments?post=7336"}],"wp:featuredmedia":[{"embeddable":true,"href":"https:\/\/troypetshop.com\/de\/wp-json\/wp\/v2\/media\/6624"}],"wp:attachment":[{"href":"https:\/\/troypetshop.com\/de\/wp-json\/wp\/v2\/media?parent=7336"}],"wp:term":[{"taxonomy":"product_brand","embeddable":true,"href":"https:\/\/troypetshop.com\/de\/wp-json\/wp\/v2\/product_brand?post=7336"},{"taxonomy":"product_cat","embeddable":true,"href":"https:\/\/troypetshop.com\/de\/wp-json\/wp\/v2\/product_cat?post=7336"},{"taxonomy":"product_tag","embeddable":true,"href":"https:\/\/troypetshop.com\/de\/wp-json\/wp\/v2\/product_tag?post=7336"}],"curies":[{"name":"wp","href":"https:\/\/api.w.org\/{rel}","templated":true}]}}