{"id":7346,"date":"2024-12-22T17:55:03","date_gmt":"2024-12-22T16:55:03","guid":{"rendered":"https:\/\/troypetshop.com\/product\/transparenter-fliegenbeutel-fuer-katzen-und-kleine-hunde\/"},"modified":"2026-02-28T16:43:34","modified_gmt":"2026-02-28T15:43:34","slug":"transparenter-fliegenbeutel-fuer-katzen-und-kleine-hunde","status":"publish","type":"product","link":"https:\/\/troypetshop.com\/de\/product\/transparenter-fliegenbeutel-fuer-katzen-und-kleine-hunde\/","title":{"rendered":"Transparenter Fliegenbeutel f\u00fcr Haustiere"},"content":{"rendered":"","protected":false},"excerpt":{"rendered":"<p>Ideale Tragetasche f\u00fcr Ihre Katzen und Hunde kleiner Rassen. \ud83d\udc08Hergestellt aus transparentem PVC-Material, mit Rei\u00dfverschluss, kann auf der Schulter getragen werden, leicht, einfach zu speichern und praktisch. \ud83d\udc08Der Boden, die Vorderseite und die R\u00fcckseite der Tasche sind farbig. \ud83d\udc08Die Oberseite der Tasche ist aus komplett transparentem Material. \ud83d\udc08Die beiden T\u00fcren haben Luftl\u00f6cher und k\u00f6nnen ge\u00f6ffnet werden.    <\/p>\n<p>Sie ist eine ideale Transportl\u00f6sung f\u00fcr kurze Reisen und Tierarztbesuche. Sie ist jedoch nicht geeignet, um Ihr Haustier f\u00fcr l\u00e4ngere Zeit in der Tasche zu lassen. <\/p>\n<p>Abmessungen: 28(B) x 44(L) x 25(H) cm.<\/p>\n","protected":false},"featured_media":6618,"comment_status":"open","ping_status":"closed","template":"","meta":[],"product_brand":[],"product_cat":[728,1493],"product_tag":[1440],"class_list":{"0":"post-7346","1":"product","2":"type-product","3":"status-publish","4":"has-post-thumbnail","6":"product_cat-katzen-und-hundezubehor","7":"product_cat-tragetaschen-fur-haustiere","8":"product_tag-traeger","9":"post","10":"post-with-thumbnail","11":"post-with-thumbnail-large","13":"first","14":"outofstock","15":"sale","16":"taxable","17":"shipping-taxable","18":"purchasable","19":"product-type-simple"},"_links":{"self":[{"href":"https:\/\/troypetshop.com\/de\/wp-json\/wp\/v2\/product\/7346","targetHints":{"allow":["GET"]}}],"collection":[{"href":"https:\/\/troypetshop.com\/de\/wp-json\/wp\/v2\/product"}],"about":[{"href":"https:\/\/troypetshop.com\/de\/wp-json\/wp\/v2\/types\/product"}],"replies":[{"embeddable":true,"href":"https:\/\/troypetshop.com\/de\/wp-json\/wp\/v2\/comments?post=7346"}],"wp:featuredmedia":[{"embeddable":true,"href":"https:\/\/troypetshop.com\/de\/wp-json\/wp\/v2\/media\/6618"}],"wp:attachment":[{"href":"https:\/\/troypetshop.com\/de\/wp-json\/wp\/v2\/media?parent=7346"}],"wp:term":[{"taxonomy":"product_brand","embeddable":true,"href":"https:\/\/troypetshop.com\/de\/wp-json\/wp\/v2\/product_brand?post=7346"},{"taxonomy":"product_cat","embeddable":true,"href":"https:\/\/troypetshop.com\/de\/wp-json\/wp\/v2\/product_cat?post=7346"},{"taxonomy":"product_tag","embeddable":true,"href":"https:\/\/troypetshop.com\/de\/wp-json\/wp\/v2\/product_tag?post=7346"}],"curies":[{"name":"wp","href":"https:\/\/api.w.org\/{rel}","templated":true}]}}