{"id":7871,"date":"2025-05-15T19:40:13","date_gmt":"2025-05-15T17:40:13","guid":{"rendered":"https:\/\/troypetshop.com\/?post_type=product&#038;p=7871"},"modified":"2026-02-28T16:53:06","modified_gmt":"2026-02-28T15:53:06","slug":"hundefuhrleine","status":"publish","type":"product","link":"https:\/\/troypetshop.com\/de\/product\/hundefuhrleine\/","title":{"rendered":"Hundespaziergangsleine"},"content":{"rendered":"","protected":false},"excerpt":{"rendered":"<ul>\n<li>Einfaches und robustes Design<\/li>\n<li>Klassische 120cm lange Leine<\/li>\n<li>Zuverl\u00e4ssig, langlebig<\/li>\n<li>Bietet eine effektive Kontrolle \u00fcber Ihren Hund<\/li>\n<\/ul>\n<p>Die Nunbell Pet Leash ist eine robuste Nylonleine mit einem praktischen, drehbaren Clip am Ende. Sie eignet sich f\u00fcr alle Hunde und ist in einer Vielzahl von Farben erh\u00e4ltlich. Das Ende der Leine hat einen starken Drehkarabiner f\u00fcr sicheres Gassigehen. Das Material ist an den Belastungspunkten doppelt gen\u00e4ht!    The highest quality materials are used for added durability and the metal accessories are nickel plated. Achtung! Wir empfehlen, dass die Breite des Laufgeschirrs mit der Breite des von Ihnen gew\u00e4hlten Hals- und Brusthalsbandes \u00fcbereinstimmt. Bitte lassen Sie Ihren Hund niemals angebunden. Vielen Dank, dass Sie sich um die Sicherheit Ihres Hundes k\u00fcmmern!  <\/p>\n<p>L\u00e4nge = 120 cm und Breite der Leinen sind 1,5 cm &#8211; 2,0 cm &#8211; 2,5 cm<\/p>\n<p><strong>Bitte w\u00e4hlen Sie Farbe und Gr\u00f6\u00dfe, bevor Sie sie in den Warenkorb legen.  <\/strong><\/p>\n<p id=\"title\" class=\"a-size-large a-spacing-none\">\n","protected":false},"featured_media":8038,"comment_status":"open","ping_status":"closed","template":"","meta":[],"product_brand":[],"product_cat":[472,473,535,457],"product_tag":[592,591,593],"class_list":{"0":"post-7871","1":"product","2":"type-product","3":"status-publish","4":"has-post-thumbnail","6":"product_cat-hund","7":"product_cat-hundehalsbander-leinen","8":"product_cat-hundeleinen","9":"product_cat-unsere-produkte","10":"product_tag-langer-spaziergang","11":"product_tag-leine","12":"product_tag-weiches-polyester","13":"post","14":"post-with-thumbnail","15":"post-with-thumbnail-large","17":"first","18":"instock","19":"sale","20":"taxable","21":"shipping-taxable","22":"purchasable","23":"product-type-variable"},"_links":{"self":[{"href":"https:\/\/troypetshop.com\/de\/wp-json\/wp\/v2\/product\/7871","targetHints":{"allow":["GET"]}}],"collection":[{"href":"https:\/\/troypetshop.com\/de\/wp-json\/wp\/v2\/product"}],"about":[{"href":"https:\/\/troypetshop.com\/de\/wp-json\/wp\/v2\/types\/product"}],"replies":[{"embeddable":true,"href":"https:\/\/troypetshop.com\/de\/wp-json\/wp\/v2\/comments?post=7871"}],"wp:featuredmedia":[{"embeddable":true,"href":"https:\/\/troypetshop.com\/de\/wp-json\/wp\/v2\/media\/8038"}],"wp:attachment":[{"href":"https:\/\/troypetshop.com\/de\/wp-json\/wp\/v2\/media?parent=7871"}],"wp:term":[{"taxonomy":"product_brand","embeddable":true,"href":"https:\/\/troypetshop.com\/de\/wp-json\/wp\/v2\/product_brand?post=7871"},{"taxonomy":"product_cat","embeddable":true,"href":"https:\/\/troypetshop.com\/de\/wp-json\/wp\/v2\/product_cat?post=7871"},{"taxonomy":"product_tag","embeddable":true,"href":"https:\/\/troypetshop.com\/de\/wp-json\/wp\/v2\/product_tag?post=7871"}],"curies":[{"name":"wp","href":"https:\/\/api.w.org\/{rel}","templated":true}]}}