{"id":8163,"date":"2025-05-19T21:35:56","date_gmt":"2025-05-19T19:35:56","guid":{"rendered":"https:\/\/troypetshop.com\/?post_type=product&#038;p=8163"},"modified":"2026-02-28T16:53:09","modified_gmt":"2026-02-28T15:53:09","slug":"kunststofftragetaschen-fur-haustiere-copy","status":"publish","type":"product","link":"https:\/\/troypetshop.com\/de\/product\/kunststofftragetaschen-fur-haustiere-copy\/","title":{"rendered":"Kunststofftragetaschen f\u00fcr Haustiere"},"content":{"rendered":"","protected":false},"excerpt":{"rendered":"<p>Leichte Kunststofft\u00fcr f\u00fcr kleine Tiere und Metallt\u00fcr f\u00fcr gro\u00dfe Tiere. An der Oberseite des Wagens befinden sich zahlreiche L\u00f6cher, damit die Tiere atmen k\u00f6nnen. Dank des Schiebesystems l\u00e4sst sich der Transport leicht \u00f6ffnen und schlie\u00dfen. Leichte und robuste Produktstruktur. Bequeme Tragf\u00e4higkeit von bis zu 6 kg f\u00fcr kleine und 12 kg f\u00fcr gro\u00dfe Tiere.    <\/p>\n<ul>\n<li>Kleine Gr\u00f6\u00dfe Abmessungen: 48 x 32 x 28 cm<\/li>\n<li>Gro\u00dfe Gr\u00f6\u00dfe Abmessungen: 58 x 37 x 37 cm<\/li>\n<\/ul>\n<p>Es ist nicht geeignet, das Tier \u00fcber l\u00e4ngere Zeit im K\u00e4fig zu lassen.<\/p>\n<p><strong>Bitte w\u00e4hlen Sie die gew\u00fcnschte Gr\u00f6\u00dfe aus, bevor Sie sie in den Warenkorb legen.<\/strong><\/p>\n","protected":false},"featured_media":8174,"comment_status":"open","ping_status":"closed","template":"","meta":[],"product_brand":[],"product_cat":[728,1493,457],"product_tag":[543,675,1440],"class_list":{"0":"post-8163","1":"product","2":"type-product","3":"status-publish","4":"has-post-thumbnail","6":"product_cat-katzen-und-hundezubehor","7":"product_cat-tragetaschen-fur-haustiere","8":"product_cat-unsere-produkte","9":"product_tag-cat-de","10":"product_tag-hund","11":"product_tag-traeger","12":"post","13":"post-with-thumbnail","14":"post-with-thumbnail-large","16":"first","17":"instock","18":"sale","19":"taxable","20":"shipping-taxable","21":"purchasable","22":"product-type-variable"},"_links":{"self":[{"href":"https:\/\/troypetshop.com\/de\/wp-json\/wp\/v2\/product\/8163","targetHints":{"allow":["GET"]}}],"collection":[{"href":"https:\/\/troypetshop.com\/de\/wp-json\/wp\/v2\/product"}],"about":[{"href":"https:\/\/troypetshop.com\/de\/wp-json\/wp\/v2\/types\/product"}],"replies":[{"embeddable":true,"href":"https:\/\/troypetshop.com\/de\/wp-json\/wp\/v2\/comments?post=8163"}],"wp:featuredmedia":[{"embeddable":true,"href":"https:\/\/troypetshop.com\/de\/wp-json\/wp\/v2\/media\/8174"}],"wp:attachment":[{"href":"https:\/\/troypetshop.com\/de\/wp-json\/wp\/v2\/media?parent=8163"}],"wp:term":[{"taxonomy":"product_brand","embeddable":true,"href":"https:\/\/troypetshop.com\/de\/wp-json\/wp\/v2\/product_brand?post=8163"},{"taxonomy":"product_cat","embeddable":true,"href":"https:\/\/troypetshop.com\/de\/wp-json\/wp\/v2\/product_cat?post=8163"},{"taxonomy":"product_tag","embeddable":true,"href":"https:\/\/troypetshop.com\/de\/wp-json\/wp\/v2\/product_tag?post=8163"}],"curies":[{"name":"wp","href":"https:\/\/api.w.org\/{rel}","templated":true}]}}