{"id":8239,"date":"2025-05-20T16:28:23","date_gmt":"2025-05-20T14:28:23","guid":{"rendered":"https:\/\/troypetshop.com\/?post_type=product&#038;p=8239"},"modified":"2026-02-28T16:53:09","modified_gmt":"2026-02-28T15:53:09","slug":"katze-offene-toilettenschussel","status":"publish","type":"product","link":"https:\/\/troypetshop.com\/de\/product\/katze-offene-toilettenschussel\/","title":{"rendered":"Katze offene Toilettensch\u00fcssel"},"content":{"rendered":"","protected":false},"excerpt":{"rendered":"<p><strong>Offene Katzentoilette<\/strong><br \/>\nDie R\u00fcckseite des Beh\u00e4lters ist h\u00f6her als die Vorderseite. Auf diese Weise machen unsere Katzen weniger Unordnung, wenn sie in der Bentonitstreu w\u00fchlen.<br \/>\nHergestellt aus flexiblem und haltbarem Kunststoff.<br \/>\nEs wird 100% emissionsfreies Material verwendet, Sie k\u00f6nnen es sicher verwenden.<br \/>\nZur Reinigung brauchen Sie nur warmes Wasser und Seife zu verwenden.<br \/>\nDas Produkt wird mit einer Geschenkschaufel geliefert.<br \/>\nMit der mitgelieferten Schaufel k\u00f6nnen Sie Kot und Urin leicht durchsieben.<\/p>\n<p><strong>Produktabmessungen:<\/strong><\/p>\n<p><strong>Kleine Gr\u00f6\u00dfe;<\/strong> 42x30x18cm<br \/>\nL\u00e4nge: 42 cm<br \/>\nBreite: 30 cm<br \/>\nH\u00f6he hinten: 18 cm<\/p>\n<p><strong>Gro\u00dfe Gr\u00f6\u00dfe;<\/strong> 42x30x18cm<br \/>\nL\u00e4nge: 50 cm<br \/>\nBreite: 35 cm<br \/>\nH\u00f6he R\u00fccken: 22 cm<\/p>\n<p><strong>Bitte w\u00e4hlen Sie die gew\u00fcnschte Gr\u00f6\u00dfe, bevor Sie sie in den Warenkorb legen.<\/strong><\/p>\n","protected":false},"featured_media":8256,"comment_status":"open","ping_status":"closed","template":"","meta":[],"product_brand":[],"product_cat":[508,1461,457],"product_tag":[543,1924,1444],"class_list":{"0":"post-8239","1":"product","2":"type-product","3":"status-publish","4":"has-post-thumbnail","6":"product_cat-katze","7":"product_cat-katze-offene-toilettenbox","8":"product_cat-unsere-produkte","9":"product_tag-cat-de","10":"product_tag-katzentoilette-de","11":"product_tag-katzentoilette","12":"post","13":"post-with-thumbnail","14":"post-with-thumbnail-large","16":"first","17":"instock","18":"sale","19":"taxable","20":"shipping-taxable","21":"purchasable","22":"product-type-variable"},"_links":{"self":[{"href":"https:\/\/troypetshop.com\/de\/wp-json\/wp\/v2\/product\/8239","targetHints":{"allow":["GET"]}}],"collection":[{"href":"https:\/\/troypetshop.com\/de\/wp-json\/wp\/v2\/product"}],"about":[{"href":"https:\/\/troypetshop.com\/de\/wp-json\/wp\/v2\/types\/product"}],"replies":[{"embeddable":true,"href":"https:\/\/troypetshop.com\/de\/wp-json\/wp\/v2\/comments?post=8239"}],"wp:featuredmedia":[{"embeddable":true,"href":"https:\/\/troypetshop.com\/de\/wp-json\/wp\/v2\/media\/8256"}],"wp:attachment":[{"href":"https:\/\/troypetshop.com\/de\/wp-json\/wp\/v2\/media?parent=8239"}],"wp:term":[{"taxonomy":"product_brand","embeddable":true,"href":"https:\/\/troypetshop.com\/de\/wp-json\/wp\/v2\/product_brand?post=8239"},{"taxonomy":"product_cat","embeddable":true,"href":"https:\/\/troypetshop.com\/de\/wp-json\/wp\/v2\/product_cat?post=8239"},{"taxonomy":"product_tag","embeddable":true,"href":"https:\/\/troypetshop.com\/de\/wp-json\/wp\/v2\/product_tag?post=8239"}],"curies":[{"name":"wp","href":"https:\/\/api.w.org\/{rel}","templated":true}]}}