{"id":8404,"date":"2025-05-23T16:22:37","date_gmt":"2025-05-23T14:22:37","guid":{"rendered":"https:\/\/troypetshop.com\/?post_type=product&#038;p=8404"},"modified":"2026-02-28T16:53:11","modified_gmt":"2026-02-28T15:53:11","slug":"nunbell-hundegeschirr","status":"publish","type":"product","link":"https:\/\/troypetshop.com\/de\/product\/nunbell-hundegeschirr\/","title":{"rendered":"Nunbell Hundegeschirr"},"content":{"rendered":"","protected":false},"excerpt":{"rendered":"<ul>\n<li>Verstellbares Hundegeschirr:<\/li>\n<li>Das Geschirr unseres Unternehmens ist ein Hundegeschirr aus hochwertigem Stoff und strapazierf\u00e4higem Material und das Metallzubeh\u00f6r ist vernickelt. Dieses Geschirr wurde entwickelt, um einen sicheren und bequemen Sitz zu gew\u00e4hrleisten und jeden Spaziergang angenehm und sicher zu machen.<\/li>\n<li>Erh\u00e4ltlich in den Farben Schwarz, Grau D.Blau, Marineblau, T\u00fcrkis und Rot.<\/li>\n<li>Die F\u00fchrleine muss separat bestellt werden.<\/li>\n<\/ul>\n<ul>\n<li><strong>1.5cm Step-in Harness<\/strong><br \/>\nTaille: 37-46 cm<\/li>\n<li><strong>2.0cm Step-in Harness<\/strong><br \/>\nTaille: 40-61 cm<\/li>\n<li><strong>2.5cm Step-in Harness<\/strong><br \/>\nTaille: 53-74 cm<\/li>\n<\/ul>\n<p>*Alle Gr\u00f6\u00dfen werden von Hand gemessen<\/p>\n<p><strong>Bitte w\u00e4hlen Sie die gew\u00fcnschte Farbe und Gr\u00f6\u00dfe, bevor Sie sie in den Warenkorb legen. <\/strong><\/p>\n","protected":false},"featured_media":8649,"comment_status":"open","ping_status":"closed","template":"","meta":[],"product_brand":[1701],"product_cat":[534,1730,472],"product_tag":[623,624,744,476],"class_list":{"0":"post-8404","1":"product","2":"type-product","3":"status-publish","4":"has-post-thumbnail","6":"product_brand-viva","7":"product_cat-brusthalsbaender","8":"product_cat-gurtzeug","9":"product_cat-hund","10":"product_tag-brust","11":"product_tag-einstellbar","12":"product_tag-gurtzeug","13":"product_tag-kragen","14":"post","15":"post-with-thumbnail","16":"post-with-thumbnail-large","18":"first","19":"instock","20":"sale","21":"taxable","22":"shipping-taxable","23":"purchasable","24":"product-type-variable"},"_links":{"self":[{"href":"https:\/\/troypetshop.com\/de\/wp-json\/wp\/v2\/product\/8404","targetHints":{"allow":["GET"]}}],"collection":[{"href":"https:\/\/troypetshop.com\/de\/wp-json\/wp\/v2\/product"}],"about":[{"href":"https:\/\/troypetshop.com\/de\/wp-json\/wp\/v2\/types\/product"}],"replies":[{"embeddable":true,"href":"https:\/\/troypetshop.com\/de\/wp-json\/wp\/v2\/comments?post=8404"}],"wp:featuredmedia":[{"embeddable":true,"href":"https:\/\/troypetshop.com\/de\/wp-json\/wp\/v2\/media\/8649"}],"wp:attachment":[{"href":"https:\/\/troypetshop.com\/de\/wp-json\/wp\/v2\/media?parent=8404"}],"wp:term":[{"taxonomy":"product_brand","embeddable":true,"href":"https:\/\/troypetshop.com\/de\/wp-json\/wp\/v2\/product_brand?post=8404"},{"taxonomy":"product_cat","embeddable":true,"href":"https:\/\/troypetshop.com\/de\/wp-json\/wp\/v2\/product_cat?post=8404"},{"taxonomy":"product_tag","embeddable":true,"href":"https:\/\/troypetshop.com\/de\/wp-json\/wp\/v2\/product_tag?post=8404"}],"curies":[{"name":"wp","href":"https:\/\/api.w.org\/{rel}","templated":true}]}}