{"id":8786,"date":"2025-05-29T17:20:57","date_gmt":"2025-05-29T14:20:57","guid":{"rendered":"https:\/\/troypetshop.com\/?post_type=product&#038;p=8786"},"modified":"2026-04-06T14:37:22","modified_gmt":"2026-04-06T12:37:22","slug":"autositz-und-bett","status":"publish","type":"product","link":"https:\/\/troypetshop.com\/de\/product\/autositz-und-bett\/","title":{"rendered":"Autositz und Bett"},"content":{"rendered":"","protected":false},"excerpt":{"rendered":"<p>Premium Autositz und Bett f\u00fcr Haustiere<\/p>\n<p>Sorgt f\u00fcr eine sichere und bequeme Reise f\u00fcr Ihr Haustier. Das Reisebett ist aus hochwertigem, wasserabweisendem Stoff gefertigt, der eine einfache Reinigung und Sauberhaltung erm\u00f6glicht. Das Innenfutter ist komplett herausnehmbar und l\u00e4sst sich leicht waschen und reinigen. Der \u00e4u\u00dfere Bezug ist bei 30C\u00b0 in der Maschine waschbar. Die Unterseite des Hundebettes ist mit rutschfestem Ton beschichtet.<\/p>\n<p>Es kann im Auto mit Gurten an den Vorder- und R\u00fccksitzen befestigt werden. Alternativ kann das Geschirr des Hundes an einem Karabinerhaken befestigt werden, um eine gr\u00f6\u00dfere Sicherheit mit eingebautem Sicherheitsgurt zu gew\u00e4hrleisten.<\/p>\n<p>Er hat gro\u00dfe Taschen an den Seiten.<\/p>\n<p><strong><b>Abmessungen:<\/b><\/strong><br \/>\nBettgr\u00f6\u00dfe: 55\u00d750 cm<br \/>\nKissengr\u00f6\u00dfe: 46\u00d740 cm<br \/>\nH\u00f6he: Seiten: 15 cm; R\u00fcckenlehne: 32 cmKatzenspielzeug<\/p>\n<p><strong><b>Bitte w\u00e4hlen Sie eine Farbe aus, bevor Sie den Artikel in den Warenkorb legen<\/b><\/strong><\/p>\n","protected":false},"featured_media":8765,"comment_status":"open","ping_status":"closed","template":"","meta":[],"product_brand":[],"product_cat":[2341,512,472,523,508,728],"product_tag":[1906,543,676,675,797,1607,1610],"class_list":{"0":"post-8786","1":"product","2":"type-product","3":"status-publish","4":"has-post-thumbnail","6":"product_cat-autositz","7":"product_cat-betten","8":"product_cat-hund","9":"product_cat-hundebetten-haeuser","10":"product_cat-katze","11":"product_cat-katzen-und-hundezubehor","12":"product_tag-autositz","13":"product_tag-cat-de","14":"product_tag-haustier","15":"product_tag-hund","16":"product_tag-kleine-hunderasse","17":"product_tag-sicher","18":"product_tag-sicherheitsgurt","19":"post","20":"post-with-thumbnail","21":"post-with-thumbnail-large","23":"first","24":"instock","25":"sale","26":"taxable","27":"shipping-taxable","28":"purchasable","29":"product-type-variable"},"_links":{"self":[{"href":"https:\/\/troypetshop.com\/de\/wp-json\/wp\/v2\/product\/8786","targetHints":{"allow":["GET"]}}],"collection":[{"href":"https:\/\/troypetshop.com\/de\/wp-json\/wp\/v2\/product"}],"about":[{"href":"https:\/\/troypetshop.com\/de\/wp-json\/wp\/v2\/types\/product"}],"replies":[{"embeddable":true,"href":"https:\/\/troypetshop.com\/de\/wp-json\/wp\/v2\/comments?post=8786"}],"wp:featuredmedia":[{"embeddable":true,"href":"https:\/\/troypetshop.com\/de\/wp-json\/wp\/v2\/media\/8765"}],"wp:attachment":[{"href":"https:\/\/troypetshop.com\/de\/wp-json\/wp\/v2\/media?parent=8786"}],"wp:term":[{"taxonomy":"product_brand","embeddable":true,"href":"https:\/\/troypetshop.com\/de\/wp-json\/wp\/v2\/product_brand?post=8786"},{"taxonomy":"product_cat","embeddable":true,"href":"https:\/\/troypetshop.com\/de\/wp-json\/wp\/v2\/product_cat?post=8786"},{"taxonomy":"product_tag","embeddable":true,"href":"https:\/\/troypetshop.com\/de\/wp-json\/wp\/v2\/product_tag?post=8786"}],"curies":[{"name":"wp","href":"https:\/\/api.w.org\/{rel}","templated":true}]}}