{"id":8798,"date":"2025-05-25T18:59:16","date_gmt":"2025-05-25T16:59:16","guid":{"rendered":"https:\/\/troypetshop.com\/?post_type=product&#038;p=8798"},"modified":"2026-02-28T16:53:13","modified_gmt":"2026-02-28T15:53:13","slug":"haustierhaus","status":"publish","type":"product","link":"https:\/\/troypetshop.com\/de\/product\/haustierhaus\/","title":{"rendered":"Haustierhaus"},"content":{"rendered":"","protected":false},"excerpt":{"rendered":"<p>Sch\u00f6nes faltbares Hausbett, passend f\u00fcr kleine Hunde und Katzen. Bietet einen bequemen und warmen Platz f\u00fcr Ihr Haustier zum Ausruhen, Schlafen und Spielen, kann zerlegt und leicht gereinigt werden, um die Gesundheit von Haustieren effektiv zu erhalten, Das Bodenpolster ist zur bequemen Reinigung abnehmbar. Sein innovatives Doppeldach-Design sorgt f\u00fcr zus\u00e4tzliche Bel\u00fcftung und Komfort und ist gleichzeitig leicht zu falten und zu transportieren.<\/p>\n<ul>\n<li>Der Zwinger ist ger\u00e4umig und perfekt f\u00fcr gro\u00dfe Katzenrassen oder kleine Hunde.<\/li>\n<li>Dieses Haus bietet Ihrem Hund einen sicheren und dauerhaften Unterschlupf und ist auch eine hervorragende L\u00f6sung f\u00fcr Katzen.<\/li>\n<li>Das Haus ist abnehmbar und wurde entworfen, um den Komfort Ihres Freundes zu verbessern.<\/li>\n<li>Er ist aus weichem Filz gefertigt und l\u00e4sst sich dank des Rei\u00dfverschlusses leicht zerlegen, so dass er keinen Platz wegnimmt, wenn er nicht gebraucht wird.<\/li>\n<li>Sein geringes Gewicht (ca. 1 kg) erm\u00f6glicht es Ihnen, ihn problemlos in alle Bereiche des Hauses zu bringen.<\/li>\n<li>Farben: Lila und Dunkelblau<\/li>\n<\/ul>\n<p>Abmessungen: L\u00e4nge 55 cm, Breite 40 cm, H\u00f6he 45 cm<\/p>\n<p><strong>Bitte w\u00e4hlen Sie eine Farbe, bevor Sie sie in den Warenkorb legen. <\/strong><\/p>\n","protected":false},"featured_media":8696,"comment_status":"open","ping_status":"closed","template":"","meta":[],"product_brand":[1701],"product_cat":[472,523,508,728,759],"product_tag":[1921,844,1909],"class_list":{"0":"post-8798","1":"product","2":"type-product","3":"status-publish","4":"has-post-thumbnail","6":"product_brand-viva","7":"product_cat-hund","8":"product_cat-hundebetten-haeuser","9":"product_cat-katze","10":"product_cat-katzen-und-hundezubehor","11":"product_cat-katzenhaus-und-kratzbaum","12":"product_tag-hausbett","13":"product_tag-innenbereich","14":"product_tag-sauberer-ort","15":"post","16":"post-with-thumbnail","17":"post-with-thumbnail-large","19":"first","20":"instock","21":"sale","22":"taxable","23":"shipping-taxable","24":"purchasable","25":"product-type-variable"},"_links":{"self":[{"href":"https:\/\/troypetshop.com\/de\/wp-json\/wp\/v2\/product\/8798","targetHints":{"allow":["GET"]}}],"collection":[{"href":"https:\/\/troypetshop.com\/de\/wp-json\/wp\/v2\/product"}],"about":[{"href":"https:\/\/troypetshop.com\/de\/wp-json\/wp\/v2\/types\/product"}],"replies":[{"embeddable":true,"href":"https:\/\/troypetshop.com\/de\/wp-json\/wp\/v2\/comments?post=8798"}],"wp:featuredmedia":[{"embeddable":true,"href":"https:\/\/troypetshop.com\/de\/wp-json\/wp\/v2\/media\/8696"}],"wp:attachment":[{"href":"https:\/\/troypetshop.com\/de\/wp-json\/wp\/v2\/media?parent=8798"}],"wp:term":[{"taxonomy":"product_brand","embeddable":true,"href":"https:\/\/troypetshop.com\/de\/wp-json\/wp\/v2\/product_brand?post=8798"},{"taxonomy":"product_cat","embeddable":true,"href":"https:\/\/troypetshop.com\/de\/wp-json\/wp\/v2\/product_cat?post=8798"},{"taxonomy":"product_tag","embeddable":true,"href":"https:\/\/troypetshop.com\/de\/wp-json\/wp\/v2\/product_tag?post=8798"}],"curies":[{"name":"wp","href":"https:\/\/api.w.org\/{rel}","templated":true}]}}