{"id":8806,"date":"2025-05-25T13:44:56","date_gmt":"2025-05-25T11:44:56","guid":{"rendered":"https:\/\/troypetshop.com\/?post_type=product&#038;p=8806"},"modified":"2026-02-28T16:53:13","modified_gmt":"2026-02-28T15:53:13","slug":"haustier-namensschild","status":"publish","type":"product","link":"https:\/\/troypetshop.com\/de\/product\/haustier-namensschild\/","title":{"rendered":"Haustier Namensschild"},"content":{"rendered":"","protected":false},"excerpt":{"rendered":"<p>Nunbell Edelstahl Namensschild f\u00fcr Haustiere mit Knochenform:<\/p>\n<p>Wenn Ihr Hund oder Ihre Katze verloren geht, k\u00f6nnen Informationen helfen, sie schnell zu ihrem Besitzer zur\u00fcckzubringen.<\/p>\n<p>Das Nunbell Haustier-Namensschild ist ein stilvolles und langlebiges Identifikations-Accessoire, das sowohl praktisch als auch \u00e4sthetisch ist und es Ihnen erm\u00f6glicht, den Namen Ihres Haustiers einfach zu platzieren. Der Anh\u00e4nger ist aus korrosions- und witterungsbest\u00e4ndigem Edelstahl gefertigt und garantiert eine lange Lebensdauer.<\/p>\n<p>Abmessungen: 46 x 30 x 2 mm<br \/>\nErh\u00e4ltlich in 4 Farben: Rot, Blau, Rosa und Schwarz.<\/p>\n","protected":false},"featured_media":8683,"comment_status":"open","ping_status":"closed","template":"","meta":[],"product_brand":[],"product_cat":[472,508,728],"product_tag":[543,675,1900,1903,1930,888],"class_list":{"0":"post-8806","1":"product","2":"type-product","3":"status-publish","4":"has-post-thumbnail","6":"product_cat-hund","7":"product_cat-katze","8":"product_cat-katzen-und-hundezubehor","9":"product_tag-cat-de","10":"product_tag-hund","11":"product_tag-namensschild","12":"product_tag-nunbell-de","13":"product_tag-rostfrei","14":"product_tag-stahl","15":"post","16":"post-with-thumbnail","17":"post-with-thumbnail-large","19":"first","20":"instock","21":"sale","22":"taxable","23":"shipping-taxable","24":"purchasable","25":"product-type-variable"},"_links":{"self":[{"href":"https:\/\/troypetshop.com\/de\/wp-json\/wp\/v2\/product\/8806","targetHints":{"allow":["GET"]}}],"collection":[{"href":"https:\/\/troypetshop.com\/de\/wp-json\/wp\/v2\/product"}],"about":[{"href":"https:\/\/troypetshop.com\/de\/wp-json\/wp\/v2\/types\/product"}],"replies":[{"embeddable":true,"href":"https:\/\/troypetshop.com\/de\/wp-json\/wp\/v2\/comments?post=8806"}],"wp:featuredmedia":[{"embeddable":true,"href":"https:\/\/troypetshop.com\/de\/wp-json\/wp\/v2\/media\/8683"}],"wp:attachment":[{"href":"https:\/\/troypetshop.com\/de\/wp-json\/wp\/v2\/media?parent=8806"}],"wp:term":[{"taxonomy":"product_brand","embeddable":true,"href":"https:\/\/troypetshop.com\/de\/wp-json\/wp\/v2\/product_brand?post=8806"},{"taxonomy":"product_cat","embeddable":true,"href":"https:\/\/troypetshop.com\/de\/wp-json\/wp\/v2\/product_cat?post=8806"},{"taxonomy":"product_tag","embeddable":true,"href":"https:\/\/troypetshop.com\/de\/wp-json\/wp\/v2\/product_tag?post=8806"}],"curies":[{"name":"wp","href":"https:\/\/api.w.org\/{rel}","templated":true}]}}