{"id":8826,"date":"2025-05-22T22:36:02","date_gmt":"2025-05-22T20:36:02","guid":{"rendered":"https:\/\/troypetshop.com\/product\/gitter-zur-isolierung-von-haustieren\/"},"modified":"2026-02-28T16:53:14","modified_gmt":"2026-02-28T15:53:14","slug":"gitter-zur-isolierung-von-haustieren","status":"publish","type":"product","link":"https:\/\/troypetshop.com\/de\/product\/gitter-zur-isolierung-von-haustieren\/","title":{"rendered":"Gitter zur Isolierung von Haustieren"},"content":{"rendered":"","protected":false},"excerpt":{"rendered":"<p class=\"product_title entry-title wd-entities-title\">Netzgitter zur Isolierung von Haustieren:<\/p>\n<p>110 x 72 cm und 180 x 72 cm Treppenschutzgitter, T\u00fcrschutzgitter, Absperrgitter f\u00fcr Haustiere, Hunde, Katzen, Hundet\u00fcrschutzgitter, f\u00fcr Haustiere, Hunde und Babies.<\/p>\n","protected":false},"featured_media":8331,"comment_status":"open","ping_status":"closed","template":"","meta":[],"product_brand":[],"product_cat":[2344,728],"product_tag":[2354,676,2366],"class_list":{"0":"post-8826","1":"product","2":"type-product","3":"status-publish","4":"has-post-thumbnail","6":"product_cat-haustier-isoliergitter","7":"product_cat-katzen-und-hundezubehor","8":"product_tag-barriere","9":"product_tag-haustier","10":"product_tag-isolierung","11":"post","12":"post-with-thumbnail","13":"post-with-thumbnail-large","15":"first","16":"instock","17":"sale","18":"taxable","19":"shipping-taxable","20":"purchasable","21":"product-type-variable"},"_links":{"self":[{"href":"https:\/\/troypetshop.com\/de\/wp-json\/wp\/v2\/product\/8826","targetHints":{"allow":["GET"]}}],"collection":[{"href":"https:\/\/troypetshop.com\/de\/wp-json\/wp\/v2\/product"}],"about":[{"href":"https:\/\/troypetshop.com\/de\/wp-json\/wp\/v2\/types\/product"}],"replies":[{"embeddable":true,"href":"https:\/\/troypetshop.com\/de\/wp-json\/wp\/v2\/comments?post=8826"}],"wp:featuredmedia":[{"embeddable":true,"href":"https:\/\/troypetshop.com\/de\/wp-json\/wp\/v2\/media\/8331"}],"wp:attachment":[{"href":"https:\/\/troypetshop.com\/de\/wp-json\/wp\/v2\/media?parent=8826"}],"wp:term":[{"taxonomy":"product_brand","embeddable":true,"href":"https:\/\/troypetshop.com\/de\/wp-json\/wp\/v2\/product_brand?post=8826"},{"taxonomy":"product_cat","embeddable":true,"href":"https:\/\/troypetshop.com\/de\/wp-json\/wp\/v2\/product_cat?post=8826"},{"taxonomy":"product_tag","embeddable":true,"href":"https:\/\/troypetshop.com\/de\/wp-json\/wp\/v2\/product_tag?post=8826"}],"curies":[{"name":"wp","href":"https:\/\/api.w.org\/{rel}","templated":true}]}}