{"id":8830,"date":"2025-05-22T20:40:36","date_gmt":"2025-05-22T18:40:36","guid":{"rendered":"https:\/\/troypetshop.com\/product\/denim-katzentransportrucksack\/"},"modified":"2026-02-28T16:42:25","modified_gmt":"2026-02-28T15:42:25","slug":"denim-katzentransportrucksack","status":"publish","type":"product","link":"https:\/\/troypetshop.com\/de\/product\/denim-katzentransportrucksack\/","title":{"rendered":"Denim Katzentransportrucksack"},"content":{"rendered":"","protected":false},"excerpt":{"rendered":"<p>Eigenschaften:<br \/>\nEin gem\u00fctlicher Platz f\u00fcr Ihre Katze, an dem sie sicher ist, w\u00e4hrend Sie mit ihr unterwegs sind.<br \/>\nEgal, ob Sie es von vorne oder von hinten tragen, es macht es einfach, Ihr Haustier beim Spazierengehen, Reisen, Radfahren und Wandern usw. zu transportieren. Es ist leicht zu transportieren.<br \/>\nGeeignet f\u00fcr Katzen, Hunde, Kaninchen und andere Kleintiere. <\/p>\n<p><strong>Gr\u00f6\u00dfe: Ca.: 32x25x39cm \/ 12.60&#215;9.84&#215;15.35inch <\/strong><\/p>\n<p>&nbsp;<\/p>\n<p id=\"title\" class=\"a-size-large a-spacing-none\">\n","protected":false},"featured_media":8293,"comment_status":"open","ping_status":"closed","template":"","meta":[],"product_brand":[],"product_cat":[472,508,728,1493],"product_tag":[1759,676,1758,1440],"class_list":{"0":"post-8830","1":"product","2":"type-product","3":"status-publish","4":"has-post-thumbnail","6":"product_cat-hund","7":"product_cat-katze","8":"product_cat-katzen-und-hundezubehor","9":"product_cat-tragetaschen-fur-haustiere","10":"product_tag-denim-de","11":"product_tag-haustier","12":"product_tag-rucksack","13":"product_tag-traeger","14":"post","15":"post-with-thumbnail","16":"post-with-thumbnail-large","18":"first","19":"instock","20":"sale","21":"taxable","22":"shipping-taxable","23":"purchasable","24":"product-type-simple"},"_links":{"self":[{"href":"https:\/\/troypetshop.com\/de\/wp-json\/wp\/v2\/product\/8830","targetHints":{"allow":["GET"]}}],"collection":[{"href":"https:\/\/troypetshop.com\/de\/wp-json\/wp\/v2\/product"}],"about":[{"href":"https:\/\/troypetshop.com\/de\/wp-json\/wp\/v2\/types\/product"}],"replies":[{"embeddable":true,"href":"https:\/\/troypetshop.com\/de\/wp-json\/wp\/v2\/comments?post=8830"}],"wp:featuredmedia":[{"embeddable":true,"href":"https:\/\/troypetshop.com\/de\/wp-json\/wp\/v2\/media\/8293"}],"wp:attachment":[{"href":"https:\/\/troypetshop.com\/de\/wp-json\/wp\/v2\/media?parent=8830"}],"wp:term":[{"taxonomy":"product_brand","embeddable":true,"href":"https:\/\/troypetshop.com\/de\/wp-json\/wp\/v2\/product_brand?post=8830"},{"taxonomy":"product_cat","embeddable":true,"href":"https:\/\/troypetshop.com\/de\/wp-json\/wp\/v2\/product_cat?post=8830"},{"taxonomy":"product_tag","embeddable":true,"href":"https:\/\/troypetshop.com\/de\/wp-json\/wp\/v2\/product_tag?post=8830"}],"curies":[{"name":"wp","href":"https:\/\/api.w.org\/{rel}","templated":true}]}}