{"id":8842,"date":"2025-05-18T15:11:14","date_gmt":"2025-05-18T13:11:14","guid":{"rendered":"https:\/\/troypetshop.com\/product\/nunbell-katzen-schutznetz\/"},"modified":"2026-02-28T16:53:17","modified_gmt":"2026-02-28T15:53:17","slug":"nunbell-katzen-schutznetz","status":"publish","type":"product","link":"https:\/\/troypetshop.com\/de\/product\/nunbell-katzen-schutznetz\/","title":{"rendered":"Nunbell Katzen-Schutznetz"},"content":{"rendered":"","protected":false},"excerpt":{"rendered":"<p>Katzen sind nat\u00fcrliche Entdecker und lieben die freie Natur. Katzenschutznetze verhindern, dass die Katze aus dem Fenster oder vom Balkon springt oder f\u00e4llt. <\/p>\n<p>Hergestellt aus UV-best\u00e4ndigem Nylon<\/p>\n<p>Schutznetzgr\u00f6\u00dfen : 3x4m, 3x6m, 3x8m<\/p>\n<p><strong>Bitte w\u00e4hlen Sie die Netto-Gr\u00f6\u00dfe, bevor Sie sie in den Warenkorb legen.<\/strong><\/p>\n","protected":false},"featured_media":8149,"comment_status":"open","ping_status":"closed","template":"","meta":[],"product_brand":[],"product_cat":[508],"product_tag":[543,1787,1786],"class_list":{"0":"post-8842","1":"product","2":"type-product","3":"status-publish","4":"has-post-thumbnail","6":"product_cat-katze","7":"product_tag-cat-de","8":"product_tag-netz","9":"product_tag-schutz","10":"post","11":"post-with-thumbnail","12":"post-with-thumbnail-large","14":"first","15":"instock","16":"sale","17":"taxable","18":"shipping-taxable","19":"purchasable","20":"product-type-variable"},"_links":{"self":[{"href":"https:\/\/troypetshop.com\/de\/wp-json\/wp\/v2\/product\/8842","targetHints":{"allow":["GET"]}}],"collection":[{"href":"https:\/\/troypetshop.com\/de\/wp-json\/wp\/v2\/product"}],"about":[{"href":"https:\/\/troypetshop.com\/de\/wp-json\/wp\/v2\/types\/product"}],"replies":[{"embeddable":true,"href":"https:\/\/troypetshop.com\/de\/wp-json\/wp\/v2\/comments?post=8842"}],"wp:featuredmedia":[{"embeddable":true,"href":"https:\/\/troypetshop.com\/de\/wp-json\/wp\/v2\/media\/8149"}],"wp:attachment":[{"href":"https:\/\/troypetshop.com\/de\/wp-json\/wp\/v2\/media?parent=8842"}],"wp:term":[{"taxonomy":"product_brand","embeddable":true,"href":"https:\/\/troypetshop.com\/de\/wp-json\/wp\/v2\/product_brand?post=8842"},{"taxonomy":"product_cat","embeddable":true,"href":"https:\/\/troypetshop.com\/de\/wp-json\/wp\/v2\/product_cat?post=8842"},{"taxonomy":"product_tag","embeddable":true,"href":"https:\/\/troypetshop.com\/de\/wp-json\/wp\/v2\/product_tag?post=8842"}],"curies":[{"name":"wp","href":"https:\/\/api.w.org\/{rel}","templated":true}]}}