{"id":8908,"date":"2025-05-14T18:22:20","date_gmt":"2025-05-14T16:22:20","guid":{"rendered":"https:\/\/troypetshop.com\/product\/mini-leine-fuer-hundespaziergaenge\/"},"modified":"2026-02-28T16:53:19","modified_gmt":"2026-02-28T15:53:19","slug":"mini-leine-fuer-hundespaziergaenge","status":"publish","type":"product","link":"https:\/\/troypetshop.com\/de\/product\/mini-leine-fuer-hundespaziergaenge\/","title":{"rendered":"Gr\u00fcne Nylon-Leine"},"content":{"rendered":"","protected":false},"excerpt":{"rendered":"<p class=\"product_title entry-title wd-entities-title\">Nunbell Gr\u00fcne Nylon Handleine f\u00fcr Haustiere<\/p>\n<p>Die unifarbene Nylonleine von Nunbell ist die ideale Kombination aus Eleganz, Langlebigkeit und Funktionalit\u00e4t, mit der Sie Ihren Spaziergang mit Ihrem Haustier noch angenehmer gestalten k\u00f6nnen. Diese Leine aus hochwertigem, langlebigem Material bietet sowohl St\u00e4rke als auch Komfort und sorgt daf\u00fcr, dass jeder Spaziergang sicher und angenehm ist. <\/p>\n<ul>\n<li>Farbe = Gr\u00fcn,<\/li>\n<li>L\u00e4nge = 110 cm<\/li>\n<\/ul>\n","protected":false},"featured_media":7829,"comment_status":"open","ping_status":"closed","template":"","meta":[],"product_brand":[],"product_cat":[472,473,535,474],"product_tag":[543,676,675,591],"class_list":{"0":"post-8908","1":"product","2":"type-product","3":"status-publish","4":"has-post-thumbnail","6":"product_cat-hund","7":"product_cat-hundehalsbander-leinen","8":"product_cat-hundeleinen","9":"product_cat-katzenhalsbander","10":"product_tag-cat-de","11":"product_tag-haustier","12":"product_tag-hund","13":"product_tag-leine","14":"post","15":"post-with-thumbnail","16":"post-with-thumbnail-large","18":"first","19":"instock","20":"sale","21":"taxable","22":"shipping-taxable","23":"purchasable","24":"product-type-variable"},"_links":{"self":[{"href":"https:\/\/troypetshop.com\/de\/wp-json\/wp\/v2\/product\/8908","targetHints":{"allow":["GET"]}}],"collection":[{"href":"https:\/\/troypetshop.com\/de\/wp-json\/wp\/v2\/product"}],"about":[{"href":"https:\/\/troypetshop.com\/de\/wp-json\/wp\/v2\/types\/product"}],"replies":[{"embeddable":true,"href":"https:\/\/troypetshop.com\/de\/wp-json\/wp\/v2\/comments?post=8908"}],"wp:featuredmedia":[{"embeddable":true,"href":"https:\/\/troypetshop.com\/de\/wp-json\/wp\/v2\/media\/7829"}],"wp:attachment":[{"href":"https:\/\/troypetshop.com\/de\/wp-json\/wp\/v2\/media?parent=8908"}],"wp:term":[{"taxonomy":"product_brand","embeddable":true,"href":"https:\/\/troypetshop.com\/de\/wp-json\/wp\/v2\/product_brand?post=8908"},{"taxonomy":"product_cat","embeddable":true,"href":"https:\/\/troypetshop.com\/de\/wp-json\/wp\/v2\/product_cat?post=8908"},{"taxonomy":"product_tag","embeddable":true,"href":"https:\/\/troypetshop.com\/de\/wp-json\/wp\/v2\/product_tag?post=8908"}],"curies":[{"name":"wp","href":"https:\/\/api.w.org\/{rel}","templated":true}]}}