{"id":8926,"date":"2025-05-07T15:47:19","date_gmt":"2025-05-07T13:47:19","guid":{"rendered":"https:\/\/troypetshop.com\/product\/automatisch-einziehbare-hundeleine\/"},"modified":"2026-02-28T16:53:20","modified_gmt":"2026-02-28T15:53:20","slug":"automatisch-einziehbare-hundeleine","status":"publish","type":"product","link":"https:\/\/troypetshop.com\/de\/product\/automatisch-einziehbare-hundeleine\/","title":{"rendered":"Automatisch einziehbare Hundeleine"},"content":{"rendered":"","protected":false},"excerpt":{"rendered":"<p><span class=\"a-list-item\"><strong>Langlebige einziehbare Hundeleine<\/strong>: Bandleine mit leicht einstellbarem Aufrollmechanismus. <\/span>Damit k\u00f6nnen Sie Ihrem Haustier eine sehr gute Reichweite und Bewegungsfreiheit geben. Nunbell-Produkt.<\/p>\n<ul>\n<li>Diese Leine ist perfekt f\u00fcr kleine bis mittelgro\u00dfe Haustiere.<\/li>\n<li>Der 3-Meter-Typ ist f\u00fcr Haustiere mit einem Gewicht von bis zu 8 kg geeignet.<\/li>\n<li>Der 5-Meter-Typ ist f\u00fcr Hunde mit einem Gewicht von bis zu 14 kg geeignet.<\/li>\n<li>Das Einhand-Brems- und Verriegelungssystem stoppt das Fortkommen des Tieres.<\/li>\n<li>Die Griffteile sind aus umweltfreundlichen TPE- und PP-Materialien gefertigt, die keine Allergien bei Haustieren oder der menschlichen Haut hervorrufen.<\/li>\n<li>Mit einem Knopfdruck k\u00f6nnen Sie das Schl\u00fcsselband l\u00f6sen und festziehen, einfach und bequem.<\/li>\n<li><span class=\"a-list-item\">Rutschfester und gro\u00dfer<\/span>Griff f\u00fcr einfachen Halt auch mit Handschuhen oder F\u00e4ustlingen. <span class=\"a-list-item\">Ergonomisches Design und weicher<\/span>Griff.<\/li>\n<li>Einfach zu kontrollieren und sicher genug, wenn Ihr Hund zieht oder l\u00e4uft. Die verhedderungsfreie 360-Grad-Gurtbewegung sorgt f\u00fcr ein angenehmes Lauferlebnis f\u00fcr Ihr Haustier.<\/li>\n<li>Die Leine ist einziehbar und kann automatisch gedehnt und eingezogen werden.<\/li>\n<li>Paket beinhaltet: 1 St\u00fcck einziehbare Leine f\u00fcr Haustiere.<\/li>\n<\/ul>\n<p><strong>Bitte w\u00e4hlen Sie die L\u00e4nge, bevor Sie sie in den Warenkorb legen.<\/strong><\/p>\n","protected":false},"featured_media":7476,"comment_status":"open","ping_status":"closed","template":"","meta":[],"product_brand":[],"product_cat":[472,473,474],"product_tag":[543,675,476,591],"class_list":{"0":"post-8926","1":"product","2":"type-product","3":"status-publish","4":"has-post-thumbnail","6":"product_cat-hund","7":"product_cat-hundehalsbander-leinen","8":"product_cat-katzenhalsbander","9":"product_tag-cat-de","10":"product_tag-hund","11":"product_tag-kragen","12":"product_tag-leine","13":"post","14":"post-with-thumbnail","15":"post-with-thumbnail-large","17":"first","18":"instock","19":"sale","20":"taxable","21":"shipping-taxable","22":"purchasable","23":"product-type-variable"},"_links":{"self":[{"href":"https:\/\/troypetshop.com\/de\/wp-json\/wp\/v2\/product\/8926","targetHints":{"allow":["GET"]}}],"collection":[{"href":"https:\/\/troypetshop.com\/de\/wp-json\/wp\/v2\/product"}],"about":[{"href":"https:\/\/troypetshop.com\/de\/wp-json\/wp\/v2\/types\/product"}],"replies":[{"embeddable":true,"href":"https:\/\/troypetshop.com\/de\/wp-json\/wp\/v2\/comments?post=8926"}],"wp:featuredmedia":[{"embeddable":true,"href":"https:\/\/troypetshop.com\/de\/wp-json\/wp\/v2\/media\/7476"}],"wp:attachment":[{"href":"https:\/\/troypetshop.com\/de\/wp-json\/wp\/v2\/media?parent=8926"}],"wp:term":[{"taxonomy":"product_brand","embeddable":true,"href":"https:\/\/troypetshop.com\/de\/wp-json\/wp\/v2\/product_brand?post=8926"},{"taxonomy":"product_cat","embeddable":true,"href":"https:\/\/troypetshop.com\/de\/wp-json\/wp\/v2\/product_cat?post=8926"},{"taxonomy":"product_tag","embeddable":true,"href":"https:\/\/troypetshop.com\/de\/wp-json\/wp\/v2\/product_tag?post=8926"}],"curies":[{"name":"wp","href":"https:\/\/api.w.org\/{rel}","templated":true}]}}