{"id":8977,"date":"2025-05-08T19:41:34","date_gmt":"2025-05-08T17:41:34","guid":{"rendered":"https:\/\/troypetshop.com\/product\/hundespielzeug-seil-zahnseide-mit-ball\/"},"modified":"2026-02-28T16:48:20","modified_gmt":"2026-02-28T15:48:20","slug":"hundespielzeug-seil-zahnseide-mit-ball","status":"publish","type":"product","link":"https:\/\/troypetshop.com\/de\/product\/hundespielzeug-seil-zahnseide-mit-ball\/","title":{"rendered":"Hundespielzeug Seil &amp; Zahnseide mit Ball"},"content":{"rendered":"","protected":false},"excerpt":{"rendered":"<p class=\"product_title entry-title\"><strong>Nunbell Hundespielzeug Seil mit Ball Mehrere Farben<\/p>\n<p><\/strong><\/p>\n<p class=\"product_title entry-title\"><strong> (1,4*42cm &#8211; 200g) &#8211; 1,4 cm dick, 42 cm lang und 200 Gramm<\/strong><\/p>\n<ul>\n<li>Das Kauspielzeug der Marke Nunbell ist ein tolles Spielzeug f\u00fcr jeden Hund!<\/li>\n<li>Es besteht aus einem geflochtenen und sehr haltbaren Baumwollseil mit einem Tennisball.<\/li>\n<li>Das Spielzeug ist auch ein hervorragender Kauartikel f\u00fcr die Z\u00e4hne, da die Baumwollfasern das Zahnfleisch massieren und die Z\u00e4hne sanft von Plaque befreien.<\/li>\n<li>Es st\u00e4rkt die Bindung zum Betreuer und baut das Vertrauen des Hundes auf. Es ist auch ideal zum Apportieren. <\/li>\n<li>Der Kausnack ist f\u00fcr Hunde jeden Alters geeignet.<br \/>\nAchten Sie darauf, die richtige Gr\u00f6\u00dfe der Schnur f\u00fcr die Gr\u00f6\u00dfe der Schnauze Ihres Hundes zu w\u00e4hlen.<\/li>\n<li>*Sie sollten Ihren Hund beim Spielen immer beaufsichtigen. Wenn ein Teil des Spielzeugs besch\u00e4digt ist, sollte es entsorgt und durch ein neues ersetzt werden. <\/li>\n<\/ul>\n","protected":false},"featured_media":7516,"comment_status":"open","ping_status":"closed","template":"","meta":[],"product_brand":[],"product_cat":[1388,1387,728],"product_tag":[1437,1895,1449],"class_list":{"0":"post-8977","1":"product","2":"type-product","3":"status-publish","4":"has-post-thumbnail","6":"product_cat-aktivitatsseile-zahnseide","7":"product_cat-hundespielzeug","8":"product_cat-katzen-und-hundezubehor","9":"product_tag-aktivitatsseil","10":"product_tag-hundespielzeug","11":"product_tag-zahnseide","12":"post","13":"post-with-thumbnail","14":"post-with-thumbnail-large","16":"first","17":"instock","18":"sale","19":"taxable","20":"shipping-taxable","21":"purchasable","22":"product-type-simple"},"_links":{"self":[{"href":"https:\/\/troypetshop.com\/de\/wp-json\/wp\/v2\/product\/8977","targetHints":{"allow":["GET"]}}],"collection":[{"href":"https:\/\/troypetshop.com\/de\/wp-json\/wp\/v2\/product"}],"about":[{"href":"https:\/\/troypetshop.com\/de\/wp-json\/wp\/v2\/types\/product"}],"replies":[{"embeddable":true,"href":"https:\/\/troypetshop.com\/de\/wp-json\/wp\/v2\/comments?post=8977"}],"wp:featuredmedia":[{"embeddable":true,"href":"https:\/\/troypetshop.com\/de\/wp-json\/wp\/v2\/media\/7516"}],"wp:attachment":[{"href":"https:\/\/troypetshop.com\/de\/wp-json\/wp\/v2\/media?parent=8977"}],"wp:term":[{"taxonomy":"product_brand","embeddable":true,"href":"https:\/\/troypetshop.com\/de\/wp-json\/wp\/v2\/product_brand?post=8977"},{"taxonomy":"product_cat","embeddable":true,"href":"https:\/\/troypetshop.com\/de\/wp-json\/wp\/v2\/product_cat?post=8977"},{"taxonomy":"product_tag","embeddable":true,"href":"https:\/\/troypetshop.com\/de\/wp-json\/wp\/v2\/product_tag?post=8977"}],"curies":[{"name":"wp","href":"https:\/\/api.w.org\/{rel}","templated":true}]}}