{"id":8981,"date":"2025-05-07T14:03:53","date_gmt":"2025-05-07T11:03:53","guid":{"rendered":"https:\/\/troypetshop.com\/product\/verstellbarer-sicherheitsgurt-fuer-haustiere\/"},"modified":"2026-02-28T16:49:12","modified_gmt":"2026-02-28T15:49:12","slug":"verstellbarer-sicherheitsgurt","status":"publish","type":"product","link":"https:\/\/troypetshop.com\/de\/product\/verstellbarer-sicherheitsgurt\/","title":{"rendered":"Verstellbarer Sicherheitsgurt"},"content":{"rendered":"","protected":false},"excerpt":{"rendered":"<p><strong>Wenn Sie Ihr Haustier im Auto transportieren, ist das Anlegen eines Sicherheitsgurtes Pflicht! <\/strong><\/p>\n<p>Verstellbarer Sicherheitsgurt f\u00fcr Haustiere<\/p>\n<ul>\n<li>Eine Sicherheitsleine sch\u00fctzt Sie und Ihr Haustier w\u00e4hrend der Fahrt.<\/li>\n<li>Kompatibel mit allen Auto-Gurtanschl\u00fcssen.<\/li>\n<li>Verstellbare Gr\u00f6\u00dfe, perfekt f\u00fcr kleine und gro\u00dfe Haustiere.<\/li>\n<li>Jeder Besitzer ist verpflichtet, einen Sicherheitsgurt anzulegen.<\/li>\n<\/ul>\n<p>&nbsp;<\/p>\n","protected":false},"featured_media":7466,"comment_status":"open","ping_status":"closed","template":"","meta":[],"product_brand":[],"product_cat":[472,473,457],"product_tag":[543,676,675,1607,1610],"class_list":{"0":"post-8981","1":"product","2":"type-product","3":"status-publish","4":"has-post-thumbnail","6":"product_cat-hund","7":"product_cat-hundehalsbander-leinen","8":"product_cat-unsere-produkte","9":"product_tag-cat-de","10":"product_tag-haustier","11":"product_tag-hund","12":"product_tag-sicher","13":"product_tag-sicherheitsgurt","14":"post","15":"post-with-thumbnail","16":"post-with-thumbnail-large","18":"first","19":"outofstock","20":"sale","21":"taxable","22":"shipping-taxable","23":"purchasable","24":"product-type-simple"},"_links":{"self":[{"href":"https:\/\/troypetshop.com\/de\/wp-json\/wp\/v2\/product\/8981","targetHints":{"allow":["GET"]}}],"collection":[{"href":"https:\/\/troypetshop.com\/de\/wp-json\/wp\/v2\/product"}],"about":[{"href":"https:\/\/troypetshop.com\/de\/wp-json\/wp\/v2\/types\/product"}],"replies":[{"embeddable":true,"href":"https:\/\/troypetshop.com\/de\/wp-json\/wp\/v2\/comments?post=8981"}],"wp:featuredmedia":[{"embeddable":true,"href":"https:\/\/troypetshop.com\/de\/wp-json\/wp\/v2\/media\/7466"}],"wp:attachment":[{"href":"https:\/\/troypetshop.com\/de\/wp-json\/wp\/v2\/media?parent=8981"}],"wp:term":[{"taxonomy":"product_brand","embeddable":true,"href":"https:\/\/troypetshop.com\/de\/wp-json\/wp\/v2\/product_brand?post=8981"},{"taxonomy":"product_cat","embeddable":true,"href":"https:\/\/troypetshop.com\/de\/wp-json\/wp\/v2\/product_cat?post=8981"},{"taxonomy":"product_tag","embeddable":true,"href":"https:\/\/troypetshop.com\/de\/wp-json\/wp\/v2\/product_tag?post=8981"}],"curies":[{"name":"wp","href":"https:\/\/api.w.org\/{rel}","templated":true}]}}