{"id":9015,"date":"2025-06-04T17:36:30","date_gmt":"2025-06-04T15:36:30","guid":{"rendered":"https:\/\/troypetshop.com\/?post_type=product&#038;p=9015"},"modified":"2026-03-18T17:01:02","modified_gmt":"2026-03-18T16:01:02","slug":"wasserdichte-matte","status":"publish","type":"product","link":"https:\/\/troypetshop.com\/de\/product\/wasserdichte-matte\/","title":{"rendered":"Wasserdichte Matte"},"content":{"rendered":"","protected":false},"excerpt":{"rendered":"<p>Wasserdichte Matte f\u00fcr Haustiere, Polyester, orange, 70x100cm<\/p>\n<ul>\n<li>Gewicht: 850g<\/li>\n<li>Artikel Name: Wasserdichte Matte f\u00fcr Haustiere<\/li>\n<li>Farbe: orange, blau, gr\u00fcn<\/li>\n<li>Gr\u00f6\u00dfe: 110\u00d770 cm, H\u00f6he: 2,5cm<\/li>\n<li>Material: wasserdichter Stoff<\/li>\n<\/ul>\n","protected":false},"featured_media":9001,"comment_status":"open","ping_status":"closed","template":"","meta":[],"product_brand":[],"product_cat":[512,2476,472,523,508,728,457],"product_tag":[543,675,2321,2320,593],"class_list":{"0":"post-9015","1":"product","2":"type-product","3":"status-publish","4":"has-post-thumbnail","6":"product_cat-betten","7":"product_cat-haustiermatten","8":"product_cat-hund","9":"product_cat-hundebetten-haeuser","10":"product_cat-katze","11":"product_cat-katzen-und-hundezubehor","12":"product_cat-unsere-produkte","13":"product_tag-cat-de","14":"product_tag-hund","15":"product_tag-matte","16":"product_tag-wasserdicht","17":"product_tag-weiches-polyester","18":"post","19":"post-with-thumbnail","20":"post-with-thumbnail-large","22":"first","23":"instock","24":"sale","25":"taxable","26":"shipping-taxable","27":"purchasable","28":"product-type-simple"},"_links":{"self":[{"href":"https:\/\/troypetshop.com\/de\/wp-json\/wp\/v2\/product\/9015","targetHints":{"allow":["GET"]}}],"collection":[{"href":"https:\/\/troypetshop.com\/de\/wp-json\/wp\/v2\/product"}],"about":[{"href":"https:\/\/troypetshop.com\/de\/wp-json\/wp\/v2\/types\/product"}],"replies":[{"embeddable":true,"href":"https:\/\/troypetshop.com\/de\/wp-json\/wp\/v2\/comments?post=9015"}],"wp:featuredmedia":[{"embeddable":true,"href":"https:\/\/troypetshop.com\/de\/wp-json\/wp\/v2\/media\/9001"}],"wp:attachment":[{"href":"https:\/\/troypetshop.com\/de\/wp-json\/wp\/v2\/media?parent=9015"}],"wp:term":[{"taxonomy":"product_brand","embeddable":true,"href":"https:\/\/troypetshop.com\/de\/wp-json\/wp\/v2\/product_brand?post=9015"},{"taxonomy":"product_cat","embeddable":true,"href":"https:\/\/troypetshop.com\/de\/wp-json\/wp\/v2\/product_cat?post=9015"},{"taxonomy":"product_tag","embeddable":true,"href":"https:\/\/troypetshop.com\/de\/wp-json\/wp\/v2\/product_tag?post=9015"}],"curies":[{"name":"wp","href":"https:\/\/api.w.org\/{rel}","templated":true}]}}