{"id":9124,"date":"2025-06-07T14:50:06","date_gmt":"2025-06-07T12:50:06","guid":{"rendered":"https:\/\/troypetshop.com\/?post_type=product&#038;p=9124"},"modified":"2026-02-28T16:53:25","modified_gmt":"2026-02-28T15:53:25","slug":"regenmantel-w","status":"publish","type":"product","link":"https:\/\/troypetshop.com\/de\/product\/regenmantel-w\/","title":{"rendered":"Regenmantel-W"},"content":{"rendered":"","protected":false},"excerpt":{"rendered":"<p>Wasserdichter Regenmantel f\u00fcr Katzen und Hunde. Bitte fragen Sie verf\u00fcgbare Gr\u00f6\u00dfen!<\/p>\n","protected":false},"featured_media":9097,"comment_status":"open","ping_status":"closed","template":"","meta":[],"product_brand":[],"product_cat":[525,522],"product_tag":[543,675,664],"class_list":{"0":"post-9124","1":"product","2":"type-product","3":"status-publish","4":"has-post-thumbnail","6":"product_cat-hundekleidung","7":"product_cat-kleidung","8":"product_tag-cat-de","9":"product_tag-hund","10":"product_tag-regenmantel","11":"post","12":"post-with-thumbnail","13":"post-with-thumbnail-large","15":"first","16":"instock","17":"sale","18":"taxable","19":"shipping-taxable","20":"purchasable","21":"product-type-variable"},"_links":{"self":[{"href":"https:\/\/troypetshop.com\/de\/wp-json\/wp\/v2\/product\/9124","targetHints":{"allow":["GET"]}}],"collection":[{"href":"https:\/\/troypetshop.com\/de\/wp-json\/wp\/v2\/product"}],"about":[{"href":"https:\/\/troypetshop.com\/de\/wp-json\/wp\/v2\/types\/product"}],"replies":[{"embeddable":true,"href":"https:\/\/troypetshop.com\/de\/wp-json\/wp\/v2\/comments?post=9124"}],"wp:featuredmedia":[{"embeddable":true,"href":"https:\/\/troypetshop.com\/de\/wp-json\/wp\/v2\/media\/9097"}],"wp:attachment":[{"href":"https:\/\/troypetshop.com\/de\/wp-json\/wp\/v2\/media?parent=9124"}],"wp:term":[{"taxonomy":"product_brand","embeddable":true,"href":"https:\/\/troypetshop.com\/de\/wp-json\/wp\/v2\/product_brand?post=9124"},{"taxonomy":"product_cat","embeddable":true,"href":"https:\/\/troypetshop.com\/de\/wp-json\/wp\/v2\/product_cat?post=9124"},{"taxonomy":"product_tag","embeddable":true,"href":"https:\/\/troypetshop.com\/de\/wp-json\/wp\/v2\/product_tag?post=9124"}],"curies":[{"name":"wp","href":"https:\/\/api.w.org\/{rel}","templated":true}]}}