{"id":9331,"date":"2025-06-11T13:00:36","date_gmt":"2025-06-11T11:00:36","guid":{"rendered":"https:\/\/troypetshop.com\/product\/tennisballhalter-mit-doppelt-geknotetem-seil\/"},"modified":"2026-02-28T16:50:00","modified_gmt":"2026-02-28T15:50:00","slug":"tennisballhalter-mit-doppelt-geknotetem-seil","status":"publish","type":"product","link":"https:\/\/troypetshop.com\/de\/product\/tennisballhalter-mit-doppelt-geknotetem-seil\/","title":{"rendered":"Tennisballhalter mit doppelt geknotetem Seil"},"content":{"rendered":"","protected":false},"excerpt":{"rendered":"<p>Dieses Spielzeug hat einen Tennisball-Durchmesser von ca. 6,35 cm\/6,5 Zoll. Der Tennisball hier kann von gro\u00dfen Hunden zerrissen werden. Wir empfehlen ihn daher nicht f\u00fcr Besitzer von gro\u00dfen Hunden. Es ist ein geeignetes Spielzeug f\u00fcr Hunde kleiner Rassen.   <\/p>\n","protected":false},"featured_media":9141,"comment_status":"open","ping_status":"closed","template":"","meta":[],"product_brand":[],"product_cat":[1387],"product_tag":[2042,2043],"class_list":{"0":"post-9331","1":"product","2":"type-product","3":"status-publish","4":"has-post-thumbnail","6":"product_cat-hundespielzeug","7":"product_tag-doppelt-geknotetes-seil","8":"product_tag-tennisball","9":"post","10":"post-with-thumbnail","11":"post-with-thumbnail-large","13":"first","14":"instock","15":"sale","16":"taxable","17":"shipping-taxable","18":"purchasable","19":"product-type-simple"},"_links":{"self":[{"href":"https:\/\/troypetshop.com\/de\/wp-json\/wp\/v2\/product\/9331","targetHints":{"allow":["GET"]}}],"collection":[{"href":"https:\/\/troypetshop.com\/de\/wp-json\/wp\/v2\/product"}],"about":[{"href":"https:\/\/troypetshop.com\/de\/wp-json\/wp\/v2\/types\/product"}],"replies":[{"embeddable":true,"href":"https:\/\/troypetshop.com\/de\/wp-json\/wp\/v2\/comments?post=9331"}],"wp:featuredmedia":[{"embeddable":true,"href":"https:\/\/troypetshop.com\/de\/wp-json\/wp\/v2\/media\/9141"}],"wp:attachment":[{"href":"https:\/\/troypetshop.com\/de\/wp-json\/wp\/v2\/media?parent=9331"}],"wp:term":[{"taxonomy":"product_brand","embeddable":true,"href":"https:\/\/troypetshop.com\/de\/wp-json\/wp\/v2\/product_brand?post=9331"},{"taxonomy":"product_cat","embeddable":true,"href":"https:\/\/troypetshop.com\/de\/wp-json\/wp\/v2\/product_cat?post=9331"},{"taxonomy":"product_tag","embeddable":true,"href":"https:\/\/troypetshop.com\/de\/wp-json\/wp\/v2\/product_tag?post=9331"}],"curies":[{"name":"wp","href":"https:\/\/api.w.org\/{rel}","templated":true}]}}