{"id":9335,"date":"2025-06-11T14:12:11","date_gmt":"2025-06-11T11:12:11","guid":{"rendered":"https:\/\/troypetshop.com\/product\/schreiendes-huhn-spielzeug\/"},"modified":"2026-02-28T16:53:27","modified_gmt":"2026-02-28T15:53:27","slug":"schreiendes-huhn-spielzeug","status":"publish","type":"product","link":"https:\/\/troypetshop.com\/de\/product\/schreiendes-huhn-spielzeug\/","title":{"rendered":"Schreiendes Huhn Spielzeug"},"content":{"rendered":"","protected":false},"excerpt":{"rendered":"<p>Schreiendes Huhn. Das Produkt hat zwei verschiedene L\u00e4ngen, 30 und 40 cm. <\/p>\n<p>Bitte w\u00e4hlen Sie die Gr\u00f6\u00dfe vor der Bestellung aus.<\/p>\n","protected":false},"featured_media":9147,"comment_status":"open","ping_status":"closed","template":"","meta":[],"product_brand":[],"product_cat":[1387,728,1386],"product_tag":[543,675,2049,2048],"class_list":{"0":"post-9335","1":"product","2":"type-product","3":"status-publish","4":"has-post-thumbnail","6":"product_cat-hundespielzeug","7":"product_cat-katzen-und-hundezubehor","8":"product_cat-katzenspielzeug","9":"product_tag-cat-de","10":"product_tag-hund","11":"product_tag-schreiend","12":"product_tag-spielzeug-de","13":"post","14":"post-with-thumbnail","15":"post-with-thumbnail-large","17":"first","18":"instock","19":"sale","20":"taxable","21":"shipping-taxable","22":"purchasable","23":"product-type-variable"},"_links":{"self":[{"href":"https:\/\/troypetshop.com\/de\/wp-json\/wp\/v2\/product\/9335","targetHints":{"allow":["GET"]}}],"collection":[{"href":"https:\/\/troypetshop.com\/de\/wp-json\/wp\/v2\/product"}],"about":[{"href":"https:\/\/troypetshop.com\/de\/wp-json\/wp\/v2\/types\/product"}],"replies":[{"embeddable":true,"href":"https:\/\/troypetshop.com\/de\/wp-json\/wp\/v2\/comments?post=9335"}],"wp:featuredmedia":[{"embeddable":true,"href":"https:\/\/troypetshop.com\/de\/wp-json\/wp\/v2\/media\/9147"}],"wp:attachment":[{"href":"https:\/\/troypetshop.com\/de\/wp-json\/wp\/v2\/media?parent=9335"}],"wp:term":[{"taxonomy":"product_brand","embeddable":true,"href":"https:\/\/troypetshop.com\/de\/wp-json\/wp\/v2\/product_brand?post=9335"},{"taxonomy":"product_cat","embeddable":true,"href":"https:\/\/troypetshop.com\/de\/wp-json\/wp\/v2\/product_cat?post=9335"},{"taxonomy":"product_tag","embeddable":true,"href":"https:\/\/troypetshop.com\/de\/wp-json\/wp\/v2\/product_tag?post=9335"}],"curies":[{"name":"wp","href":"https:\/\/api.w.org\/{rel}","templated":true}]}}