{"id":9433,"date":"2025-06-14T21:33:03","date_gmt":"2025-06-14T19:33:03","guid":{"rendered":"https:\/\/troypetshop.com\/product\/schaufel-zum-auffangen-von-haustierabfaellen\/"},"modified":"2026-02-28T16:47:39","modified_gmt":"2026-02-28T15:47:39","slug":"schaufel-zum-auffangen-von-haustierabfaellen","status":"publish","type":"product","link":"https:\/\/troypetshop.com\/de\/product\/schaufel-zum-auffangen-von-haustierabfaellen\/","title":{"rendered":"Schaufel f\u00fcr Tierkot"},"content":{"rendered":"","protected":false},"excerpt":{"rendered":"<p>Schaufel zum Auffangen von Haustierabf\u00e4llen<\/p>\n<p>Tierkot-Aufsammler mit Griff. Die Klinge \u00f6ffnet und schlie\u00dft sich durch Druck auf den Griff, so dass Sie die Kacke aufsammeln k\u00f6nnen. Dies ist eine einfach zu verwendende, hygienische L\u00f6sung. Sie k\u00f6nnen sie nach dem Gebrauch leicht reinigen, aber Sie k\u00f6nnen auch einen Beutel \u00fcber die Schaufeln st\u00fclpen, um sie noch hygienischer zu machen.<\/p>\n<p>Abmessungen: 29x 9&#215;9 cm<\/p>\n","protected":false},"featured_media":9309,"comment_status":"open","ping_status":"closed","template":"","meta":[],"product_brand":[],"product_cat":[2819,728],"product_tag":[2142,676,2151,2150],"class_list":{"0":"post-9433","1":"product","2":"type-product","3":"status-publish","4":"has-post-thumbnail","6":"product_cat-haustierkotschaufel","7":"product_cat-katzen-und-hundezubehor","8":"product_tag-abfall","9":"product_tag-haustier","10":"product_tag-schaufel","11":"product_tag-schaufel-zum-auffangen-von-haustierabfallen","12":"post","13":"post-with-thumbnail","14":"post-with-thumbnail-large","16":"first","17":"instock","18":"sale","19":"taxable","20":"shipping-taxable","21":"purchasable","22":"product-type-simple"},"_links":{"self":[{"href":"https:\/\/troypetshop.com\/de\/wp-json\/wp\/v2\/product\/9433","targetHints":{"allow":["GET"]}}],"collection":[{"href":"https:\/\/troypetshop.com\/de\/wp-json\/wp\/v2\/product"}],"about":[{"href":"https:\/\/troypetshop.com\/de\/wp-json\/wp\/v2\/types\/product"}],"replies":[{"embeddable":true,"href":"https:\/\/troypetshop.com\/de\/wp-json\/wp\/v2\/comments?post=9433"}],"wp:featuredmedia":[{"embeddable":true,"href":"https:\/\/troypetshop.com\/de\/wp-json\/wp\/v2\/media\/9309"}],"wp:attachment":[{"href":"https:\/\/troypetshop.com\/de\/wp-json\/wp\/v2\/media?parent=9433"}],"wp:term":[{"taxonomy":"product_brand","embeddable":true,"href":"https:\/\/troypetshop.com\/de\/wp-json\/wp\/v2\/product_brand?post=9433"},{"taxonomy":"product_cat","embeddable":true,"href":"https:\/\/troypetshop.com\/de\/wp-json\/wp\/v2\/product_cat?post=9433"},{"taxonomy":"product_tag","embeddable":true,"href":"https:\/\/troypetshop.com\/de\/wp-json\/wp\/v2\/product_tag?post=9433"}],"curies":[{"name":"wp","href":"https:\/\/api.w.org\/{rel}","templated":true}]}}