{"id":9451,"date":"2025-06-17T14:43:52","date_gmt":"2025-06-17T12:43:52","guid":{"rendered":"https:\/\/troypetshop.com\/product\/traenke-und-fuetterungsset-fuer-haustiere\/"},"modified":"2026-02-28T16:44:27","modified_gmt":"2026-02-28T15:44:27","slug":"traenke-und-fuetterungsset-fuer-haustiere","status":"publish","type":"product","link":"https:\/\/troypetshop.com\/de\/product\/traenke-und-fuetterungsset-fuer-haustiere\/","title":{"rendered":"Tr\u00e4nke- und F\u00fctterungsset f\u00fcr Haustiere"},"content":{"rendered":"","protected":false},"excerpt":{"rendered":"<p>3,8 Liter Wasser- und 2,1 kg Futterkapazit\u00e4t f\u00fcr Katzen und Hunde<\/p>\n","protected":false},"featured_media":9448,"comment_status":"open","ping_status":"closed","template":"","meta":[],"product_brand":[],"product_cat":[472,728],"product_tag":[],"class_list":{"0":"post-9451","1":"product","2":"type-product","3":"status-publish","4":"has-post-thumbnail","6":"product_cat-hund","7":"product_cat-katzen-und-hundezubehor","8":"post","9":"post-with-thumbnail","10":"post-with-thumbnail-large","12":"first","13":"instock","14":"sale","15":"taxable","16":"shipping-taxable","17":"purchasable","18":"product-type-simple"},"_links":{"self":[{"href":"https:\/\/troypetshop.com\/de\/wp-json\/wp\/v2\/product\/9451","targetHints":{"allow":["GET"]}}],"collection":[{"href":"https:\/\/troypetshop.com\/de\/wp-json\/wp\/v2\/product"}],"about":[{"href":"https:\/\/troypetshop.com\/de\/wp-json\/wp\/v2\/types\/product"}],"replies":[{"embeddable":true,"href":"https:\/\/troypetshop.com\/de\/wp-json\/wp\/v2\/comments?post=9451"}],"wp:featuredmedia":[{"embeddable":true,"href":"https:\/\/troypetshop.com\/de\/wp-json\/wp\/v2\/media\/9448"}],"wp:attachment":[{"href":"https:\/\/troypetshop.com\/de\/wp-json\/wp\/v2\/media?parent=9451"}],"wp:term":[{"taxonomy":"product_brand","embeddable":true,"href":"https:\/\/troypetshop.com\/de\/wp-json\/wp\/v2\/product_brand?post=9451"},{"taxonomy":"product_cat","embeddable":true,"href":"https:\/\/troypetshop.com\/de\/wp-json\/wp\/v2\/product_cat?post=9451"},{"taxonomy":"product_tag","embeddable":true,"href":"https:\/\/troypetshop.com\/de\/wp-json\/wp\/v2\/product_tag?post=9451"}],"curies":[{"name":"wp","href":"https:\/\/api.w.org\/{rel}","templated":true}]}}