{"id":9548,"date":"2025-06-17T18:16:37","date_gmt":"2025-06-17T16:16:37","guid":{"rendered":"https:\/\/troypetshop.com\/?post_type=product&#038;p=9548"},"modified":"2026-02-28T16:53:34","modified_gmt":"2026-02-28T15:53:34","slug":"hundeschuhe-aus-silikon","status":"publish","type":"product","link":"https:\/\/troypetshop.com\/de\/product\/hundeschuhe-aus-silikon\/","title":{"rendered":"Hundeschuhe aus Silikon"},"content":{"rendered":"","protected":false},"excerpt":{"rendered":"<p>Er ist wasserdicht und rutschfest und h\u00e4lt die Pfoten Ihres Hundes bei Regen oder Schnee sauber und trocken. So k\u00f6nnen sie sich auch bei schlechtem Wetter frei bewegen, was das Spielen angenehmer macht.<\/p>\n<p>Die Regenstiefel f\u00fcr Hunde sind weich und flexibel dank des zuverl\u00e4ssigen und langlebigen Qualit\u00e4tssilikonmaterials, das nicht so leicht verblasst oder sich abnutzt, so dass Ihr Haustier ein sehr angenehmes und dauerhaftes Tragegef\u00fchl hat.<\/p>\n<p>Bitte messen Sie die Fu\u00dfgr\u00f6\u00dfe Ihres Haustieres, um die richtigen Schuhe zu w\u00e4hlen. Die Stiefelgr\u00f6\u00dfe ist klein, bitte w\u00e4hlen Sie eine gr\u00f6\u00dfere Gr\u00f6\u00dfe als die Ihres Haustieres. Perfekt f\u00fcr Pudel, Pomeranian und einige kleine Hunde.<\/p>\n","protected":false},"featured_media":9460,"comment_status":"open","ping_status":"closed","template":"","meta":[],"product_brand":[],"product_cat":[472,2182],"product_tag":[675,2183],"class_list":{"0":"post-9548","1":"product","2":"type-product","3":"status-publish","4":"has-post-thumbnail","6":"product_cat-hund","7":"product_cat-hundeschuhe","8":"product_tag-hund","9":"product_tag-schuhe","10":"post","11":"post-with-thumbnail","12":"post-with-thumbnail-large","14":"first","15":"instock","16":"sale","17":"taxable","18":"shipping-taxable","19":"purchasable","20":"product-type-variable"},"_links":{"self":[{"href":"https:\/\/troypetshop.com\/de\/wp-json\/wp\/v2\/product\/9548","targetHints":{"allow":["GET"]}}],"collection":[{"href":"https:\/\/troypetshop.com\/de\/wp-json\/wp\/v2\/product"}],"about":[{"href":"https:\/\/troypetshop.com\/de\/wp-json\/wp\/v2\/types\/product"}],"replies":[{"embeddable":true,"href":"https:\/\/troypetshop.com\/de\/wp-json\/wp\/v2\/comments?post=9548"}],"wp:featuredmedia":[{"embeddable":true,"href":"https:\/\/troypetshop.com\/de\/wp-json\/wp\/v2\/media\/9460"}],"wp:attachment":[{"href":"https:\/\/troypetshop.com\/de\/wp-json\/wp\/v2\/media?parent=9548"}],"wp:term":[{"taxonomy":"product_brand","embeddable":true,"href":"https:\/\/troypetshop.com\/de\/wp-json\/wp\/v2\/product_brand?post=9548"},{"taxonomy":"product_cat","embeddable":true,"href":"https:\/\/troypetshop.com\/de\/wp-json\/wp\/v2\/product_cat?post=9548"},{"taxonomy":"product_tag","embeddable":true,"href":"https:\/\/troypetshop.com\/de\/wp-json\/wp\/v2\/product_tag?post=9548"}],"curies":[{"name":"wp","href":"https:\/\/api.w.org\/{rel}","templated":true}]}}