{"id":9614,"date":"2025-06-19T15:05:56","date_gmt":"2025-06-19T13:05:56","guid":{"rendered":"https:\/\/troypetshop.com\/?post_type=product&#038;p=9614"},"modified":"2026-02-28T16:53:35","modified_gmt":"2026-02-28T15:53:35","slug":"reinigen-und-waschen-von-tierpfoten","status":"publish","type":"product","link":"https:\/\/troypetshop.com\/de\/product\/reinigen-und-waschen-von-tierpfoten\/","title":{"rendered":"Reinigen und Waschen von Tierpfoten"},"content":{"rendered":"","protected":false},"excerpt":{"rendered":"<p>Nunbell Werkzeug zum Reinigen und Waschen von Hundepfoten<\/p>\n<p>Nunbell Paw Wash ist ein hochfunktionelles Produkt f\u00fcr die Reinigung der Pfoten Ihrer vierbeinigen Freunde nach einem Spaziergang. Es entfernt jeglichen Schmutz von den Pfoten Ihrer Hundefreunde. Es macht die Reinigung nach dem Spaziergang sehr einfach.<\/p>\n<p><strong><b>Nunbell Pfotenwaschger\u00e4t Merkmale;<\/b><\/strong><\/p>\n<ul>\n<li>Mauldurchmesser und H\u00f6he variieren in gro\u00dfen und kleinen Ausf\u00fchrungen. Sie k\u00f6nnen je nach Gr\u00f6\u00dfe Ihres Haustieres eine Auswahl treffen.<\/li>\n<li>Hergestellt aus Kieselgel-Material.<\/li>\n<li>Sie k\u00f6nnen es verwenden, indem Sie Wasser und Handdesinfektionsmittel in das Ger\u00e4t geben.<\/li>\n<li>Dann legen Sie die Pfoten in die Waschsch\u00fcssel und drehen die Sch\u00fcssel nach links und rechts.<\/li>\n<li>Anschlie\u00dfend k\u00f6nnen Sie die Pfoten herausnehmen und trocknen.<\/li>\n<li>Das Ger\u00e4t reinigt die Pfoten sehr schonend, ohne sie zu besch\u00e4digen.<\/li>\n<li>Wir empfehlen Ihnen, den Beh\u00e4lter f\u00fcr die weitere Verwendung zu waschen.<\/li>\n<li>Wenn Sie einen Hund zu Hause haben, sollten Sie unbedingt den Pfotenwascher verwenden.<\/li>\n<\/ul>\n<p><strong><b>Gr\u00f6\u00dfen:<\/b><\/strong><\/p>\n<ul>\n<li>Gro\u00dfe Gr\u00f6\u00dfe: 15 cm x 9,5 cm<\/li>\n<li>Klein Gr\u00f6\u00dfe: 11 cm x 8,5 cm<\/li>\n<\/ul>\n","protected":false},"featured_media":9570,"comment_status":"open","ping_status":"closed","template":"","meta":[],"product_brand":[],"product_cat":[472,2182,728],"product_tag":[675,2216,2217],"class_list":{"0":"post-9614","1":"product","2":"type-product","3":"status-publish","4":"has-post-thumbnail","6":"product_cat-hund","7":"product_cat-hundeschuhe","8":"product_cat-katzen-und-hundezubehor","9":"product_tag-hund","10":"product_tag-pfote","11":"product_tag-waschen","12":"post","13":"post-with-thumbnail","14":"post-with-thumbnail-large","16":"first","17":"instock","18":"sale","19":"taxable","20":"shipping-taxable","21":"purchasable","22":"product-type-variable"},"_links":{"self":[{"href":"https:\/\/troypetshop.com\/de\/wp-json\/wp\/v2\/product\/9614","targetHints":{"allow":["GET"]}}],"collection":[{"href":"https:\/\/troypetshop.com\/de\/wp-json\/wp\/v2\/product"}],"about":[{"href":"https:\/\/troypetshop.com\/de\/wp-json\/wp\/v2\/types\/product"}],"replies":[{"embeddable":true,"href":"https:\/\/troypetshop.com\/de\/wp-json\/wp\/v2\/comments?post=9614"}],"wp:featuredmedia":[{"embeddable":true,"href":"https:\/\/troypetshop.com\/de\/wp-json\/wp\/v2\/media\/9570"}],"wp:attachment":[{"href":"https:\/\/troypetshop.com\/de\/wp-json\/wp\/v2\/media?parent=9614"}],"wp:term":[{"taxonomy":"product_brand","embeddable":true,"href":"https:\/\/troypetshop.com\/de\/wp-json\/wp\/v2\/product_brand?post=9614"},{"taxonomy":"product_cat","embeddable":true,"href":"https:\/\/troypetshop.com\/de\/wp-json\/wp\/v2\/product_cat?post=9614"},{"taxonomy":"product_tag","embeddable":true,"href":"https:\/\/troypetshop.com\/de\/wp-json\/wp\/v2\/product_tag?post=9614"}],"curies":[{"name":"wp","href":"https:\/\/api.w.org\/{rel}","templated":true}]}}