{"id":9632,"date":"2025-06-21T16:09:23","date_gmt":"2025-06-21T14:09:23","guid":{"rendered":"https:\/\/troypetshop.com\/product\/heavy-duty-halsbaender\/"},"modified":"2026-02-28T16:53:36","modified_gmt":"2026-02-28T15:53:36","slug":"heavy-duty-halsbaender","status":"publish","type":"product","link":"https:\/\/troypetshop.com\/de\/product\/heavy-duty-halsbaender\/","title":{"rendered":"Heavy Duty Halsb\u00e4nder"},"content":{"rendered":"","protected":false},"excerpt":{"rendered":"<p>Hochwertiges Material ist sicher, stark und langlebig. Dies ist eine gro\u00dfe Viehzucht Ausr\u00fcstung mit einstellbarer L\u00e4nge, geeignet f\u00fcr Ihre Tiere wie K\u00fche, Schafe, Hunde, etc. Es macht auch F\u00fctterung, Ihre Schafe einfach und sicher zu erh\u00f6hen.<\/p>\n<p>Erh\u00e4ltlich in 2 verschiedenen Gr\u00f6\u00dfen und Gr\u00f6\u00dfen in unserem Lager.<\/p>\n<ul>\n<li>Gr\u00f6\u00dfe \/ Abmessung<br \/>\nL\u00e4nge = 80cm, Breite = 5cm<br \/>\nL\u00e4nge = 70cm, Breite = 4cm<\/li>\n<\/ul>\n","protected":false},"featured_media":9623,"comment_status":"open","ping_status":"closed","template":"","meta":[],"product_brand":[],"product_cat":[475,472,473],"product_tag":[675,1445,2229],"class_list":{"0":"post-9632","1":"product","2":"type-product","3":"status-publish","4":"has-post-thumbnail","6":"product_cat-halskragen","7":"product_cat-hund","8":"product_cat-hundehalsbander-leinen","9":"product_tag-hund","10":"product_tag-kragen-de","11":"product_tag-schwerstarbeit","12":"post","13":"post-with-thumbnail","14":"post-with-thumbnail-large","16":"first","17":"instock","18":"sale","19":"taxable","20":"shipping-taxable","21":"purchasable","22":"product-type-variable"},"_links":{"self":[{"href":"https:\/\/troypetshop.com\/de\/wp-json\/wp\/v2\/product\/9632","targetHints":{"allow":["GET"]}}],"collection":[{"href":"https:\/\/troypetshop.com\/de\/wp-json\/wp\/v2\/product"}],"about":[{"href":"https:\/\/troypetshop.com\/de\/wp-json\/wp\/v2\/types\/product"}],"replies":[{"embeddable":true,"href":"https:\/\/troypetshop.com\/de\/wp-json\/wp\/v2\/comments?post=9632"}],"wp:featuredmedia":[{"embeddable":true,"href":"https:\/\/troypetshop.com\/de\/wp-json\/wp\/v2\/media\/9623"}],"wp:attachment":[{"href":"https:\/\/troypetshop.com\/de\/wp-json\/wp\/v2\/media?parent=9632"}],"wp:term":[{"taxonomy":"product_brand","embeddable":true,"href":"https:\/\/troypetshop.com\/de\/wp-json\/wp\/v2\/product_brand?post=9632"},{"taxonomy":"product_cat","embeddable":true,"href":"https:\/\/troypetshop.com\/de\/wp-json\/wp\/v2\/product_cat?post=9632"},{"taxonomy":"product_tag","embeddable":true,"href":"https:\/\/troypetshop.com\/de\/wp-json\/wp\/v2\/product_tag?post=9632"}],"curies":[{"name":"wp","href":"https:\/\/api.w.org\/{rel}","templated":true}]}}