{"id":9689,"date":"2025-06-26T18:08:36","date_gmt":"2025-06-26T16:08:36","guid":{"rendered":"https:\/\/troypetshop.com\/?post_type=product&#038;p=9689"},"modified":"2026-02-28T16:53:37","modified_gmt":"2026-02-28T15:53:37","slug":"taktische-hundeleine","status":"publish","type":"product","link":"https:\/\/troypetshop.com\/de\/product\/taktische-hundeleine\/","title":{"rendered":"Taktische Hundeleine"},"content":{"rendered":"","protected":false},"excerpt":{"rendered":"<p>Die taktische Hundeleine ist aus hochwertigem, verst\u00e4rktem Nylongewebe und einer starken Metallschnalle gefertigt, die sehr langlebig und verschlei\u00dffest ist.<\/p>\n<p>Design: Verstellbare 3,81 cm breite Hundeleine mit Metallschnalle mit Schnellverschluss. Das weiche und atmungsaktive gepolsterte Futter sch\u00fctzt den Hals Ihres Hundes und sorgt f\u00fcr Komfort.<\/p>\n<p>Kontroll-Griff: Spezieller Kontrollgriff, der das Halten beim Training, Spaziergang, Patrouillengang oder bei der Jagd mit Ihrem Hund erleichtert. Perfekt f\u00fcr mittelgro\u00dfe bis gro\u00dfe Hunde.<\/p>\n","protected":false},"featured_media":9700,"comment_status":"open","ping_status":"closed","template":"","meta":[],"product_brand":[],"product_cat":[475,472,473],"product_tag":[675,1445,591,2229,2256],"class_list":{"0":"post-9689","1":"product","2":"type-product","3":"status-publish","4":"has-post-thumbnail","6":"product_cat-halskragen","7":"product_cat-hund","8":"product_cat-hundehalsbander-leinen","9":"product_tag-hund","10":"product_tag-kragen-de","11":"product_tag-leine","12":"product_tag-schwerstarbeit","13":"product_tag-taktisch","14":"post","15":"post-with-thumbnail","16":"post-with-thumbnail-large","18":"first","19":"instock","20":"sale","21":"taxable","22":"shipping-taxable","23":"purchasable","24":"product-type-variable"},"_links":{"self":[{"href":"https:\/\/troypetshop.com\/de\/wp-json\/wp\/v2\/product\/9689","targetHints":{"allow":["GET"]}}],"collection":[{"href":"https:\/\/troypetshop.com\/de\/wp-json\/wp\/v2\/product"}],"about":[{"href":"https:\/\/troypetshop.com\/de\/wp-json\/wp\/v2\/types\/product"}],"replies":[{"embeddable":true,"href":"https:\/\/troypetshop.com\/de\/wp-json\/wp\/v2\/comments?post=9689"}],"wp:featuredmedia":[{"embeddable":true,"href":"https:\/\/troypetshop.com\/de\/wp-json\/wp\/v2\/media\/9700"}],"wp:attachment":[{"href":"https:\/\/troypetshop.com\/de\/wp-json\/wp\/v2\/media?parent=9689"}],"wp:term":[{"taxonomy":"product_brand","embeddable":true,"href":"https:\/\/troypetshop.com\/de\/wp-json\/wp\/v2\/product_brand?post=9689"},{"taxonomy":"product_cat","embeddable":true,"href":"https:\/\/troypetshop.com\/de\/wp-json\/wp\/v2\/product_cat?post=9689"},{"taxonomy":"product_tag","embeddable":true,"href":"https:\/\/troypetshop.com\/de\/wp-json\/wp\/v2\/product_tag?post=9689"}],"curies":[{"name":"wp","href":"https:\/\/api.w.org\/{rel}","templated":true}]}}