{"id":9809,"date":"2025-06-27T14:58:37","date_gmt":"2025-06-27T12:58:37","guid":{"rendered":"https:\/\/troypetshop.com\/?post_type=product&#038;p=9809"},"modified":"2026-02-28T16:53:38","modified_gmt":"2026-02-28T15:53:38","slug":"nunbell-brusthalsband-soft","status":"publish","type":"product","link":"https:\/\/troypetshop.com\/de\/product\/nunbell-brusthalsband-soft\/","title":{"rendered":"Nunbell Brusthalsband Soft"},"content":{"rendered":"","protected":false},"excerpt":{"rendered":"<ul>\n<li>Verstellbare Hunde-Brusthalsb\u00e4nder.<\/li>\n<li>Dieses doppellagige Geschirr bietet einen bequemen Sitz und totale Kontrolle. Es hat leichtes Design und doppelte Schicht f\u00fcr h\u00f6here Zugfestigkeit. Es ist aus hochwertigem, weichem Stoff und langlebigen Materialien gefertigt. Die Innenseite des Halsbandes hat eine weiche Textur, die sich sanft um Brust und Hals Ihres Hundes legt.<\/li>\n<li>Erh\u00e4ltlich in den Farben Rot.<\/li>\n<li>Der Laufgurt muss separat bestellt werden. Stellen Sie sicher, dass Sie den passenden Gurt ausw\u00e4hlen, um den Look Ihres Hundes zu vervollst\u00e4ndigen!<\/li>\n<li>Einfaches An- und Ausziehen. Die kr\u00e4ftigen und leuchtenden Farben sind leicht zu erkennen und sorgen daf\u00fcr, dass Ihr Hund jederzeit sicher ist und gesehen wird.<\/li>\n<\/ul>\n<p><strong>Bitte w\u00e4hlen Sie die gew\u00fcnschte Gr\u00f6\u00dfe, bevor Sie sie in den Warenkorb legen.<\/strong><\/p>\n","protected":false},"featured_media":9954,"comment_status":"open","ping_status":"closed","template":"","meta":[],"product_brand":[],"product_cat":[534,472],"product_tag":[623,2322,624,476,1903,593],"class_list":{"0":"post-9809","1":"product","2":"type-product","3":"status-publish","4":"has-post-thumbnail","6":"product_cat-brusthalsbaender","7":"product_cat-hund","8":"product_tag-brust","9":"product_tag-doppelschicht","10":"product_tag-einstellbar","11":"product_tag-kragen","12":"product_tag-nunbell-de","13":"product_tag-weiches-polyester","14":"post","15":"post-with-thumbnail","16":"post-with-thumbnail-large","18":"first","19":"instock","20":"sale","21":"taxable","22":"shipping-taxable","23":"purchasable","24":"product-type-variable"},"_links":{"self":[{"href":"https:\/\/troypetshop.com\/de\/wp-json\/wp\/v2\/product\/9809","targetHints":{"allow":["GET"]}}],"collection":[{"href":"https:\/\/troypetshop.com\/de\/wp-json\/wp\/v2\/product"}],"about":[{"href":"https:\/\/troypetshop.com\/de\/wp-json\/wp\/v2\/types\/product"}],"replies":[{"embeddable":true,"href":"https:\/\/troypetshop.com\/de\/wp-json\/wp\/v2\/comments?post=9809"}],"wp:featuredmedia":[{"embeddable":true,"href":"https:\/\/troypetshop.com\/de\/wp-json\/wp\/v2\/media\/9954"}],"wp:attachment":[{"href":"https:\/\/troypetshop.com\/de\/wp-json\/wp\/v2\/media?parent=9809"}],"wp:term":[{"taxonomy":"product_brand","embeddable":true,"href":"https:\/\/troypetshop.com\/de\/wp-json\/wp\/v2\/product_brand?post=9809"},{"taxonomy":"product_cat","embeddable":true,"href":"https:\/\/troypetshop.com\/de\/wp-json\/wp\/v2\/product_cat?post=9809"},{"taxonomy":"product_tag","embeddable":true,"href":"https:\/\/troypetshop.com\/de\/wp-json\/wp\/v2\/product_tag?post=9809"}],"curies":[{"name":"wp","href":"https:\/\/api.w.org\/{rel}","templated":true}]}}