{"id":5003,"date":"2018-09-26T08:48:22","date_gmt":"2018-09-26T05:48:22","guid":{"rendered":"http:\/\/troypetshop.com\/a-propos-de-nous\/"},"modified":"2024-10-05T14:11:14","modified_gmt":"2024-10-05T11:11:14","slug":"a-propos-de-nous","status":"publish","type":"page","link":"https:\/\/troypetshop.com\/fr\/a-propos-de-nous\/","title":{"rendered":"\u00c0 propos de nous"},"content":{"rendered":"<p>Troy Pet Shop est l&rsquo;animalerie la moins ch\u00e8re de la r\u00e9gion et offre la plus grande vari\u00e9t\u00e9 de produits. Nous ne vendons pas d&rsquo;animaux, et la plupart de nos produits sont destin\u00e9s aux chats et surtout aux chiens. Vous trouverez dans notre magasin les colliers, les lits et les v\u00eatements les plus pratiques pour les chats et les chiens. Nous sommes ici pour servir vos animaux de compagnie et nous voulons faire le mieux possible. Vous pouvez commander en ligne et venir chercher votre commande au magasin ou nous pouvons vous livrer \u00e0 votre adresse.<\/p>\n<p>&nbsp;<\/p>\n","protected":false},"excerpt":{"rendered":"<p>Troy Pet Shop est l&rsquo;animalerie la moins ch\u00e8re de la r\u00e9gion et offre la plus grande vari\u00e9t\u00e9 de produits. Nous ne vendons pas d&rsquo;animaux, et la plupart de nos produits sont destin\u00e9s aux chats et surtout aux chiens. Vous trouverez dans notre magasin les colliers, les lits et les v\u00eatements les plus pratiques pour les [&hellip;]<\/p>\n","protected":false},"author":1,"featured_media":0,"parent":0,"menu_order":0,"comment_status":"closed","ping_status":"closed","template":"","meta":{"footnotes":""},"class_list":["post-5003","page","type-page","status-publish","hentry","post"],"_links":{"self":[{"href":"https:\/\/troypetshop.com\/fr\/wp-json\/wp\/v2\/pages\/5003","targetHints":{"allow":["GET"]}}],"collection":[{"href":"https:\/\/troypetshop.com\/fr\/wp-json\/wp\/v2\/pages"}],"about":[{"href":"https:\/\/troypetshop.com\/fr\/wp-json\/wp\/v2\/types\/page"}],"author":[{"embeddable":true,"href":"https:\/\/troypetshop.com\/fr\/wp-json\/wp\/v2\/users\/1"}],"replies":[{"embeddable":true,"href":"https:\/\/troypetshop.com\/fr\/wp-json\/wp\/v2\/comments?post=5003"}],"version-history":[{"count":1,"href":"https:\/\/troypetshop.com\/fr\/wp-json\/wp\/v2\/pages\/5003\/revisions"}],"predecessor-version":[{"id":6455,"href":"https:\/\/troypetshop.com\/fr\/wp-json\/wp\/v2\/pages\/5003\/revisions\/6455"}],"wp:attachment":[{"href":"https:\/\/troypetshop.com\/fr\/wp-json\/wp\/v2\/media?parent=5003"}],"curies":[{"name":"wp","href":"https:\/\/api.w.org\/{rel}","templated":true}]}}