{"id":5007,"date":"2020-10-25T19:43:47","date_gmt":"2020-10-25T18:43:47","guid":{"rendered":"http:\/\/troypetshop.com\/contact\/"},"modified":"2025-09-06T12:56:28","modified_gmt":"2025-09-06T09:56:28","slug":"contact","status":"publish","type":"page","link":"https:\/\/troypetshop.com\/fr\/contact\/","title":{"rendered":"Contact"},"content":{"rendered":"<div id=\"pl-5007\"  class=\"panel-layout\" ><div id=\"pg-5007-0\"  class=\"panel-grid panel-no-style\" ><div id=\"pgc-5007-0-0\"  class=\"panel-grid-cell\" ><div id=\"panel-5007-0-0-0\" class=\"widget_text so-panel widget widget_custom_html panel-first-child\" data-index=\"0\" ><div class=\"widget_text panel-widget-style panel-widget-style-for-5007-0-0-0\" ><div class=\"textwidget custom-html-widget\"><h2>T\u00e9l\u00e9phone\/Email<\/h2>\nT\u00e9l\u00e9phone : <a href=\"tel:%20+90%20542%20324%2099%2052\">+905429952 <\/a><br>Email :<a href=\"m%20to:%:20info@troycity.net\">info@troycity.net  <\/a><br> <\/div><\/div><\/div><div id=\"panel-5007-0-0-1\" class=\"widget_text so-panel widget widget_custom_html panel-last-child\" data-index=\"1\" ><div class=\"widget_text panel-widget-style panel-widget-style-for-5007-0-0-1\" ><div class=\"textwidget custom-html-widget\"><h2>Message \n<\/h2>\n\n<div class=\"wpcf7 no-js\" id=\"wpcf7-f10956-o1\" lang=\"fr-FR\" dir=\"ltr\" data-wpcf7-id=\"10956\">\n<div class=\"screen-reader-response\"><p role=\"status\" aria-live=\"polite\" aria-atomic=\"true\"><\/p> <ul><\/ul><\/div>\n<form action=\"\/fr\/wp-json\/wp\/v2\/pages\/5007#wpcf7-f10956-o1\" method=\"post\" class=\"wpcf7-form init\" aria-label=\"Formulaire de contact\" novalidate=\"novalidate\" data-status=\"init\">\n<fieldset class=\"hidden-fields-container\"><input type=\"hidden\" name=\"_wpcf7\" value=\"10956\" \/><input type=\"hidden\" name=\"_wpcf7_version\" value=\"6.1.5\" \/><input type=\"hidden\" name=\"_wpcf7_locale\" value=\"fr_FR\" \/><input type=\"hidden\" name=\"_wpcf7_unit_tag\" value=\"wpcf7-f10956-o1\" \/><input type=\"hidden\" name=\"_wpcf7_container_post\" value=\"0\" \/><input type=\"hidden\" name=\"_wpcf7_posted_data_hash\" value=\"\" \/>\n<\/fieldset>\n<p><label> Votre nom (obligatoire)<br \/>\n<span class=\"wpcf7-form-control-wrap\" data-name=\"your-name\"><input size=\"40\" maxlength=\"400\" class=\"wpcf7-form-control wpcf7-text wpcf7-validates-as-required\" aria-required=\"true\" aria-invalid=\"false\" value=\"\" type=\"text\" name=\"your-name\" \/><\/span> <\/label>\n<\/p>\n<p><label> Votre adresse \u00e9lectronique (obligatoire)<br \/>\n<span class=\"wpcf7-form-control-wrap\" data-name=\"your-email\"><input size=\"40\" maxlength=\"400\" class=\"wpcf7-form-control wpcf7-email wpcf7-validates-as-required wpcf7-text wpcf7-validates-as-email\" aria-required=\"true\" aria-invalid=\"false\" value=\"\" type=\"email\" name=\"your-email\" \/><\/span> <\/label>\n<\/p>\n<p><label> Votre num\u00e9ro de t\u00e9l\u00e9phone (obligatoire)<br \/>\n<span class=\"wpcf7-form-control-wrap\" data-name=\"your-number\"><input size=\"40\" maxlength=\"400\" class=\"wpcf7-form-control wpcf7-text wpcf7-validates-as-required\" aria-required=\"true\" aria-invalid=\"false\" value=\"\" type=\"text\" name=\"your-number\" \/><\/span> <\/label>\n<\/p>\n<p><label> Sujet<br \/>\n<span class=\"wpcf7-form-control-wrap\" data-name=\"your-subject\"><input size=\"40\" maxlength=\"400\" class=\"wpcf7-form-control wpcf7-text\" aria-invalid=\"false\" value=\"\" type=\"text\" name=\"your-subject\" \/><\/span> <\/label>\n<\/p>\n<p><label> Votre message<br \/>\n<span class=\"wpcf7-form-control-wrap\" data-name=\"your-message\"><textarea cols=\"40\" rows=\"10\" maxlength=\"2000\" class=\"wpcf7-form-control wpcf7-textarea\" aria-invalid=\"false\" name=\"your-message\"><\/textarea><\/span> <\/label>\n<\/p>\n<p><input class=\"wpcf7-form-control wpcf7-submit has-spinner\" type=\"submit\" value=\"Envoyer\" \/>\n<\/p><div class=\"wpcf7-response-output\" aria-hidden=\"true\"><\/div>\n<\/form>\n<\/div>\n<\/div><\/div><\/div><\/div><div id=\"pgc-5007-0-1\"  class=\"panel-grid-cell\" ><div id=\"panel-5007-0-1-0\" class=\"widget_text so-panel widget widget_custom_html panel-first-child\" data-index=\"2\" ><div class=\"widget_text panel-widget-style panel-widget-style-for-5007-0-1-0\" ><div class=\"textwidget custom-html-widget\"><h2>Troy City Kft.  <\/h2>\nAdresse du bureau :  <a href=\"1195%20Budapest,%20J%C3%B3zsef%20Attila%20utca%2081.%201\/3%20\">1195 Budapest, J\u00f3zsef Attila utca 81. 1\/3 Hongrie   <\/a><br>Raktar Adresse :  <a href=\"1135%20Budapest,%20Raktar%20utca%204.%201\/5%20\">1135 Budapest, Raktar utca 4. 1\/5 Hongrie   <\/a><br><\/div><\/div><\/div><div id=\"panel-5007-0-1-1\" class=\"widget_text so-panel widget widget_custom_html panel-last-child\" data-index=\"3\" ><div class=\"widget_text panel-widget-style panel-widget-style-for-5007-0-1-1\" ><div class=\"textwidget custom-html-widget\"><h2>Localisation<\/h2>\n<iframe src=\"https:\/\/www.google.com\/maps\/embed?pb=!1m18!1m12!1m3!1d2693.1451740695366!2d19.03882827502097!3d47.54550319219649!2m3!1f0!2f0!3f0!3m2!1i1024!2i768!4f13.1!3m3!1m2!1s0x4741d966697e7f0b%3A0x8a43d4a1817d9359!2sBudapest%2C%20Rakt%C3%A1r%20u.%204%2C%201035!5e0!3m2!1sen!2shu!4v1757110072838!5m2!1sen!2shu\" width=\"600\" height=\"450\" style=\"border:0;\" allowfullscreen=\"\" loading=\"lazy\" referrerpolicy=\"no-referrer-when-downgrade\"><\/iframe><\/div><\/div><\/div><\/div><\/div><\/div>","protected":false},"excerpt":{"rendered":"<p>T\u00e9l\u00e9phone\/Email T\u00e9l\u00e9phone : +905429952 Email :info@troycity.net Message Votre nom (obligatoire) Votre adresse \u00e9lectronique (obligatoire) Votre num\u00e9ro de t\u00e9l\u00e9phone (obligatoire) Sujet Votre message Troy City Kft. Adresse du bureau : 1195 Budapest, J\u00f3zsef Attila utca 81. 1\/3 Hongrie Raktar Adresse : 1135 Budapest, Raktar utca 4. 1\/5 Hongrie Localisation<\/p>\n","protected":false},"author":1,"featured_media":0,"parent":0,"menu_order":0,"comment_status":"closed","ping_status":"closed","template":"","meta":{"footnotes":""},"class_list":["post-5007","page","type-page","status-publish","hentry","post"],"_links":{"self":[{"href":"https:\/\/troypetshop.com\/fr\/wp-json\/wp\/v2\/pages\/5007","targetHints":{"allow":["GET"]}}],"collection":[{"href":"https:\/\/troypetshop.com\/fr\/wp-json\/wp\/v2\/pages"}],"about":[{"href":"https:\/\/troypetshop.com\/fr\/wp-json\/wp\/v2\/types\/page"}],"author":[{"embeddable":true,"href":"https:\/\/troypetshop.com\/fr\/wp-json\/wp\/v2\/users\/1"}],"replies":[{"embeddable":true,"href":"https:\/\/troypetshop.com\/fr\/wp-json\/wp\/v2\/comments?post=5007"}],"version-history":[{"count":1,"href":"https:\/\/troypetshop.com\/fr\/wp-json\/wp\/v2\/pages\/5007\/revisions"}],"predecessor-version":[{"id":5012,"href":"https:\/\/troypetshop.com\/fr\/wp-json\/wp\/v2\/pages\/5007\/revisions\/5012"}],"wp:attachment":[{"href":"https:\/\/troypetshop.com\/fr\/wp-json\/wp\/v2\/media?parent=5007"}],"curies":[{"name":"wp","href":"https:\/\/api.w.org\/{rel}","templated":true}]}}