{"id":6398,"date":"2020-10-06T19:59:26","date_gmt":"2020-10-06T17:59:26","guid":{"rendered":"http:\/\/troypetshop.com\/page-daccueil\/"},"modified":"2026-05-07T15:05:43","modified_gmt":"2026-05-07T13:05:43","slug":"page-daccueil","status":"publish","type":"page","link":"https:\/\/troypetshop.com\/fr\/","title":{"rendered":"Page d&rsquo;accueil"},"content":{"rendered":"<div id=\"pl-6398\"  class=\"panel-layout\" ><div id=\"pg-6398-0\"  class=\"panel-grid panel-no-style\" ><div id=\"pgc-6398-0-0\"  class=\"panel-grid-cell\" ><div id=\"panel-6398-0-0-0\" class=\"so-panel widget widget_sow-layout-slider panel-first-child panel-last-child\" data-index=\"0\" ><div\n\t\t\t\n\t\t\tclass=\"so-widget-sow-layout-slider so-widget-sow-layout-slider-default-9887937e7b08-6398\"\n\t\t\t\n\t\t>\t\t\t\t<div class=\"sow-slider-base\" style=\"display: none\" tabindex=\"0\">\n\t\t\t\t\t<ul\n\t\t\t\t\tclass=\"sow-slider-images\"\n\t\t\t\t\tdata-settings=\"{&quot;pagination&quot;:true,&quot;speed&quot;:400,&quot;timeout&quot;:8000,&quot;paused&quot;:false,&quot;pause_on_hover&quot;:false,&quot;swipe&quot;:true,&quot;nav_always_show_desktop&quot;:&quot;&quot;,&quot;nav_always_show_mobile&quot;:&quot;&quot;,&quot;breakpoint&quot;:&quot;780px&quot;,&quot;unmute&quot;:false,&quot;anchor&quot;:null}\"\n\t\t\t\t\t\t\t\t\t\tdata-anchor-id=\"\"\n\t\t\t\t><\/ul>\t\t\t\t<ol class=\"sow-slider-pagination\">\n\t\t\t\t\t\t\t\t\t<\/ol>\n\n\t\t\t\t<div class=\"sow-slide-nav sow-slide-nav-next\">\n\t\t\t\t\t<a href=\"#\" data-goto=\"next\" aria-label=\"Next slide\" data-action=\"next\">\n\t\t\t\t\t\t<em class=\"sow-sld-icon-thin-right\"><\/em>\n\t\t\t\t\t<\/a>\n\t\t\t\t<\/div>\n\n\t\t\t\t<div class=\"sow-slide-nav sow-slide-nav-prev\">\n\t\t\t\t\t<a href=\"#\" data-goto=\"previous\" aria-label=\"Previous slide\" data-action=\"prev\">\n\t\t\t\t\t\t<em class=\"sow-sld-icon-thin-left\"><\/em>\n\t\t\t\t\t<\/a>\n\t\t\t\t<\/div>\n\t\t\t\t<\/div><\/div><\/div><\/div><\/div><div id=\"pg-6398-1\"  class=\"panel-grid panel-no-style\" ><div id=\"pgc-6398-1-0\"  class=\"panel-grid-cell\" ><div id=\"panel-6398-1-0-0\" class=\"so-panel widget widget_sow-image panel-first-child panel-last-child\" data-index=\"1\" ><div\n\t\t\t\n\t\t\tclass=\"so-widget-sow-image so-widget-sow-image-default-8b5b6f678277-6398\"\n\t\t\t\n\t\t>\n<div class=\"sow-image-container\">\n\t\t<img \n\tsrc=\"https:\/\/troypetshop.com\/wp-content\/uploads\/2023\/10\/pet_banner_bed1.jpg\" width=\"1260\" height=\"240\" srcset=\"https:\/\/troypetshop.com\/wp-content\/uploads\/2023\/10\/pet_banner_bed1.jpg 1260w, https:\/\/troypetshop.com\/wp-content\/uploads\/2023\/10\/pet_banner_bed1-300x57.jpg 300w, https:\/\/troypetshop.com\/wp-content\/uploads\/2023\/10\/pet_banner_bed1-1024x195.jpg 1024w, https:\/\/troypetshop.com\/wp-content\/uploads\/2023\/10\/pet_banner_bed1-768x146.jpg 768w, https:\/\/troypetshop.com\/wp-content\/uploads\/2023\/10\/pet_banner_bed1-800x152.jpg 800w, https:\/\/troypetshop.com\/wp-content\/uploads\/2023\/10\/pet_banner_bed1-100x19.jpg 100w\" sizes=\"(max-width: 1260px) 100vw, 1260px\" title=\"Banni\u00e8re_pour_les_animaux_de_lit1\" alt=\"\" \t\tclass=\"so-widget-image\"\/>\n\t<\/div>\n\n<\/div><\/div><\/div><\/div><div id=\"pg-6398-2\"  class=\"panel-grid panel-no-style\" ><div id=\"pgc-6398-2-0\"  class=\"panel-grid-cell\" ><div id=\"panel-6398-2-0-0\" class=\"so-panel widget widget_sow-headline panel-first-child panel-last-child\" data-index=\"2\" ><div class=\"panel-widget-style panel-widget-style-for-6398-2-0-0\" ><div\n\t\t\t\n\t\t\tclass=\"so-widget-sow-headline so-widget-sow-headline-default-8869905cde8a-6398 so-widget-fittext-wrapper\"\n\t\t\t data-fit-text-compressor=\"\"\n\t\t><div class=\"sow-headline-container \">\n\t\t\t\t\t\t\t<h1 class=\"sow-headline\">\n\t\t\t\t\t\t\u00c0 propos de nous\t\t\t\t\t\t<\/h1>\n\t\t\t\t\t\t\t\t\t\t\t\t<h3 class=\"sow-sub-headline\">\n\t\t\t\t\t\t Vous pouvez trouver des colliers, des lits et des v\u00eatements pour chats et chiens dans notre magasin situ\u00e9 \u00e0 Budapest. Nous sommes l\u00e0 pour servir vos animaux de compagnie et nous voulons faire le mieux possible. Vous pouvez commander en ligne et venir chercher votre commande au magasin ou nous pouvons vous livrer \u00e0 votre adresse.   \t\t\t\t\t\t<\/h3>\n\t\t\t\t\t\t<\/div>\n<\/div><\/div><\/div><\/div><\/div><div id=\"pg-6398-3\"  class=\"panel-grid panel-no-style\" ><div id=\"pgc-6398-3-0\"  class=\"panel-grid-cell\" ><div id=\"panel-6398-3-0-0\" class=\"so-panel widget widget_sow-image panel-first-child\" data-index=\"3\" ><div\n\t\t\t\n\t\t\tclass=\"so-widget-sow-image so-widget-sow-image-default-113ccd71f3e6-6398\"\n\t\t\t\n\t\t>\n<div class=\"sow-image-container\">\n\t\t\t<a href=\"https:\/\/troypetshop.com\/fr\/categorie-produit\/nos-produits\/chien\/colliers-et-laisses-pour-chiens\/\"\n\t\t\ttarget=\"_blank\" rel=\"noopener noreferrer\" \t\t>\n\t\t\t<img \n\tsrc=\"https:\/\/troypetshop.com\/wp-content\/uploads\/2025\/11\/Double-Layered-Dog-Harness_RS2-212x182.jpg\" width=\"212\" height=\"182\" sizes=\"(max-width: 212px) 100vw, 212px\" title=\"Harnais pour chien \u00e0 double couche_RS2\" alt=\"\" \t\tclass=\"so-widget-image\"\/>\n\t\t\t<\/a><\/div>\n\n<\/div><\/div><div id=\"panel-6398-3-0-1\" class=\"so-panel widget widget_sow-editor panel-last-child\" data-index=\"4\" ><div\n\t\t\t\n\t\t\tclass=\"so-widget-sow-editor so-widget-sow-editor-base\"\n\t\t\t\n\t\t><h3 class=\"widget-title\">Colliers pour chiens et chats<\/h3>\n<div class=\"siteorigin-widget-tinymce textwidget\">\n\t<h5>Colliers r\u00e9glables pour chiens et chats. Les produits sont fabriqu\u00e9s dans des mat\u00e9riaux r\u00e9sistants et durables. Les couleurs sont g\u00e9n\u00e9ralement le rouge, le noir, le bleu, le vert, le marron clair, le marron fonc\u00e9 et le beige. Tous les produits sont dot\u00e9s de boucles en nickel brillant inoxydable.   <\/h5>\n<\/div>\n<\/div><\/div><\/div><div id=\"pgc-6398-3-1\"  class=\"panel-grid-cell\" ><div id=\"panel-6398-3-1-0\" class=\"so-panel widget widget_sow-image panel-first-child\" data-index=\"5\" ><div\n\t\t\t\n\t\t\tclass=\"so-widget-sow-image so-widget-sow-image-default-113ccd71f3e6-6398\"\n\t\t\t\n\t\t>\n<div class=\"sow-image-container\">\n\t\t\t<a href=\"https:\/\/troypetshop.com\/fr\/categorie-produit\/nos-produits\/cat-fr\/meubles-et-maisons\/\"\n\t\t\ttarget=\"_blank\" rel=\"noopener noreferrer\" \t\t>\n\t\t\t<img \n\tsrc=\"https:\/\/troypetshop.com\/wp-content\/uploads\/2023\/11\/3-Leg-Cat-House_Red_Large.jpg\" width=\"191\" height=\"182\" sizes=\"(max-width: 191px) 100vw, 191px\" title=\"Maison tour \u00e0 chat 3 pieds rouge\" alt=\"\" \t\tclass=\"so-widget-image\"\/>\n\t\t\t<\/a><\/div>\n\n<\/div><\/div><div id=\"panel-6398-3-1-1\" class=\"so-panel widget widget_sow-editor panel-last-child\" data-index=\"6\" ><div class=\"panel-widget-style panel-widget-style-for-6398-3-1-1\" ><div\n\t\t\t\n\t\t\tclass=\"so-widget-sow-editor so-widget-sow-editor-base\"\n\t\t\t\n\t\t><h3 class=\"widget-title\">Meubles et maisons pour chats<\/h3>\n<div class=\"siteorigin-widget-tinymce textwidget\">\n\t<div id=\"maincontent\" class=\"has-aside-ad no-axb layout-small\">\n<div id=\"content\" class=\"content\">\n<h5>Une maison pour chats est une chatterie, un endroit o\u00f9 les chats sont log\u00e9s et la plupart d'entre eux pr\u00e9f\u00e8rent un espace s\u00fbr, sur\u00e9lev\u00e9 par rapport au sol. Elle leur offre un abri parfait et le confort n\u00e9cessaire pour se reposer. Il y en a pour tous les chats dans cette boutique en ligne !  <\/h5>\n<article class=\"flex gallery-container none allowvig loaded\" role=\"application\" aria-label=\"slideshow\" data-m=\"{\"i\":54,\"p\":51,\"n\":\"gallery\",\"y\":8,\"o\":3}\" data-id=\"54\" data-aop=\"galleryflex\" data-nativead-2call-placements=\"interstitialgallery:3\" data-nativead-placements=\"article_aside:3;singlecard1:1;singlecard2:1;singlecard3:1;singlecard4:1;singlecard5:1;singlecard6:1;singlecard7:1;singlecard8:1;singlecard9:1;singlecard10:1;singlecard11:1;\">\n<div class=\"gallerydata\" data-aop=\"galleryflex_slidedata\">\n<div class=\"show\">\n<div class=\"body-text\">\n<div class=\"expand\">\n<figure><figcaption>\n<div class=\"caption\">\n<div class=\"gallery-caption-text\">\n<p>&nbsp;<\/p>\n<\/div>\n<\/div>\n<\/figcaption><\/figure>\n<\/div>\n<\/div>\n<\/div>\n<\/div>\n<\/article>\n<p>&nbsp;<\/p>\n<\/div>\n<\/div>\n<\/div>\n<\/div><\/div><\/div><\/div><div id=\"pgc-6398-3-2\"  class=\"panel-grid-cell\" ><div id=\"panel-6398-3-2-0\" class=\"so-panel widget widget_sow-image panel-first-child\" data-index=\"7\" ><div\n\t\t\t\n\t\t\tclass=\"so-widget-sow-image so-widget-sow-image-default-113ccd71f3e6-6398\"\n\t\t\t\n\t\t>\n<div class=\"sow-image-container\">\n\t\t\t<a href=\"https:\/\/troypetshop.com\/fr\/product\/litieres-pour-chats-copy\/\"\n\t\t\ttarget=\"_blank\" rel=\"noopener noreferrer\" \t\t>\n\t\t\t<img \n\tsrc=\"https:\/\/troypetshop.com\/wp-content\/uploads\/2026\/02\/Citrom2-1-272x182.jpg\" width=\"272\" height=\"182\" sizes=\"(max-width: 272px) 100vw, 272px\" title=\"Citrom2\" alt=\"\" \t\tclass=\"so-widget-image\"\/>\n\t\t\t<\/a><\/div>\n\n<\/div><\/div><div id=\"panel-6398-3-2-1\" class=\"so-panel widget widget_sow-editor panel-last-child\" data-index=\"8\" ><div\n\t\t\t\n\t\t\tclass=\"so-widget-sow-editor so-widget-sow-editor-base\"\n\t\t\t\n\t\t><h3 class=\"widget-title\">Liti\u00e8res pour chats<\/h3>\n<div class=\"siteorigin-widget-tinymce textwidget\">\n\t<h5>Les chats l'appr\u00e9cient, il est s\u00fbr, hypo-allerg\u00e9nique et 100 % naturel. Au contact de liquides tels que l'urine, il absorbe 3,5 fois son poids, ce qui permet \u00e0 la liti\u00e8re pour chat de former des agglom\u00e9rats faciles \u00e0 ramasser. Il bloque les bact\u00e9ries et les germes et neutralise les odeurs.<\/h5>\n<\/div>\n<\/div><\/div><\/div><\/div><div id=\"pg-6398-4\"  class=\"panel-grid panel-no-style\" ><div id=\"pgc-6398-4-0\"  class=\"panel-grid-cell\" ><div id=\"panel-6398-4-0-0\" class=\"so-panel widget widget_sow-image panel-first-child\" data-index=\"9\" ><div\n\t\t\t\n\t\t\tclass=\"so-widget-sow-image so-widget-sow-image-default-113ccd71f3e6-6398\"\n\t\t\t\n\t\t>\n<div class=\"sow-image-container\">\n\t\t\t<a href=\"https:\/\/troypetshop.com\/fr\/categorie-produit\/nos-produits\/chien\/vetements-pour-chiens\/\"\n\t\t\ttarget=\"_blank\" rel=\"noopener noreferrer\" \t\t>\n\t\t\t<img \n\tsrc=\"https:\/\/troypetshop.com\/wp-content\/uploads\/2024\/02\/Cat-Dog-Clothes_R-272x182.jpg\" width=\"272\" height=\"182\" sizes=\"(max-width: 272px) 100vw, 272px\" title=\"Chat-Chien-V\u00eatements_R\" alt=\"\" \t\tclass=\"so-widget-image\"\/>\n\t\t\t<\/a><\/div>\n\n<\/div><\/div><div id=\"panel-6398-4-0-1\" class=\"so-panel widget widget_sow-editor panel-last-child\" data-index=\"10\" ><div\n\t\t\t\n\t\t\tclass=\"so-widget-sow-editor so-widget-sow-editor-base\"\n\t\t\t\n\t\t><h3 class=\"widget-title\">V\u00eatements pour chats et chiens<\/h3>\n<div class=\"siteorigin-widget-tinymce textwidget\">\n\t<h5>Le chat et le chien ont tous deux 4 pattes et une queue dans la m\u00eame position. Recherchez simplement les tailles adapt\u00e9es \u00e0 un chien dont le poids est similaire \u00e0 celui de votre chat. Ils peuvent donc porter des v\u00eatements pour chiens. De plus, les v\u00eatements leur procurent un confort et un sentiment de s\u00e9curit\u00e9 qui les aident \u00e0 se calmer.   <\/h5>\n<\/div>\n<\/div><\/div><\/div><div id=\"pgc-6398-4-1\"  class=\"panel-grid-cell\" ><div id=\"panel-6398-4-1-0\" class=\"so-panel widget widget_sow-image panel-first-child\" data-index=\"11\" ><div\n\t\t\t\n\t\t\tclass=\"so-widget-sow-image so-widget-sow-image-default-113ccd71f3e6-6398\"\n\t\t\t\n\t\t>\n<div class=\"sow-image-container\">\n\t\t\t<a href=\"https:\/\/troypetshop.com\/fr\/categorie-produit\/nos-produits\/cat-fr\/lits\/\"\n\t\t\ttarget=\"_blank\" rel=\"noopener noreferrer\" \t\t>\n\t\t\t<img \n\tsrc=\"https:\/\/troypetshop.com\/wp-content\/uploads\/2023\/10\/Well_Soft3-272x182.jpg\" width=\"272\" height=\"182\" sizes=\"(max-width: 272px) 100vw, 272px\" title=\"Lit Well_Soft_Pet\" alt=\"\" \t\tclass=\"so-widget-image\"\/>\n\t\t\t<\/a><\/div>\n\n<\/div><\/div><div id=\"panel-6398-4-1-1\" class=\"so-panel widget widget_sow-editor panel-last-child\" data-index=\"12\" ><div\n\t\t\t\n\t\t\tclass=\"so-widget-sow-editor so-widget-sow-editor-base\"\n\t\t\t\n\t\t><h3 class=\"widget-title\">Lits pour chats et chiens<\/h3>\n<div class=\"siteorigin-widget-tinymce textwidget\">\n\t<h5>Id\u00e9al pour les animaux domestiques, les chats et les chiens de petite ou moyenne taille. Le bord sur\u00e9lev\u00e9 soutient la t\u00eate et le cou. Rembourrage super doux, rembourrage : fibre creuse - 100% polyester. Lavable en machine, temp\u00e9rature de lavage maximale : 30\u00b0C   <\/h5>\n<\/div>\n<\/div><\/div><\/div><div id=\"pgc-6398-4-2\"  class=\"panel-grid-cell\" ><div id=\"panel-6398-4-2-0\" class=\"so-panel widget widget_sow-image panel-first-child\" data-index=\"13\" ><div\n\t\t\t\n\t\t\tclass=\"so-widget-sow-image so-widget-sow-image-default-113ccd71f3e6-6398\"\n\t\t\t\n\t\t>\n<div class=\"sow-image-container\">\n\t\t\t<a href=\"https:\/\/troypetshop.com\/fr\/categorie-produit\/nos-produits\/accessoires-pour-chats-et-chiens\/bols\/\"\n\t\t\ttarget=\"_blank\" rel=\"noopener noreferrer\" \t\t>\n\t\t\t<img \n\tsrc=\"https:\/\/troypetshop.com\/wp-content\/uploads\/2023\/10\/Wooden-Bowl-250x182.jpg\" width=\"250\" height=\"182\" sizes=\"(max-width: 250px) 100vw, 250px\" title=\"Bols en bois\" alt=\"\" \t\tclass=\"so-widget-image\"\/>\n\t\t\t<\/a><\/div>\n\n<\/div><\/div><div id=\"panel-6398-4-2-1\" class=\"so-panel widget widget_sow-editor panel-last-child\" data-index=\"14\" ><div\n\t\t\t\n\t\t\tclass=\"so-widget-sow-editor so-widget-sow-editor-base\"\n\t\t\t\n\t\t><h3 class=\"widget-title\">Accessoires pour chats et chiens<\/h3>\n<div class=\"siteorigin-widget-tinymce textwidget\">\n\t<h5>Les animaux domestiques adorent l\u00e9cher leur gamelle pour en extraire le moindre morceau de nourriture ! Ils mangent et boivent dans leurs gamelles plusieurs fois par jour, tous les jours. Nos animaux de compagnie font partie de notre famille et ils m\u00e9ritent ce qu'il y a de mieux !  <\/h5>\n<\/div>\n<\/div><\/div><\/div><\/div><div id=\"pg-6398-5\"  class=\"panel-grid panel-no-style\" ><div id=\"pgc-6398-5-0\"  class=\"panel-grid-cell\" ><div id=\"panel-6398-5-0-0\" class=\"so-panel widget widget_sow-button panel-first-child panel-last-child\" data-index=\"15\" ><div class=\"panel-widget-style panel-widget-style-for-6398-5-0-0\" ><div\n\t\t\t\n\t\t\tclass=\"so-widget-sow-button so-widget-sow-button-wire-1c4264d9bdb1-6398\"\n\t\t\t\n\t\t><div class=\"ow-button-base ow-button-align-center\"\n>\n\t\t\t<a\n\t\t\t\t\thref=\"https:\/\/troypetshop.com\/fr\/categorie-produit\/nos-produits\/\"\n\t\t\t\t\tclass=\"sowb-button ow-icon-placement-left ow-button-hover\" target=\"_blank\" rel=\"noopener noreferrer\" \t>\n\t\t<span>\n\t\t\t\n\t\t\tSHOP NOW\t\t<\/span>\n\t\t\t<\/a>\n\t<\/div>\n<\/div><\/div><\/div><\/div><\/div><div id=\"pg-6398-6\"  class=\"panel-grid panel-no-style\" ><div id=\"pgc-6398-6-0\"  class=\"panel-grid-cell\" ><div id=\"panel-6398-6-0-0\" class=\"so-panel widget widget_circleicon-widget panel-first-child panel-last-child\" data-index=\"16\" >\t\t<div class=\"circle-icon-box circle-icon-position-top circle-icon-hide-box circle-icon-size-small \">\n\t\t\t\t\t\t\t<div class=\"circle-icon-wrapper\">\n\t\t\t\t\t\t\t\t\t\t<a href=\"http:\/\/troypetshop.com\/contact-details\/\" class=\"link-icon\" target=\"_blank\">\t\t\t\t\t<div class=\"circle-icon\" >\n\t\t\t\t\t\t\t\t\t\t\t\t\t<div\n\t\t\t\t\t\t\t\tclass=\"fa fa-id-card\"\n\t\t\t\t\t\t\t\tstyle=\"color: #2ec1bc\"\t\t\t\t\t\t\t><\/div>\n\t\t\t\t\t\t\t\t\t\t\t<\/div>\n\t\t\t\t\t<\/a>\t\t\t\t<\/div>\n\t\t\t\n\t\t\t\t\t\t\t<a\n\t\t\t\t\thref=\"http:\/\/troypetshop.com\/contact-details\/\"\n\t\t\t\t\tclass=\"link-title\" target=&quot;_blank&quot;\t\t\t\t>\n\t\t\t\t\t\t\t\t\t\t<h4 >\n\t\t\t\t\tCoordonn\u00e9es\t\t\t\t<\/h4>\n\t\t\t\t\t\t\t\t\t\t<\/a>\n\t\t\t\n\t\t\t\t\t\t\t<p class=\"text\" style=\"color: #000000\">\n\t\t\t\tVous trouverez ci-dessous les coordonn\u00e9es de notre entreprise.\t\t\t<\/p>\n\t\t\t\t\t\t\t\t\t\t<a\n\t\t\t\t\thref=\"http:\/\/troypetshop.com\/contact-details\/\"\n\t\t\t\t\tclass=\"more-button\"\n\t\t\t\t\ttarget=&quot;_blank&quot;style=\"color: #000000\"\t\t\t\t>\n\t\t\t\t\tPlus d&#039;informations\t\t\t\t\t<i><\/i>\n\t\t\t\t<\/a>\n\t\t\t\t\t<\/div>\n\t\t<\/div><\/div><div id=\"pgc-6398-6-1\"  class=\"panel-grid-cell\" ><div id=\"panel-6398-6-1-0\" class=\"so-panel widget widget_circleicon-widget panel-first-child panel-last-child\" data-index=\"17\" >\t\t<div class=\"circle-icon-box circle-icon-position-top circle-icon-hide-box circle-icon-size-small \">\n\t\t\t\t\t\t\t<div class=\"circle-icon-wrapper\">\n\t\t\t\t\t\t\t\t\t\t<a href=\"https:\/\/troypetshop.com\/privacy-policy-2\/\" class=\"link-icon\" target=\"_blank\">\t\t\t\t\t<div class=\"circle-icon\" >\n\t\t\t\t\t\t\t\t\t\t\t\t\t<div\n\t\t\t\t\t\t\t\tclass=\"fa fa-check-circle-o\"\n\t\t\t\t\t\t\t\tstyle=\"color: #dd3333\"\t\t\t\t\t\t\t><\/div>\n\t\t\t\t\t\t\t\t\t\t\t<\/div>\n\t\t\t\t\t<\/a>\t\t\t\t<\/div>\n\t\t\t\n\t\t\t\t\t\t\t<a\n\t\t\t\t\thref=\"https:\/\/troypetshop.com\/privacy-policy-2\/\"\n\t\t\t\t\tclass=\"link-title\" target=&quot;_blank&quot;\t\t\t\t>\n\t\t\t\t\t\t\t\t\t\t<h4 >\n\t\t\t\t\tPolitique de confidentialit\u00e9\t\t\t\t<\/h4>\n\t\t\t\t\t\t\t\t\t\t<\/a>\n\t\t\t\n\t\t\t\t\t\t\t<p class=\"text\" style=\"color: #0a0a0a\">\n\t\t\t\tNous nous engageons \u00e0 prot\u00e9ger et \u00e0 respecter la confidentialit\u00e9 de vos donn\u00e9es personnelles.\t\t\t<\/p>\n\t\t\t\t\t\t\t\t\t\t<a\n\t\t\t\t\thref=\"https:\/\/troypetshop.com\/privacy-policy-2\/\"\n\t\t\t\t\tclass=\"more-button\"\n\t\t\t\t\ttarget=&quot;_blank&quot;style=\"color: #0a0a0a\"\t\t\t\t>\n\t\t\t\t\tPlus d&#039;informations\t\t\t\t\t<i><\/i>\n\t\t\t\t<\/a>\n\t\t\t\t\t<\/div>\n\t\t<\/div><\/div><div id=\"pgc-6398-6-2\"  class=\"panel-grid-cell\" ><div id=\"panel-6398-6-2-0\" class=\"so-panel widget widget_circleicon-widget panel-first-child panel-last-child\" data-index=\"18\" >\t\t<div class=\"circle-icon-box circle-icon-position-top circle-icon-hide-box circle-icon-size-small \">\n\t\t\t\t\t\t\t<div class=\"circle-icon-wrapper\">\n\t\t\t\t\t\t\t\t\t\t<a href=\"http:\/\/troypetshop.com\/general-terms-and-conditions\" class=\"link-icon\" target=\"_blank\">\t\t\t\t\t<div class=\"circle-icon\" >\n\t\t\t\t\t\t\t\t\t\t\t\t\t<div\n\t\t\t\t\t\t\t\tclass=\"fa fa-legal\"\n\t\t\t\t\t\t\t\tstyle=\"color: #81d742\"\t\t\t\t\t\t\t><\/div>\n\t\t\t\t\t\t\t\t\t\t\t<\/div>\n\t\t\t\t\t<\/a>\t\t\t\t<\/div>\n\t\t\t\n\t\t\t\t\t\t\t<a\n\t\t\t\t\thref=\"http:\/\/troypetshop.com\/general-terms-and-conditions\"\n\t\t\t\t\tclass=\"link-title\" target=&quot;_blank&quot;\t\t\t\t>\n\t\t\t\t\t\t\t\t\t\t<h4 >\n\t\t\t\t\tConditions g\u00e9n\u00e9rales d'utilisation\t\t\t\t<\/h4>\n\t\t\t\t\t\t\t\t\t\t<\/a>\n\t\t\t\n\t\t\t\t\t\t\t<p class=\"text\" style=\"color: #000000\">\n\t\t\t\tLes clients peuvent nous contacter dans les 14 jours suivant la r\u00e9ception de l'article.\t\t\t<\/p>\n\t\t\t\t\t\t\t\t\t\t<a\n\t\t\t\t\thref=\"http:\/\/troypetshop.com\/general-terms-and-conditions\"\n\t\t\t\t\tclass=\"more-button\"\n\t\t\t\t\ttarget=&quot;_blank&quot;style=\"color: #000000\"\t\t\t\t>\n\t\t\t\t\tPlus d&#039;informations\t\t\t\t\t<i><\/i>\n\t\t\t\t<\/a>\n\t\t\t\t\t<\/div>\n\t\t<\/div><\/div><\/div><div id=\"pg-6398-7\"  class=\"panel-grid panel-has-style\" ><div class=\"panel-row-style panel-row-style-for-6398-7\" ><div id=\"pgc-6398-7-0\"  class=\"panel-grid-cell\" ><div id=\"panel-6398-7-0-0\" class=\"so-panel widget widget_sow-social-media-buttons panel-first-child panel-last-child\" data-index=\"19\" ><div class=\"panel-widget-style panel-widget-style-for-6398-7-0-0\" ><div\n\t\t\t\n\t\t\tclass=\"so-widget-sow-social-media-buttons so-widget-sow-social-media-buttons-wire-67ad17b59a66-6398\"\n\t\t\t\n\t\t>\n\n<div class=\"social-media-button-container\">\n\t\n\t\t<a \n\t\tclass=\"sow-social-media-button-facebook-0 sow-social-media-button\" title=\"Troy Pet Shop sur Facebook\" aria-label=\"Troy Pet Shop sur Facebook\" target=\"_blank\" rel=\"noopener noreferrer\" href=\"https:\/\/www.facebook.com\/\" \t\t>\n\t\t\t<span>\n\t\t\t\t\t\t\t\t<span class=\"sow-icon-fontawesome sow-fab\" data-sow-icon=\"&#xf39e;\"\n\t\t \n\t\taria-hidden=\"true\"><\/span>\t\t\t\t\t\t\t<\/span>\n\t\t<\/a>\n\t\n\t\t<a \n\t\tclass=\"sow-social-media-button-x-twitter-0 sow-social-media-button\" title=\"Troy Pet Shop sur X Twitter\" aria-label=\"Troy Pet Shop sur X Twitter\" target=\"_blank\" rel=\"noopener noreferrer\" href=\"https:\/\/twitter.com\/\" \t\t>\n\t\t\t<span>\n\t\t\t\t\t\t\t\t<span class=\"sow-icon-fontawesome sow-fab\" data-sow-icon=\"&#xe61b;\"\n\t\t \n\t\taria-hidden=\"true\"><\/span>\t\t\t\t\t\t\t<\/span>\n\t\t<\/a>\n\t\n\t\t<a \n\t\tclass=\"sow-social-media-button-pinterest-0 sow-social-media-button\" title=\"Troy Pet Shop sur Pinterest\" aria-label=\"Troy Pet Shop sur Pinterest\" target=\"_blank\" rel=\"noopener noreferrer\" href=\"https:\/\/www.pinterest.com\/\" \t\t>\n\t\t\t<span>\n\t\t\t\t\t\t\t\t<span class=\"sow-icon-fontawesome sow-fab\" data-sow-icon=\"&#xf0d2;\"\n\t\t \n\t\taria-hidden=\"true\"><\/span>\t\t\t\t\t\t\t<\/span>\n\t\t<\/a>\n\t<\/div>\n<\/div><\/div><\/div><\/div><\/div><\/div><\/div>","protected":false},"excerpt":{"rendered":"<p>\u00c0 propos de nous Vous pouvez trouver des colliers, des lits et des v\u00eatements pour chats et chiens dans notre magasin situ\u00e9 \u00e0 Budapest. Nous sommes l\u00e0 pour servir vos animaux de compagnie et nous voulons faire le mieux possible. Vous pouvez commander en ligne et venir chercher votre commande au magasin ou nous pouvons [&hellip;]<\/p>\n","protected":false},"author":1,"featured_media":0,"parent":0,"menu_order":0,"comment_status":"open","ping_status":"closed","template":"home-panels.php","meta":{"footnotes":""},"class_list":["post-6398","page","type-page","status-publish","hentry","post"],"_links":{"self":[{"href":"https:\/\/troypetshop.com\/fr\/wp-json\/wp\/v2\/pages\/6398","targetHints":{"allow":["GET"]}}],"collection":[{"href":"https:\/\/troypetshop.com\/fr\/wp-json\/wp\/v2\/pages"}],"about":[{"href":"https:\/\/troypetshop.com\/fr\/wp-json\/wp\/v2\/types\/page"}],"author":[{"embeddable":true,"href":"https:\/\/troypetshop.com\/fr\/wp-json\/wp\/v2\/users\/1"}],"replies":[{"embeddable":true,"href":"https:\/\/troypetshop.com\/fr\/wp-json\/wp\/v2\/comments?post=6398"}],"version-history":[{"count":47,"href":"https:\/\/troypetshop.com\/fr\/wp-json\/wp\/v2\/pages\/6398\/revisions"}],"predecessor-version":[{"id":12574,"href":"https:\/\/troypetshop.com\/fr\/wp-json\/wp\/v2\/pages\/6398\/revisions\/12574"}],"wp:attachment":[{"href":"https:\/\/troypetshop.com\/fr\/wp-json\/wp\/v2\/media?parent=6398"}],"curies":[{"name":"wp","href":"https:\/\/api.w.org\/{rel}","templated":true}]}}