{"id":10261,"date":"2025-06-30T18:15:39","date_gmt":"2025-06-30T16:15:39","guid":{"rendered":"https:\/\/troypetshop.com\/product\/tapis-de-litiere-pour-chat-impermeable\/"},"modified":"2026-02-28T16:44:12","modified_gmt":"2026-02-28T15:44:12","slug":"tapis-de-litiere-pour-chat-impermeable","status":"publish","type":"product","link":"https:\/\/troypetshop.com\/fr\/product\/tapis-de-litiere-pour-chat-impermeable\/","title":{"rendered":"Tapis de liti\u00e8re pour chat imperm\u00e9able"},"content":{"rendered":"","protected":false},"excerpt":{"rendered":"<p>Tapis de liti\u00e8re imperm\u00e9able pour chat, taille 40 x 60 cm, double couche, noir<\/p>\n","protected":false},"featured_media":10207,"comment_status":"open","ping_status":"closed","template":"","meta":[],"product_brand":[],"product_cat":[1101,1457,1462,1182,458,2477],"product_tag":[1091,2319,2317,1183,2318],"class_list":{"0":"post-10261","1":"product","2":"type-product","3":"status-publish","4":"has-post-thumbnail","6":"product_cat-accessoires-pour-chats-et-chiens","7":"product_cat-boite-de-toilette-fermee-pour-chat","8":"product_cat-boite-de-toilette-ouverte-pour-chat","9":"product_cat-litieres-pour-chats","10":"product_cat-nos-produits","11":"product_cat-tapis-pour-animaux","12":"product_tag-cat-fr","13":"product_tag-double-couche","14":"product_tag-impermeable","15":"product_tag-litiere","16":"product_tag-mat-fr","17":"post","18":"post-with-thumbnail","19":"post-with-thumbnail-large","21":"first","22":"instock","23":"sale","24":"taxable","25":"shipping-taxable","26":"purchasable","27":"product-type-simple"},"_links":{"self":[{"href":"https:\/\/troypetshop.com\/fr\/wp-json\/wp\/v2\/product\/10261","targetHints":{"allow":["GET"]}}],"collection":[{"href":"https:\/\/troypetshop.com\/fr\/wp-json\/wp\/v2\/product"}],"about":[{"href":"https:\/\/troypetshop.com\/fr\/wp-json\/wp\/v2\/types\/product"}],"replies":[{"embeddable":true,"href":"https:\/\/troypetshop.com\/fr\/wp-json\/wp\/v2\/comments?post=10261"}],"wp:featuredmedia":[{"embeddable":true,"href":"https:\/\/troypetshop.com\/fr\/wp-json\/wp\/v2\/media\/10207"}],"wp:attachment":[{"href":"https:\/\/troypetshop.com\/fr\/wp-json\/wp\/v2\/media?parent=10261"}],"wp:term":[{"taxonomy":"product_brand","embeddable":true,"href":"https:\/\/troypetshop.com\/fr\/wp-json\/wp\/v2\/product_brand?post=10261"},{"taxonomy":"product_cat","embeddable":true,"href":"https:\/\/troypetshop.com\/fr\/wp-json\/wp\/v2\/product_cat?post=10261"},{"taxonomy":"product_tag","embeddable":true,"href":"https:\/\/troypetshop.com\/fr\/wp-json\/wp\/v2\/product_tag?post=10261"}],"curies":[{"name":"wp","href":"https:\/\/api.w.org\/{rel}","templated":true}]}}