{"id":10456,"date":"2025-08-17T13:47:50","date_gmt":"2025-08-17T11:47:50","guid":{"rendered":"https:\/\/troypetshop.com\/?post_type=product&#038;p=10456"},"modified":"2026-02-28T16:53:46","modified_gmt":"2026-02-28T15:53:46","slug":"chat-ouvrir-la-cuvette-des-toilettes-copy","status":"publish","type":"product","link":"https:\/\/troypetshop.com\/fr\/product\/chat-ouvrir-la-cuvette-des-toilettes-copy\/","title":{"rendered":"Chat Ouvrir la cuvette des toilettes (Copy)"},"content":{"rendered":"","protected":false},"excerpt":{"rendered":"<p><strong>Bac \u00e0 liti\u00e8re ouvert pour chat<\/strong><br \/>\nL&rsquo;arri\u00e8re du bac est plus haut que l&rsquo;avant. Ainsi, nos chats font moins de d\u00e9g\u00e2ts en creusant dans la liti\u00e8re de bentonite.<br \/>\nFabriqu\u00e9 en plastique flexible et durable.<br \/>\nLe mat\u00e9riau utilis\u00e9 est 100 % sans \u00e9mission, vous pouvez donc l&rsquo;utiliser en toute s\u00e9curit\u00e9.<br \/>\nIl suffit d&rsquo;utiliser de l&rsquo;eau chaude et du savon pour le nettoyer.<br \/>\nLe produit est livr\u00e9 avec une pelle.<br \/>\nVous pouvez facilement tamiser les excr\u00e9ments et l&rsquo;urine \u00e0 l&rsquo;aide de la pelle fournie.<\/p>\n<p><strong>Dimensions du produit :<\/strong><\/p>\n<p><strong>Petite taille ;<\/strong> 42x30x18cm<br \/>\nLongueur : 42 cm<br \/>\nLargeur : 30 cm<br \/>\nHauteur du dos : 18 cm<\/p>\n<p><strong>Grande taille ;<\/strong> 42x30x18cm<br \/>\nLongueur : 50 cm<br \/>\nLargeur : 35 cm<br \/>\nHauteur du dossier : 22 cm<\/p>\n<p><strong>Veuillez s\u00e9lectionner l&rsquo;option de taille avant d&rsquo;ajouter au panier.<\/strong><\/p>\n","protected":false},"featured_media":8255,"comment_status":"open","ping_status":"closed","template":"","meta":[],"product_brand":[],"product_cat":[1462,1077,458],"product_tag":[1925,1091,1443],"class_list":{"0":"post-10456","1":"product","2":"type-product","3":"status-publish","4":"has-post-thumbnail","6":"product_cat-boite-de-toilette-ouverte-pour-chat","7":"product_cat-cat-fr","8":"product_cat-nos-produits","9":"product_tag-bac-a-litiere","10":"product_tag-cat-fr","11":"product_tag-toilette-pour-chat","12":"post","13":"post-with-thumbnail","14":"post-with-thumbnail-large","16":"first","17":"outofstock","18":"sale","19":"taxable","20":"shipping-taxable","21":"purchasable","22":"product-type-variable"},"_links":{"self":[{"href":"https:\/\/troypetshop.com\/fr\/wp-json\/wp\/v2\/product\/10456","targetHints":{"allow":["GET"]}}],"collection":[{"href":"https:\/\/troypetshop.com\/fr\/wp-json\/wp\/v2\/product"}],"about":[{"href":"https:\/\/troypetshop.com\/fr\/wp-json\/wp\/v2\/types\/product"}],"replies":[{"embeddable":true,"href":"https:\/\/troypetshop.com\/fr\/wp-json\/wp\/v2\/comments?post=10456"}],"wp:featuredmedia":[{"embeddable":true,"href":"https:\/\/troypetshop.com\/fr\/wp-json\/wp\/v2\/media\/8255"}],"wp:attachment":[{"href":"https:\/\/troypetshop.com\/fr\/wp-json\/wp\/v2\/media?parent=10456"}],"wp:term":[{"taxonomy":"product_brand","embeddable":true,"href":"https:\/\/troypetshop.com\/fr\/wp-json\/wp\/v2\/product_brand?post=10456"},{"taxonomy":"product_cat","embeddable":true,"href":"https:\/\/troypetshop.com\/fr\/wp-json\/wp\/v2\/product_cat?post=10456"},{"taxonomy":"product_tag","embeddable":true,"href":"https:\/\/troypetshop.com\/fr\/wp-json\/wp\/v2\/product_tag?post=10456"}],"curies":[{"name":"wp","href":"https:\/\/api.w.org\/{rel}","templated":true}]}}