{"id":10539,"date":"2025-08-20T12:28:50","date_gmt":"2025-08-20T10:28:50","guid":{"rendered":"https:\/\/troypetshop.com\/?post_type=product&#038;p=10539"},"modified":"2026-02-28T16:53:48","modified_gmt":"2026-02-28T15:53:48","slug":"chaussures-en-silicone-pour-chiens-copy","status":"publish","type":"product","link":"https:\/\/troypetshop.com\/fr\/product\/chaussures-en-silicone-pour-chiens-copy\/","title":{"rendered":"Jouets pour chien &#8211; Chaussure"},"content":{"rendered":"","protected":false},"excerpt":{"rendered":"<p>Jouet pour chien &#8211; Chaussure<\/p>\n<ul>\n<li>Mat\u00e9riau en latex durable,<\/li>\n<li>Hygi\u00e9nique et pratique<\/li>\n<li>Un plaisir suppl\u00e9mentaire pour votre chien gr\u00e2ce \u00e0 la fonction couineur<\/li>\n<li>Aspect mignon et attrayant<\/li>\n<\/ul>\n","protected":false},"featured_media":10643,"comment_status":"open","ping_status":"closed","template":"","meta":[],"product_brand":[],"product_cat":[2397,1022,1378],"product_tag":[1090,2044,2393],"class_list":{"0":"post-10539","1":"product","2":"type-product","3":"status-publish","4":"has-post-thumbnail","6":"product_cat-chaussure","7":"product_cat-chien","8":"product_cat-jouets-pour-chiens","9":"product_tag-chien","10":"product_tag-jouets","11":"product_tag-visage-danimal","12":"post","13":"post-with-thumbnail","14":"post-with-thumbnail-large","16":"first","17":"outofstock","18":"sale","19":"taxable","20":"shipping-taxable","21":"purchasable","22":"product-type-variable"},"_links":{"self":[{"href":"https:\/\/troypetshop.com\/fr\/wp-json\/wp\/v2\/product\/10539","targetHints":{"allow":["GET"]}}],"collection":[{"href":"https:\/\/troypetshop.com\/fr\/wp-json\/wp\/v2\/product"}],"about":[{"href":"https:\/\/troypetshop.com\/fr\/wp-json\/wp\/v2\/types\/product"}],"replies":[{"embeddable":true,"href":"https:\/\/troypetshop.com\/fr\/wp-json\/wp\/v2\/comments?post=10539"}],"wp:featuredmedia":[{"embeddable":true,"href":"https:\/\/troypetshop.com\/fr\/wp-json\/wp\/v2\/media\/10643"}],"wp:attachment":[{"href":"https:\/\/troypetshop.com\/fr\/wp-json\/wp\/v2\/media?parent=10539"}],"wp:term":[{"taxonomy":"product_brand","embeddable":true,"href":"https:\/\/troypetshop.com\/fr\/wp-json\/wp\/v2\/product_brand?post=10539"},{"taxonomy":"product_cat","embeddable":true,"href":"https:\/\/troypetshop.com\/fr\/wp-json\/wp\/v2\/product_cat?post=10539"},{"taxonomy":"product_tag","embeddable":true,"href":"https:\/\/troypetshop.com\/fr\/wp-json\/wp\/v2\/product_tag?post=10539"}],"curies":[{"name":"wp","href":"https:\/\/api.w.org\/{rel}","templated":true}]}}