{"id":10730,"date":"2025-08-23T14:09:05","date_gmt":"2025-08-23T12:09:05","guid":{"rendered":"https:\/\/troypetshop.com\/product\/double-bol-dalimentation\/"},"modified":"2026-02-28T16:49:08","modified_gmt":"2026-02-28T15:49:08","slug":"double-bol-dalimentation","status":"publish","type":"product","link":"https:\/\/troypetshop.com\/fr\/product\/double-bol-dalimentation\/","title":{"rendered":"Double bol d&rsquo;alimentation"},"content":{"rendered":"","protected":false},"excerpt":{"rendered":"<p>Cette gamelle moderne est id\u00e9ale pour les chiens et les chats. Cette gamelle en forme de losange contient deux bols en acier inoxydable faciles \u00e0 retirer et \u00e0 nettoyer, garantissant une exp\u00e9rience hygi\u00e9nique \u00e0 votre animal. La base en plastique durable et antid\u00e9rapante maintient les bols en place afin qu&rsquo;ils ne glissent pas pendant le repas, et leur conception sur\u00e9lev\u00e9e assure un confort optimal lors de l&rsquo;alimentation.  <\/p>\n<ul>\n<li>Dimensions : 16,3 cm x 32 cm x 6 cm<\/li>\n<li>Taille du bol : 13 cm<\/li>\n<li>Plastique en forme de diamant et acier inoxydable<\/li>\n<\/ul>\n","protected":false},"featured_media":10727,"comment_status":"open","ping_status":"closed","template":"","meta":[],"product_brand":[],"product_cat":[1101,1215],"product_tag":[2420,1216,2419],"class_list":{"0":"post-10730","1":"product","2":"type-product","3":"status-publish","4":"has-post-thumbnail","6":"product_cat-accessoires-pour-chats-et-chiens","7":"product_cat-bols","8":"product_tag-alimentation","9":"product_tag-cuvette","10":"product_tag-double-fr","11":"post","12":"post-with-thumbnail","13":"post-with-thumbnail-large","15":"first","16":"outofstock","17":"sale","18":"taxable","19":"shipping-taxable","20":"purchasable","21":"product-type-simple"},"_links":{"self":[{"href":"https:\/\/troypetshop.com\/fr\/wp-json\/wp\/v2\/product\/10730","targetHints":{"allow":["GET"]}}],"collection":[{"href":"https:\/\/troypetshop.com\/fr\/wp-json\/wp\/v2\/product"}],"about":[{"href":"https:\/\/troypetshop.com\/fr\/wp-json\/wp\/v2\/types\/product"}],"replies":[{"embeddable":true,"href":"https:\/\/troypetshop.com\/fr\/wp-json\/wp\/v2\/comments?post=10730"}],"wp:featuredmedia":[{"embeddable":true,"href":"https:\/\/troypetshop.com\/fr\/wp-json\/wp\/v2\/media\/10727"}],"wp:attachment":[{"href":"https:\/\/troypetshop.com\/fr\/wp-json\/wp\/v2\/media?parent=10730"}],"wp:term":[{"taxonomy":"product_brand","embeddable":true,"href":"https:\/\/troypetshop.com\/fr\/wp-json\/wp\/v2\/product_brand?post=10730"},{"taxonomy":"product_cat","embeddable":true,"href":"https:\/\/troypetshop.com\/fr\/wp-json\/wp\/v2\/product_cat?post=10730"},{"taxonomy":"product_tag","embeddable":true,"href":"https:\/\/troypetshop.com\/fr\/wp-json\/wp\/v2\/product_tag?post=10730"}],"curies":[{"name":"wp","href":"https:\/\/api.w.org\/{rel}","templated":true}]}}