{"id":10741,"date":"2025-08-23T23:46:42","date_gmt":"2025-08-23T21:46:42","guid":{"rendered":"https:\/\/troypetshop.com\/product\/laisse-a-chaine-courte-a-ressort\/"},"modified":"2026-02-28T16:47:03","modified_gmt":"2026-02-28T15:47:03","slug":"laisse-a-chaine-courte-a-ressort","status":"publish","type":"product","link":"https:\/\/troypetshop.com\/fr\/product\/laisse-a-chaine-courte-a-ressort\/","title":{"rendered":"Laisse \u00e0 cha\u00eene courte \u00e0 ressort"},"content":{"rendered":"","protected":false},"excerpt":{"rendered":"<p class=\"hdt-product__title hdt-font-normal\">Nunbell &#8211; 3.5mm Dog Buffer Spring Short Chain Leash With Handle est con\u00e7ue pour un contr\u00f4le optimal et l&rsquo;absorption des chocs pendant les promenades. Fabriqu\u00e9e en m\u00e9tal durable et r\u00e9sistant \u00e0 la rouille de 3,5 mm, elle comprend un ressort tampon qui r\u00e9duit les tractions soudaines, garantissant ainsi le confort de l&rsquo;animal et de son ma\u00eetre. <\/p>\n<ul>\n<li>L = 60cm<\/li>\n<li>L = 3,5 mm<\/li>\n<\/ul>\n","protected":false},"featured_media":10736,"comment_status":"open","ping_status":"closed","template":"","meta":[],"product_brand":[],"product_cat":[1101,1022,1023,1041],"product_tag":[2433,1042,2432,2431],"class_list":{"0":"post-10741","1":"product","2":"type-product","3":"status-publish","4":"has-post-thumbnail","6":"product_cat-accessoires-pour-chats-et-chiens","7":"product_cat-chien","8":"product_cat-colliers-et-laisses-pour-chiens","9":"product_cat-laisses-pour-chiens","10":"product_tag-chaine","11":"product_tag-laisse","12":"product_tag-printemps","13":"product_tag-tampon","14":"post","15":"post-with-thumbnail","16":"post-with-thumbnail-large","18":"first","19":"instock","20":"sale","21":"taxable","22":"shipping-taxable","23":"purchasable","24":"product-type-simple"},"_links":{"self":[{"href":"https:\/\/troypetshop.com\/fr\/wp-json\/wp\/v2\/product\/10741","targetHints":{"allow":["GET"]}}],"collection":[{"href":"https:\/\/troypetshop.com\/fr\/wp-json\/wp\/v2\/product"}],"about":[{"href":"https:\/\/troypetshop.com\/fr\/wp-json\/wp\/v2\/types\/product"}],"replies":[{"embeddable":true,"href":"https:\/\/troypetshop.com\/fr\/wp-json\/wp\/v2\/comments?post=10741"}],"wp:featuredmedia":[{"embeddable":true,"href":"https:\/\/troypetshop.com\/fr\/wp-json\/wp\/v2\/media\/10736"}],"wp:attachment":[{"href":"https:\/\/troypetshop.com\/fr\/wp-json\/wp\/v2\/media?parent=10741"}],"wp:term":[{"taxonomy":"product_brand","embeddable":true,"href":"https:\/\/troypetshop.com\/fr\/wp-json\/wp\/v2\/product_brand?post=10741"},{"taxonomy":"product_cat","embeddable":true,"href":"https:\/\/troypetshop.com\/fr\/wp-json\/wp\/v2\/product_cat?post=10741"},{"taxonomy":"product_tag","embeddable":true,"href":"https:\/\/troypetshop.com\/fr\/wp-json\/wp\/v2\/product_tag?post=10741"}],"curies":[{"name":"wp","href":"https:\/\/api.w.org\/{rel}","templated":true}]}}