{"id":10817,"date":"2025-08-27T19:26:34","date_gmt":"2025-08-27T17:26:34","guid":{"rendered":"https:\/\/troypetshop.com\/product\/museliere-en-nylon-pour-chien\/"},"modified":"2026-02-28T16:53:50","modified_gmt":"2026-02-28T15:53:50","slug":"museliere-en-nylon-pour-chien","status":"publish","type":"product","link":"https:\/\/troypetshop.com\/fr\/product\/museliere-en-nylon-pour-chien\/","title":{"rendered":"Museli\u00e8re en nylon pour chien"},"content":{"rendered":"","protected":false},"excerpt":{"rendered":"<p><strong>Museli\u00e8re en nylon Nunbell pour chien<\/strong><\/p>\n<ul>\n<li><b><\/b><strong><b>S\u00e9curit\u00e9 :<\/b><\/strong>L&rsquo;utilisation d&rsquo;une museli\u00e8re peut \u00eatre un gage de s\u00e9curit\u00e9 pour les chiens agressifs ou craintifs, en particulier dans les lieux publics ou lors d&rsquo;examens v\u00e9t\u00e9rinaires.<\/li>\n<li><b><\/b><strong><b>Le dressage :<\/b><\/strong>Il peut aider \u00e0 apprendre \u00e0 votre chien \u00e0 ne pas manger les choses qui se trouvent sur le sol ou \u00e0 ne pas m\u00e2cher des objets interdits.<\/li>\n<li><b><\/b><strong><b>D\u00e9placements :<\/b><\/strong>Certaines formes de transport public ou certains lieux peuvent n\u00e9cessiter l&rsquo;utilisation d&rsquo;une museli\u00e8re.<\/li>\n<\/ul>\n<ul>\n<li><b><\/b><strong><b>Taille XLarge :<\/b><\/strong>Rottweiler, Bullmastiff, St Bernard, Terre-Neuve<\/li>\n<li><b><\/b><strong><b>Grande taille :<\/b><\/strong>Labrador, Retriever, Doberman, Boxer<\/li>\n<li><b><\/b><strong><b>Taille moyenne :<\/b><\/strong>Husky, Dalmatien, Pointer, Pit bull Terrier<\/li>\n<li><b><\/b><strong><b>Petite taille :<\/b><\/strong> Beagle, Cocker Spaniel, Border Collie, Caniche<\/li>\n<li><b><\/b><strong><b>Taille XSmall :<\/b><\/strong>XS Jack Russel Terrier, Yorkshire Terrier, Dachsund, Maltese<\/li>\n<\/ul>\n","protected":false},"featured_media":10799,"comment_status":"open","ping_status":"closed","template":"","meta":[],"product_brand":[],"product_cat":[1022,1242],"product_tag":[1090,2449,1089],"class_list":{"0":"post-10817","1":"product","2":"type-product","3":"status-publish","4":"has-post-thumbnail","6":"product_cat-chien","7":"product_cat-muselieres-pour-chiens","8":"product_tag-chien","9":"product_tag-museau","10":"product_tag-nylon-fr","11":"post","12":"post-with-thumbnail","13":"post-with-thumbnail-large","15":"first","16":"instock","17":"sale","18":"taxable","19":"shipping-taxable","20":"purchasable","21":"product-type-variable"},"_links":{"self":[{"href":"https:\/\/troypetshop.com\/fr\/wp-json\/wp\/v2\/product\/10817","targetHints":{"allow":["GET"]}}],"collection":[{"href":"https:\/\/troypetshop.com\/fr\/wp-json\/wp\/v2\/product"}],"about":[{"href":"https:\/\/troypetshop.com\/fr\/wp-json\/wp\/v2\/types\/product"}],"replies":[{"embeddable":true,"href":"https:\/\/troypetshop.com\/fr\/wp-json\/wp\/v2\/comments?post=10817"}],"wp:featuredmedia":[{"embeddable":true,"href":"https:\/\/troypetshop.com\/fr\/wp-json\/wp\/v2\/media\/10799"}],"wp:attachment":[{"href":"https:\/\/troypetshop.com\/fr\/wp-json\/wp\/v2\/media?parent=10817"}],"wp:term":[{"taxonomy":"product_brand","embeddable":true,"href":"https:\/\/troypetshop.com\/fr\/wp-json\/wp\/v2\/product_brand?post=10817"},{"taxonomy":"product_cat","embeddable":true,"href":"https:\/\/troypetshop.com\/fr\/wp-json\/wp\/v2\/product_cat?post=10817"},{"taxonomy":"product_tag","embeddable":true,"href":"https:\/\/troypetshop.com\/fr\/wp-json\/wp\/v2\/product_tag?post=10817"}],"curies":[{"name":"wp","href":"https:\/\/api.w.org\/{rel}","templated":true}]}}