{"id":10863,"date":"2025-08-27T13:29:46","date_gmt":"2025-08-27T11:29:46","guid":{"rendered":"https:\/\/troypetshop.com\/product\/museliere-en-caoutchouc-pour-chien\/"},"modified":"2026-02-28T16:54:01","modified_gmt":"2026-02-28T15:54:01","slug":"museliere-en-caoutchouc-pour-chien","status":"publish","type":"product","link":"https:\/\/troypetshop.com\/fr\/product\/museliere-en-caoutchouc-pour-chien\/","title":{"rendered":"Museli\u00e8re en caoutchouc pour chien"},"content":{"rendered":"","protected":false},"excerpt":{"rendered":"<ul>\n<li>Caoutchouc solide et durable pour une <strong><b>s\u00e9curit\u00e9<\/b><\/strong><\/li>\n<li>Ergonomique et flexible pour plus de<strong><b>confort<\/b><\/strong><\/li>\n<li><b><\/b><strong><b>Souple<\/b><\/strong>rembourrage en n\u00e9opr\u00e8ne sur les c\u00f4t\u00e9s et le menton<\/li>\n<li>La partie avant du museau peut \u00eatre ouverte pour que votre chien puisse manger et boire <strong><b>facilement<\/b><\/strong><\/li>\n<\/ul>\n<ul>\n<li><b><\/b><strong><b>Taille XLarge : <\/b><\/strong>Rottweiler, Bullmastiff, St Bernard, Terre-Neuve<\/li>\n<li><b><\/b><strong><b>Grande taille : <\/b><\/strong>Labrador, Retriever, Doberman, Boxer<\/li>\n<li><b><\/b><strong><b>Taille moyenne : <\/b><\/strong>Husky, Dalmatien, Pointer, Pit bull Terrier<\/li>\n<li><b><\/b><strong><b>Petite taille : <\/b><\/strong>Beagle, \u00e9pagneul, border collie, caniche<\/li>\n<li><b><\/b><strong><b>Taille XSmall : <\/b><\/strong>Jack Russel Terrier, Yorkshire Terrier, Dachsund, Maltais<\/li>\n<\/ul>\n","protected":false},"featured_media":10753,"comment_status":"open","ping_status":"closed","template":"","meta":[],"product_brand":[],"product_cat":[1022,1242],"product_tag":[2056,1090,2449],"class_list":{"0":"post-10863","1":"product","2":"type-product","3":"status-publish","4":"has-post-thumbnail","6":"product_cat-chien","7":"product_cat-muselieres-pour-chiens","8":"product_tag-caoutchouc","9":"product_tag-chien","10":"product_tag-museau","11":"post","12":"post-with-thumbnail","13":"post-with-thumbnail-large","15":"first","16":"instock","17":"sale","18":"taxable","19":"shipping-taxable","20":"purchasable","21":"product-type-variable"},"_links":{"self":[{"href":"https:\/\/troypetshop.com\/fr\/wp-json\/wp\/v2\/product\/10863","targetHints":{"allow":["GET"]}}],"collection":[{"href":"https:\/\/troypetshop.com\/fr\/wp-json\/wp\/v2\/product"}],"about":[{"href":"https:\/\/troypetshop.com\/fr\/wp-json\/wp\/v2\/types\/product"}],"replies":[{"embeddable":true,"href":"https:\/\/troypetshop.com\/fr\/wp-json\/wp\/v2\/comments?post=10863"}],"wp:featuredmedia":[{"embeddable":true,"href":"https:\/\/troypetshop.com\/fr\/wp-json\/wp\/v2\/media\/10753"}],"wp:attachment":[{"href":"https:\/\/troypetshop.com\/fr\/wp-json\/wp\/v2\/media?parent=10863"}],"wp:term":[{"taxonomy":"product_brand","embeddable":true,"href":"https:\/\/troypetshop.com\/fr\/wp-json\/wp\/v2\/product_brand?post=10863"},{"taxonomy":"product_cat","embeddable":true,"href":"https:\/\/troypetshop.com\/fr\/wp-json\/wp\/v2\/product_cat?post=10863"},{"taxonomy":"product_tag","embeddable":true,"href":"https:\/\/troypetshop.com\/fr\/wp-json\/wp\/v2\/product_tag?post=10863"}],"curies":[{"name":"wp","href":"https:\/\/api.w.org\/{rel}","templated":true}]}}