{"id":11232,"date":"2025-12-01T14:28:05","date_gmt":"2025-12-01T13:28:05","guid":{"rendered":"https:\/\/troypetshop.com\/product\/souris-roulante\/"},"modified":"2026-02-28T16:49:57","modified_gmt":"2026-02-28T15:49:57","slug":"souris-roulante","status":"publish","type":"product","link":"https:\/\/troypetshop.com\/fr\/product\/souris-roulante\/","title":{"rendered":"Souris roulante"},"content":{"rendered":"","protected":false},"excerpt":{"rendered":"<p>Jouet \u00e9lectrique interactif rechargeable par USB pour chat &#8211; Souris roulante et balle avec moteur automatique \u00e0 basse tension, plastique durable pour jouer \u00e0 l&rsquo;int\u00e9rieur, mouvement de reptation, Plug &amp; Play pour chatons et petits chats.<\/p>\n","protected":false},"featured_media":11226,"comment_status":"open","ping_status":"closed","template":"","meta":[],"product_brand":[],"product_cat":[1377,1563],"product_tag":[2044,2536,2531,2537],"class_list":{"0":"post-11232","1":"product","2":"type-product","3":"status-publish","4":"has-post-thumbnail","6":"product_cat-jouets-pour-chats","7":"product_cat-souris","8":"product_tag-jouets","9":"product_tag-rouler","10":"product_tag-souris","11":"product_tag-usb-charge","12":"post","13":"post-with-thumbnail","14":"post-with-thumbnail-large","16":"first","17":"instock","18":"sale","19":"taxable","20":"shipping-taxable","21":"purchasable","22":"product-type-simple"},"_links":{"self":[{"href":"https:\/\/troypetshop.com\/fr\/wp-json\/wp\/v2\/product\/11232","targetHints":{"allow":["GET"]}}],"collection":[{"href":"https:\/\/troypetshop.com\/fr\/wp-json\/wp\/v2\/product"}],"about":[{"href":"https:\/\/troypetshop.com\/fr\/wp-json\/wp\/v2\/types\/product"}],"replies":[{"embeddable":true,"href":"https:\/\/troypetshop.com\/fr\/wp-json\/wp\/v2\/comments?post=11232"}],"wp:featuredmedia":[{"embeddable":true,"href":"https:\/\/troypetshop.com\/fr\/wp-json\/wp\/v2\/media\/11226"}],"wp:attachment":[{"href":"https:\/\/troypetshop.com\/fr\/wp-json\/wp\/v2\/media?parent=11232"}],"wp:term":[{"taxonomy":"product_brand","embeddable":true,"href":"https:\/\/troypetshop.com\/fr\/wp-json\/wp\/v2\/product_brand?post=11232"},{"taxonomy":"product_cat","embeddable":true,"href":"https:\/\/troypetshop.com\/fr\/wp-json\/wp\/v2\/product_cat?post=11232"},{"taxonomy":"product_tag","embeddable":true,"href":"https:\/\/troypetshop.com\/fr\/wp-json\/wp\/v2\/product_tag?post=11232"}],"curies":[{"name":"wp","href":"https:\/\/api.w.org\/{rel}","templated":true}]}}