{"id":11277,"date":"2026-01-01T16:36:26","date_gmt":"2026-01-01T15:36:26","guid":{"rendered":"https:\/\/troypetshop.com\/?post_type=product&#038;p=11277"},"modified":"2026-02-28T16:53:57","modified_gmt":"2026-02-28T15:53:57","slug":"mini-laisse-de-promenade-pour-chien-copy","status":"publish","type":"product","link":"https:\/\/troypetshop.com\/fr\/product\/mini-laisse-de-promenade-pour-chien-copy\/","title":{"rendered":"Mini laisse de promenade pour chien (Copy)"},"content":{"rendered":"","protected":false},"excerpt":{"rendered":"<p class=\"product_title entry-title wd-entities-title\">Mini laisses en textile uni :<\/p>\n<p>La laisse Nunbell de couleur unie est la combinaison id\u00e9ale de l&rsquo;\u00e9l\u00e9gance, de la durabilit\u00e9 et de la fonctionnalit\u00e9, con\u00e7ue pour am\u00e9liorer vos promenades avec votre animal de compagnie. Fabriqu\u00e9e \u00e0 partir de mat\u00e9riaux de premi\u00e8re qualit\u00e9 et durables, cette laisse est \u00e0 la fois r\u00e9sistante et confortable, pour que chaque sortie soit s\u00fbre et agr\u00e9able. <\/p>\n<p>Taille :<\/p>\n<ul>\n<li>Largeur = 1,0 cm, Longueur = 110 cm<\/li>\n<\/ul>\n","protected":false},"featured_media":7828,"comment_status":"open","ping_status":"closed","template":"","meta":[],"product_brand":[],"product_cat":[1022,1023,1024,1041],"product_tag":[1092,1090,1042],"class_list":{"0":"post-11277","1":"product","2":"type-product","3":"status-publish","4":"has-post-thumbnail","6":"product_cat-chien","7":"product_cat-colliers-et-laisses-pour-chiens","8":"product_cat-colliers-pour-chats","9":"product_cat-laisses-pour-chiens","10":"product_tag-animal-de-compagnie","11":"product_tag-chien","12":"product_tag-laisse","13":"post","14":"post-with-thumbnail","15":"post-with-thumbnail-large","17":"first","18":"outofstock","19":"taxable","20":"shipping-taxable","21":"product-type-variable"},"_links":{"self":[{"href":"https:\/\/troypetshop.com\/fr\/wp-json\/wp\/v2\/product\/11277","targetHints":{"allow":["GET"]}}],"collection":[{"href":"https:\/\/troypetshop.com\/fr\/wp-json\/wp\/v2\/product"}],"about":[{"href":"https:\/\/troypetshop.com\/fr\/wp-json\/wp\/v2\/types\/product"}],"replies":[{"embeddable":true,"href":"https:\/\/troypetshop.com\/fr\/wp-json\/wp\/v2\/comments?post=11277"}],"wp:featuredmedia":[{"embeddable":true,"href":"https:\/\/troypetshop.com\/fr\/wp-json\/wp\/v2\/media\/7828"}],"wp:attachment":[{"href":"https:\/\/troypetshop.com\/fr\/wp-json\/wp\/v2\/media?parent=11277"}],"wp:term":[{"taxonomy":"product_brand","embeddable":true,"href":"https:\/\/troypetshop.com\/fr\/wp-json\/wp\/v2\/product_brand?post=11277"},{"taxonomy":"product_cat","embeddable":true,"href":"https:\/\/troypetshop.com\/fr\/wp-json\/wp\/v2\/product_cat?post=11277"},{"taxonomy":"product_tag","embeddable":true,"href":"https:\/\/troypetshop.com\/fr\/wp-json\/wp\/v2\/product_tag?post=11277"}],"curies":[{"name":"wp","href":"https:\/\/api.w.org\/{rel}","templated":true}]}}