{"id":11349,"date":"2026-01-05T12:15:26","date_gmt":"2026-01-05T11:15:26","guid":{"rendered":"https:\/\/troypetshop.com\/?post_type=product&#038;p=11349"},"modified":"2026-02-28T16:53:58","modified_gmt":"2026-02-28T15:53:58","slug":"collier-pour-animaux-en-nylon-vert","status":"publish","type":"product","link":"https:\/\/troypetshop.com\/fr\/product\/collier-pour-animaux-en-nylon-vert\/","title":{"rendered":"Collier pour animaux en nylon vert"},"content":{"rendered":"","protected":false},"excerpt":{"rendered":"<p>Collier pour animaux en nylon vert<\/p>\n<p>Le collier en nylon uni Nunbell est la combinaison id\u00e9ale entre \u00e9l\u00e9gance, durabilit\u00e9 et fonctionnalit\u00e9. Fabriqu\u00e9 \u00e0 partir de mat\u00e9riaux haut de gamme et r\u00e9sistants. Il se marie parfaitement avec une laisse en nylon vert.<\/p>\n<ul>\n<li>Couleur = vert<\/li>\n<\/ul>\n","protected":false},"featured_media":11361,"comment_status":"open","ping_status":"closed","template":"","meta":[],"product_brand":[],"product_cat":[1022,1023,1025],"product_tag":[1092,1091,1090,1027],"class_list":{"0":"post-11349","1":"product","2":"type-product","3":"status-publish","4":"has-post-thumbnail","6":"product_cat-chien","7":"product_cat-colliers-et-laisses-pour-chiens","8":"product_cat-cols-dencolure","9":"product_tag-animal-de-compagnie","10":"product_tag-cat-fr","11":"product_tag-chien","12":"product_tag-collier","13":"post","14":"post-with-thumbnail","15":"post-with-thumbnail-large","17":"first","18":"instock","19":"sale","20":"taxable","21":"shipping-taxable","22":"purchasable","23":"product-type-variable"},"_links":{"self":[{"href":"https:\/\/troypetshop.com\/fr\/wp-json\/wp\/v2\/product\/11349","targetHints":{"allow":["GET"]}}],"collection":[{"href":"https:\/\/troypetshop.com\/fr\/wp-json\/wp\/v2\/product"}],"about":[{"href":"https:\/\/troypetshop.com\/fr\/wp-json\/wp\/v2\/types\/product"}],"replies":[{"embeddable":true,"href":"https:\/\/troypetshop.com\/fr\/wp-json\/wp\/v2\/comments?post=11349"}],"wp:featuredmedia":[{"embeddable":true,"href":"https:\/\/troypetshop.com\/fr\/wp-json\/wp\/v2\/media\/11361"}],"wp:attachment":[{"href":"https:\/\/troypetshop.com\/fr\/wp-json\/wp\/v2\/media?parent=11349"}],"wp:term":[{"taxonomy":"product_brand","embeddable":true,"href":"https:\/\/troypetshop.com\/fr\/wp-json\/wp\/v2\/product_brand?post=11349"},{"taxonomy":"product_cat","embeddable":true,"href":"https:\/\/troypetshop.com\/fr\/wp-json\/wp\/v2\/product_cat?post=11349"},{"taxonomy":"product_tag","embeddable":true,"href":"https:\/\/troypetshop.com\/fr\/wp-json\/wp\/v2\/product_tag?post=11349"}],"curies":[{"name":"wp","href":"https:\/\/api.w.org\/{rel}","templated":true}]}}