{"id":11404,"date":"2025-09-02T15:53:49","date_gmt":"2025-09-02T13:53:49","guid":{"rendered":"https:\/\/troypetshop.com\/product\/laisse-en-chaine-pour-chien\/"},"modified":"2026-02-28T16:53:59","modified_gmt":"2026-02-28T15:53:59","slug":"laisse-en-chaine-pour-chien","status":"publish","type":"product","link":"https:\/\/troypetshop.com\/fr\/product\/laisse-en-chaine-pour-chien\/","title":{"rendered":"Laisse en cha\u00eene pour chien"},"content":{"rendered":"","protected":false},"excerpt":{"rendered":"<p>Laisse pour chien Nunbell avec poign\u00e9e rembourr\u00e9e ultra douce pour chiens de taille moyenne et grande<\/p>\n<p>Elle offre une prise en main douce et ergonomique qui ne blesse pas les mains et \u00e9vite les br\u00fblures caus\u00e9es par la corde si votre chien tire soudainement pendant les longues promenades.<\/p>\n","protected":false},"featured_media":10901,"comment_status":"open","ping_status":"closed","template":"","meta":[],"product_brand":[],"product_cat":[1022,1023,1041],"product_tag":[1092,2433,1090,1042,1902,2598],"class_list":{"0":"post-11404","1":"product","2":"type-product","3":"status-publish","4":"has-post-thumbnail","6":"product_cat-chien","7":"product_cat-colliers-et-laisses-pour-chiens","8":"product_cat-laisses-pour-chiens","9":"product_tag-animal-de-compagnie","10":"product_tag-chaine","11":"product_tag-chien","12":"product_tag-laisse","13":"product_tag-nunbell-fr","14":"product_tag-poignee-souple-et-rembourree","15":"post","16":"post-with-thumbnail","17":"post-with-thumbnail-large","19":"first","20":"instock","21":"sale","22":"taxable","23":"shipping-taxable","24":"purchasable","25":"product-type-variable"},"_links":{"self":[{"href":"https:\/\/troypetshop.com\/fr\/wp-json\/wp\/v2\/product\/11404","targetHints":{"allow":["GET"]}}],"collection":[{"href":"https:\/\/troypetshop.com\/fr\/wp-json\/wp\/v2\/product"}],"about":[{"href":"https:\/\/troypetshop.com\/fr\/wp-json\/wp\/v2\/types\/product"}],"replies":[{"embeddable":true,"href":"https:\/\/troypetshop.com\/fr\/wp-json\/wp\/v2\/comments?post=11404"}],"wp:featuredmedia":[{"embeddable":true,"href":"https:\/\/troypetshop.com\/fr\/wp-json\/wp\/v2\/media\/10901"}],"wp:attachment":[{"href":"https:\/\/troypetshop.com\/fr\/wp-json\/wp\/v2\/media?parent=11404"}],"wp:term":[{"taxonomy":"product_brand","embeddable":true,"href":"https:\/\/troypetshop.com\/fr\/wp-json\/wp\/v2\/product_brand?post=11404"},{"taxonomy":"product_cat","embeddable":true,"href":"https:\/\/troypetshop.com\/fr\/wp-json\/wp\/v2\/product_cat?post=11404"},{"taxonomy":"product_tag","embeddable":true,"href":"https:\/\/troypetshop.com\/fr\/wp-json\/wp\/v2\/product_tag?post=11404"}],"curies":[{"name":"wp","href":"https:\/\/api.w.org\/{rel}","templated":true}]}}