{"id":11432,"date":"2026-01-06T16:54:51","date_gmt":"2026-01-06T15:54:51","guid":{"rendered":"https:\/\/troypetshop.com\/product\/collier-led-pour-chien\/"},"modified":"2026-02-28T16:48:43","modified_gmt":"2026-02-28T15:48:43","slug":"collier-led-pour-chien","status":"publish","type":"product","link":"https:\/\/troypetshop.com\/fr\/product\/collier-led-pour-chien\/","title":{"rendered":"Collier LED pour chien"},"content":{"rendered":"","protected":false},"excerpt":{"rendered":"<p>Les lumi\u00e8res LED USB rechargeables \u00e9clairent votre animal de compagnie, le rendant tr\u00e8s visible dans des conditions de faible luminosit\u00e9, par exemple le soir ou par temps brumeux. Cela prot\u00e8ge votre chien en permettant aux cyclistes ou aux conducteurs de v\u00e9hicules motoris\u00e9s de remarquer la lumi\u00e8re et de r\u00e9agir en cons\u00e9quence. Les colliers lumineux \u00e0 LED pour chiens aident \u00e0 pr\u00e9venir les accidents.  <\/p>\n<ul>\n<li>Longueur = Large (45 &#8211; 52cm)<\/li>\n<\/ul>\n","protected":false},"featured_media":11428,"comment_status":"open","ping_status":"closed","template":"","meta":[],"product_brand":[],"product_cat":[1022,1023,1025],"product_tag":[1090,1027,2605,2606],"class_list":{"0":"post-11432","1":"product","2":"type-product","3":"status-publish","4":"has-post-thumbnail","6":"product_cat-chien","7":"product_cat-colliers-et-laisses-pour-chiens","8":"product_cat-cols-dencolure","9":"product_tag-chien","10":"product_tag-collier","11":"product_tag-led","12":"product_tag-rechargeable-par-usb","13":"post","14":"post-with-thumbnail","15":"post-with-thumbnail-large","17":"first","18":"instock","19":"sale","20":"taxable","21":"shipping-taxable","22":"purchasable","23":"product-type-simple"},"_links":{"self":[{"href":"https:\/\/troypetshop.com\/fr\/wp-json\/wp\/v2\/product\/11432","targetHints":{"allow":["GET"]}}],"collection":[{"href":"https:\/\/troypetshop.com\/fr\/wp-json\/wp\/v2\/product"}],"about":[{"href":"https:\/\/troypetshop.com\/fr\/wp-json\/wp\/v2\/types\/product"}],"replies":[{"embeddable":true,"href":"https:\/\/troypetshop.com\/fr\/wp-json\/wp\/v2\/comments?post=11432"}],"wp:featuredmedia":[{"embeddable":true,"href":"https:\/\/troypetshop.com\/fr\/wp-json\/wp\/v2\/media\/11428"}],"wp:attachment":[{"href":"https:\/\/troypetshop.com\/fr\/wp-json\/wp\/v2\/media?parent=11432"}],"wp:term":[{"taxonomy":"product_brand","embeddable":true,"href":"https:\/\/troypetshop.com\/fr\/wp-json\/wp\/v2\/product_brand?post=11432"},{"taxonomy":"product_cat","embeddable":true,"href":"https:\/\/troypetshop.com\/fr\/wp-json\/wp\/v2\/product_cat?post=11432"},{"taxonomy":"product_tag","embeddable":true,"href":"https:\/\/troypetshop.com\/fr\/wp-json\/wp\/v2\/product_tag?post=11432"}],"curies":[{"name":"wp","href":"https:\/\/api.w.org\/{rel}","templated":true}]}}