{"id":11435,"date":"2026-01-06T18:02:25","date_gmt":"2026-01-06T17:02:25","guid":{"rendered":"https:\/\/troypetshop.com\/?post_type=product&#038;p=11435"},"modified":"2026-02-28T16:54:00","modified_gmt":"2026-02-28T15:54:00","slug":"collier-lumineux-a-led-bleues","status":"publish","type":"product","link":"https:\/\/troypetshop.com\/fr\/product\/collier-lumineux-a-led-bleues\/","title":{"rendered":"Collier de serrage LED bleu"},"content":{"rendered":"","protected":false},"excerpt":{"rendered":"<p>Karlie Flamingo Visio Collier \u00e0 LED bleu clair<\/p>\n<p>Les lumi\u00e8res LED bleues rechargeables par USB \u00e9clairent votre animal, le rendant tr\u00e8s visible dans des conditions de faible luminosit\u00e9, par exemple le soir ou par temps brumeux. Cela prot\u00e8ge votre animal en permettant aux cyclistes ou aux conducteurs de v\u00e9hicules motoris\u00e9s de remarquer la lumi\u00e8re bleue et de r\u00e9agir en cons\u00e9quence. Les colliers pour animaux de compagnie \u00e0 lumi\u00e8re LED bleue brillante aident \u00e0 pr\u00e9venir les accidents. Lumi\u00e8re clignotante et fixe r\u00e9glable avec c\u00e2ble USB.<\/p>\n<ul>\n<li>Longueurs = 35cm, 50cm, 70cm<\/li>\n<li>Couleur = Bleu<\/li>\n<\/ul>\n","protected":false},"featured_media":11451,"comment_status":"open","ping_status":"closed","template":"","meta":[],"product_brand":[],"product_cat":[1023,1026,1025],"product_tag":[1092,1027,2623,2622,2606],"class_list":{"0":"post-11435","1":"product","2":"type-product","3":"status-publish","4":"has-post-thumbnail","6":"product_cat-colliers-et-laisses-pour-chiens","7":"product_cat-colliers-pour-chats-fr","8":"product_cat-cols-dencolure","9":"product_tag-animal-de-compagnie","10":"product_tag-collier","11":"product_tag-collier-de-serrage-led","12":"product_tag-led-bleue","13":"product_tag-rechargeable-par-usb","14":"post","15":"post-with-thumbnail","16":"post-with-thumbnail-large","18":"first","19":"instock","20":"sale","21":"taxable","22":"shipping-taxable","23":"purchasable","24":"product-type-variable"},"_links":{"self":[{"href":"https:\/\/troypetshop.com\/fr\/wp-json\/wp\/v2\/product\/11435","targetHints":{"allow":["GET"]}}],"collection":[{"href":"https:\/\/troypetshop.com\/fr\/wp-json\/wp\/v2\/product"}],"about":[{"href":"https:\/\/troypetshop.com\/fr\/wp-json\/wp\/v2\/types\/product"}],"replies":[{"embeddable":true,"href":"https:\/\/troypetshop.com\/fr\/wp-json\/wp\/v2\/comments?post=11435"}],"wp:featuredmedia":[{"embeddable":true,"href":"https:\/\/troypetshop.com\/fr\/wp-json\/wp\/v2\/media\/11451"}],"wp:attachment":[{"href":"https:\/\/troypetshop.com\/fr\/wp-json\/wp\/v2\/media?parent=11435"}],"wp:term":[{"taxonomy":"product_brand","embeddable":true,"href":"https:\/\/troypetshop.com\/fr\/wp-json\/wp\/v2\/product_brand?post=11435"},{"taxonomy":"product_cat","embeddable":true,"href":"https:\/\/troypetshop.com\/fr\/wp-json\/wp\/v2\/product_cat?post=11435"},{"taxonomy":"product_tag","embeddable":true,"href":"https:\/\/troypetshop.com\/fr\/wp-json\/wp\/v2\/product_tag?post=11435"}],"curies":[{"name":"wp","href":"https:\/\/api.w.org\/{rel}","templated":true}]}}