{"id":11676,"date":"2026-01-12T11:53:56","date_gmt":"2026-01-12T10:53:56","guid":{"rendered":"https:\/\/troypetshop.com\/product\/epilateur-pour-animaux-de-compagnie\/"},"modified":"2026-02-28T16:51:02","modified_gmt":"2026-02-28T15:51:02","slug":"epilateur-pour-animaux-de-compagnie","status":"publish","type":"product","link":"https:\/\/troypetshop.com\/fr\/product\/epilateur-pour-animaux-de-compagnie\/","title":{"rendered":"\u00c9pilateur pour animaux de compagnie"},"content":{"rendered":"","protected":false},"excerpt":{"rendered":"<p>Le nouvel \u00e9pilateur double face<\/p>\n<p>\u00e9limine instantan\u00e9ment les poils d&rsquo;animaux sur le sol, les meubles et les v\u00eatements,<\/p>\n","protected":false},"featured_media":11673,"comment_status":"open","ping_status":"closed","template":"","meta":[],"product_brand":[],"product_cat":[1101,1077,1022,2711],"product_tag":[1092,2128,2710,2709,2863],"class_list":{"0":"post-11676","1":"product","2":"type-product","3":"status-publish","4":"has-post-thumbnail","6":"product_cat-accessoires-pour-chats-et-chiens","7":"product_cat-cat-fr","8":"product_cat-chien","9":"product_cat-epilateur-pour-animaux-de-compagnie","10":"product_tag-animal-de-compagnie","11":"product_tag-cheveux","12":"product_tag-demenageur","13":"product_tag-fourrure","14":"product_tag-peigne","15":"post","16":"post-with-thumbnail","17":"post-with-thumbnail-large","19":"first","20":"instock","21":"sale","22":"taxable","23":"shipping-taxable","24":"purchasable","25":"product-type-simple"},"_links":{"self":[{"href":"https:\/\/troypetshop.com\/fr\/wp-json\/wp\/v2\/product\/11676","targetHints":{"allow":["GET"]}}],"collection":[{"href":"https:\/\/troypetshop.com\/fr\/wp-json\/wp\/v2\/product"}],"about":[{"href":"https:\/\/troypetshop.com\/fr\/wp-json\/wp\/v2\/types\/product"}],"replies":[{"embeddable":true,"href":"https:\/\/troypetshop.com\/fr\/wp-json\/wp\/v2\/comments?post=11676"}],"wp:featuredmedia":[{"embeddable":true,"href":"https:\/\/troypetshop.com\/fr\/wp-json\/wp\/v2\/media\/11673"}],"wp:attachment":[{"href":"https:\/\/troypetshop.com\/fr\/wp-json\/wp\/v2\/media?parent=11676"}],"wp:term":[{"taxonomy":"product_brand","embeddable":true,"href":"https:\/\/troypetshop.com\/fr\/wp-json\/wp\/v2\/product_brand?post=11676"},{"taxonomy":"product_cat","embeddable":true,"href":"https:\/\/troypetshop.com\/fr\/wp-json\/wp\/v2\/product_cat?post=11676"},{"taxonomy":"product_tag","embeddable":true,"href":"https:\/\/troypetshop.com\/fr\/wp-json\/wp\/v2\/product_tag?post=11676"}],"curies":[{"name":"wp","href":"https:\/\/api.w.org\/{rel}","templated":true}]}}