{"id":11824,"date":"2026-01-13T16:45:13","date_gmt":"2026-01-13T15:45:13","guid":{"rendered":"https:\/\/troypetshop.com\/?post_type=product&#038;p=11824"},"modified":"2026-02-28T16:54:09","modified_gmt":"2026-02-28T15:54:09","slug":"os-de-chien-en-caoutchouc-copy","status":"publish","type":"product","link":"https:\/\/troypetshop.com\/fr\/product\/os-de-chien-en-caoutchouc-copy\/","title":{"rendered":"Os comestibles pour chiens"},"content":{"rendered":"","protected":false},"excerpt":{"rendered":"<p>Ces os \u00e0 m\u00e2cher classiques sont fabriqu\u00e9s \u00e0 partir de cuir brut 100 % naturel de haute qualit\u00e9 et ne contiennent aucun produit chimique nocif. 100% comestibles et une bonne source de calcium. Favorise la sant\u00e9 des dents et des gencives et contribue \u00e0 r\u00e9duire le tartre et la plaque dentaire. Les friandises \u00e0 m\u00e2cher aident \u00e0 satisfaire le besoin de ronger de votre chien.   <\/p>\n<p><strong>Ne choisissez pas d&rsquo;os de petite taille pour les chiens de grande race !<\/strong><\/p>\n<p>Tailles :<\/p>\n<ul>\n<li>Grand = 15,2cm<\/li>\n<li>Moyen = 12,7cm<\/li>\n<\/ul>\n<p><strong>Veuillez s\u00e9lectionner la taille de l&rsquo;os avant d&rsquo;ajouter au panier.<\/strong><\/p>\n","protected":false},"featured_media":11861,"comment_status":"open","ping_status":"closed","template":"","meta":[],"product_brand":[],"product_cat":[1101,1378,458,1404],"product_tag":[1894,2741],"class_list":{"0":"post-11824","1":"product","2":"type-product","3":"status-publish","4":"has-post-thumbnail","6":"product_cat-accessoires-pour-chats-et-chiens","7":"product_cat-jouets-pour-chiens","8":"product_cat-nos-produits","9":"product_cat-os","10":"product_tag-jouets-pour-chiens","11":"product_tag-os-comestibles","12":"post","13":"post-with-thumbnail","14":"post-with-thumbnail-large","16":"first","17":"instock","18":"sale","19":"taxable","20":"shipping-taxable","21":"purchasable","22":"product-type-variable"},"_links":{"self":[{"href":"https:\/\/troypetshop.com\/fr\/wp-json\/wp\/v2\/product\/11824","targetHints":{"allow":["GET"]}}],"collection":[{"href":"https:\/\/troypetshop.com\/fr\/wp-json\/wp\/v2\/product"}],"about":[{"href":"https:\/\/troypetshop.com\/fr\/wp-json\/wp\/v2\/types\/product"}],"replies":[{"embeddable":true,"href":"https:\/\/troypetshop.com\/fr\/wp-json\/wp\/v2\/comments?post=11824"}],"wp:featuredmedia":[{"embeddable":true,"href":"https:\/\/troypetshop.com\/fr\/wp-json\/wp\/v2\/media\/11861"}],"wp:attachment":[{"href":"https:\/\/troypetshop.com\/fr\/wp-json\/wp\/v2\/media?parent=11824"}],"wp:term":[{"taxonomy":"product_brand","embeddable":true,"href":"https:\/\/troypetshop.com\/fr\/wp-json\/wp\/v2\/product_brand?post=11824"},{"taxonomy":"product_cat","embeddable":true,"href":"https:\/\/troypetshop.com\/fr\/wp-json\/wp\/v2\/product_cat?post=11824"},{"taxonomy":"product_tag","embeddable":true,"href":"https:\/\/troypetshop.com\/fr\/wp-json\/wp\/v2\/product_tag?post=11824"}],"curies":[{"name":"wp","href":"https:\/\/api.w.org\/{rel}","templated":true}]}}