{"id":11865,"date":"2026-01-13T18:21:01","date_gmt":"2026-01-13T17:21:01","guid":{"rendered":"https:\/\/troypetshop.com\/?post_type=product&#038;p=11865"},"modified":"2026-02-28T16:49:18","modified_gmt":"2026-02-28T15:49:18","slug":"corde-dactivite-fil-dentaire-copy-copy","status":"publish","type":"product","link":"https:\/\/troypetshop.com\/fr\/product\/corde-dactivite-fil-dentaire-copy-copy\/","title":{"rendered":"Boule en caoutchouc et fil dentaire"},"content":{"rendered":"","protected":false},"excerpt":{"rendered":"<p class=\"product-meta__title heading h1\">Balle et jouet en caoutchouc pour nettoyer les dents des chiens<\/p>\n<ul>\n<li>Jouet pour animaux de compagnie, corde d&rsquo;activit\u00e9<\/li>\n<li>Dents saines pour chiens, fil dentaire, pr\u00e9vention de la plaque et du tartre.<\/li>\n<li>R\u00e9sistant \u00e0 la mastication, les r\u00e9compenses peuvent \u00eatre recharg\u00e9es \u00e0 l&rsquo;int\u00e9rieur de la balle en caoutchouc.<\/li>\n<li>Diam\u00e8tre de la bille \u2205 = 7cm<\/li>\n<\/ul>\n<p>Le design en forme de dents de la balle de 7 cm est parfait pour la remplir avec les friandises pr\u00e9f\u00e9r\u00e9es de votre chien. Lorsque votre chien fait rouler la balle, les friandises finissent par se d\u00e9tacher et donnent \u00e0 votre chien une belle surprise !<\/p>\n<p>&nbsp;<\/p>\n","protected":false},"featured_media":11870,"comment_status":"open","ping_status":"closed","template":"","meta":[],"product_brand":[],"product_cat":[2674,1379,1378,458],"product_tag":[2348,2056,1448,2745],"class_list":{"0":"post-11865","1":"product","2":"type-product","3":"status-publish","4":"has-post-thumbnail","6":"product_cat-balles","7":"product_cat-cordes-dactivite-fil-dentaire","8":"product_cat-jouets-pour-chiens","9":"product_cat-nos-produits","10":"product_tag-balle","11":"product_tag-caoutchouc","12":"product_tag-fil-dentaire","13":"product_tag-friandises","14":"post","15":"post-with-thumbnail","16":"post-with-thumbnail-large","18":"first","19":"instock","20":"sale","21":"taxable","22":"shipping-taxable","23":"purchasable","24":"product-type-simple"},"_links":{"self":[{"href":"https:\/\/troypetshop.com\/fr\/wp-json\/wp\/v2\/product\/11865","targetHints":{"allow":["GET"]}}],"collection":[{"href":"https:\/\/troypetshop.com\/fr\/wp-json\/wp\/v2\/product"}],"about":[{"href":"https:\/\/troypetshop.com\/fr\/wp-json\/wp\/v2\/types\/product"}],"replies":[{"embeddable":true,"href":"https:\/\/troypetshop.com\/fr\/wp-json\/wp\/v2\/comments?post=11865"}],"wp:featuredmedia":[{"embeddable":true,"href":"https:\/\/troypetshop.com\/fr\/wp-json\/wp\/v2\/media\/11870"}],"wp:attachment":[{"href":"https:\/\/troypetshop.com\/fr\/wp-json\/wp\/v2\/media?parent=11865"}],"wp:term":[{"taxonomy":"product_brand","embeddable":true,"href":"https:\/\/troypetshop.com\/fr\/wp-json\/wp\/v2\/product_brand?post=11865"},{"taxonomy":"product_cat","embeddable":true,"href":"https:\/\/troypetshop.com\/fr\/wp-json\/wp\/v2\/product_cat?post=11865"},{"taxonomy":"product_tag","embeddable":true,"href":"https:\/\/troypetshop.com\/fr\/wp-json\/wp\/v2\/product_tag?post=11865"}],"curies":[{"name":"wp","href":"https:\/\/api.w.org\/{rel}","templated":true}]}}