{"id":11902,"date":"2026-01-15T21:13:50","date_gmt":"2026-01-15T20:13:50","guid":{"rendered":"https:\/\/troypetshop.com\/?post_type=product&#038;p=11902"},"modified":"2026-02-28T16:54:09","modified_gmt":"2026-02-28T15:54:09","slug":"os-comestible-pour-chien","status":"publish","type":"product","link":"https:\/\/troypetshop.com\/fr\/product\/os-comestible-pour-chien\/","title":{"rendered":"Os comestible pour chien"},"content":{"rendered":"","protected":false},"excerpt":{"rendered":"<p><span id=\"productTitle\" class=\"a-size-large product-title-word-break\">Os \u00e0 m\u00e2cher nou\u00e9s pour chiens de taille moyenne et grande<\/span><\/p>\n<ul>\n<li class=\"a-size-large a-spacing-none\"><span class=\"a-size-large product-title-word-break\">Os \u00e0 m\u00e2cher pour chien 100% naturel<\/span><\/li>\n<li class=\"a-size-large a-spacing-none\"><span id=\"productTitle\" class=\"a-size-large product-title-word-break\"> Fabriqu\u00e9 sp\u00e9cialement en peau de vache press\u00e9e<\/span><\/li>\n<li>Faible teneur en mati\u00e8res grasses, haute teneur en prot\u00e9ines<\/li>\n<li>Aide \u00e0 nettoyer les dents et \u00e0 maintenir les gencives en bonne sant\u00e9<\/li>\n<li>L&rsquo;ennui dispara\u00eet &#8211; un temps de mastication de longue dur\u00e9e<\/li>\n<li>Id\u00e9al pour soulager le stress &#8211; aide \u00e0 contr\u00f4ler l&rsquo;envie naturelle de m\u00e2cher.<\/li>\n<\/ul>\n<p><strong>Ne choisissez pas d&rsquo;os de petite taille pour les chiens de grande race !<\/strong><\/p>\n<ul>\n<li>Taille<\/li>\n<li>Grand = 25,40cm &#8211; 150g<\/li>\n<li>Moyen = 15,24cm &#8211; 90g<\/li>\n<\/ul>\n<p><strong>Veuillez s\u00e9lectionner la taille de l&rsquo;os avant de l&rsquo;ajouter au panier.<\/strong><\/p>\n","protected":false},"featured_media":11916,"comment_status":"open","ping_status":"closed","template":"","meta":[],"product_brand":[],"product_cat":[1101,1378,458,1404],"product_tag":[1894,2768,2767,2769,2741],"class_list":{"0":"post-11902","1":"product","2":"type-product","3":"status-publish","4":"has-post-thumbnail","6":"product_cat-accessoires-pour-chats-et-chiens","7":"product_cat-jouets-pour-chiens","8":"product_cat-nos-produits","9":"product_cat-os","10":"product_tag-jouets-pour-chiens","11":"product_tag-macher","12":"product_tag-naturel","13":"product_tag-noeud","14":"product_tag-os-comestibles","15":"post","16":"post-with-thumbnail","17":"post-with-thumbnail-large","19":"first","20":"instock","21":"sale","22":"taxable","23":"shipping-taxable","24":"purchasable","25":"product-type-variable"},"_links":{"self":[{"href":"https:\/\/troypetshop.com\/fr\/wp-json\/wp\/v2\/product\/11902","targetHints":{"allow":["GET"]}}],"collection":[{"href":"https:\/\/troypetshop.com\/fr\/wp-json\/wp\/v2\/product"}],"about":[{"href":"https:\/\/troypetshop.com\/fr\/wp-json\/wp\/v2\/types\/product"}],"replies":[{"embeddable":true,"href":"https:\/\/troypetshop.com\/fr\/wp-json\/wp\/v2\/comments?post=11902"}],"wp:featuredmedia":[{"embeddable":true,"href":"https:\/\/troypetshop.com\/fr\/wp-json\/wp\/v2\/media\/11916"}],"wp:attachment":[{"href":"https:\/\/troypetshop.com\/fr\/wp-json\/wp\/v2\/media?parent=11902"}],"wp:term":[{"taxonomy":"product_brand","embeddable":true,"href":"https:\/\/troypetshop.com\/fr\/wp-json\/wp\/v2\/product_brand?post=11902"},{"taxonomy":"product_cat","embeddable":true,"href":"https:\/\/troypetshop.com\/fr\/wp-json\/wp\/v2\/product_cat?post=11902"},{"taxonomy":"product_tag","embeddable":true,"href":"https:\/\/troypetshop.com\/fr\/wp-json\/wp\/v2\/product_tag?post=11902"}],"curies":[{"name":"wp","href":"https:\/\/api.w.org\/{rel}","templated":true}]}}