{"id":12141,"date":"2026-02-17T15:54:52","date_gmt":"2026-02-17T14:54:52","guid":{"rendered":"https:\/\/troypetshop.com\/?post_type=product&#038;p=12141"},"modified":"2026-02-28T16:54:11","modified_gmt":"2026-02-28T15:54:11","slug":"ceinture-de-securite-reglable-copy","status":"publish","type":"product","link":"https:\/\/troypetshop.com\/fr\/product\/ceinture-de-securite-reglable-copy\/","title":{"rendered":"Ceinture de s\u00e9curit\u00e9 r\u00e9glable pour animaux de compagnie"},"content":{"rendered":"","protected":false},"excerpt":{"rendered":"<p><strong>Si vous transportez votre animal en voiture, le port de la ceinture de s\u00e9curit\u00e9 est obligatoire ! <\/strong><\/p>\n<p>Ceinture de s\u00e9curit\u00e9 r\u00e9glable pour animaux de compagnie<\/p>\n<ul>\n<li>Une laisse de s\u00e9curit\u00e9 vous prot\u00e8ge, vous et votre animal, lorsque vous conduisez.<\/li>\n<li>Compatible avec tous les connecteurs de ceinture de s\u00e9curit\u00e9 de voiture.<\/li>\n<li>Taille ajustable, parfaite pour les petits et les grands animaux.<\/li>\n<li>Chaque propri\u00e9taire est tenu d&rsquo;attacher sa ceinture de s\u00e9curit\u00e9.<\/li>\n<\/ul>\n<ul>\n<li><strong>Veuillez s\u00e9lectionner la largeur de la ceinture avant de l&rsquo;ajouter au panier.<\/strong><\/li>\n<li><strong>La couleur sera envoy\u00e9e en fonction de la disponibilit\u00e9 du stock.<\/strong><\/li>\n<\/ul>\n","protected":false},"featured_media":12154,"comment_status":"open","ping_status":"closed","template":"","meta":[],"product_brand":[],"product_cat":[1022,1023,1041,458],"product_tag":[1092,1091,1609,1090,1608],"class_list":{"0":"post-12141","1":"product","2":"type-product","3":"status-publish","4":"has-post-thumbnail","6":"product_cat-chien","7":"product_cat-colliers-et-laisses-pour-chiens","8":"product_cat-laisses-pour-chiens","9":"product_cat-nos-produits","10":"product_tag-animal-de-compagnie","11":"product_tag-cat-fr","12":"product_tag-ceinture-de-securite","13":"product_tag-chien","14":"product_tag-sur","15":"post","16":"post-with-thumbnail","17":"post-with-thumbnail-large","19":"first","20":"instock","21":"sale","22":"taxable","23":"shipping-taxable","24":"purchasable","25":"product-type-variable"},"_links":{"self":[{"href":"https:\/\/troypetshop.com\/fr\/wp-json\/wp\/v2\/product\/12141","targetHints":{"allow":["GET"]}}],"collection":[{"href":"https:\/\/troypetshop.com\/fr\/wp-json\/wp\/v2\/product"}],"about":[{"href":"https:\/\/troypetshop.com\/fr\/wp-json\/wp\/v2\/types\/product"}],"replies":[{"embeddable":true,"href":"https:\/\/troypetshop.com\/fr\/wp-json\/wp\/v2\/comments?post=12141"}],"wp:featuredmedia":[{"embeddable":true,"href":"https:\/\/troypetshop.com\/fr\/wp-json\/wp\/v2\/media\/12154"}],"wp:attachment":[{"href":"https:\/\/troypetshop.com\/fr\/wp-json\/wp\/v2\/media?parent=12141"}],"wp:term":[{"taxonomy":"product_brand","embeddable":true,"href":"https:\/\/troypetshop.com\/fr\/wp-json\/wp\/v2\/product_brand?post=12141"},{"taxonomy":"product_cat","embeddable":true,"href":"https:\/\/troypetshop.com\/fr\/wp-json\/wp\/v2\/product_cat?post=12141"},{"taxonomy":"product_tag","embeddable":true,"href":"https:\/\/troypetshop.com\/fr\/wp-json\/wp\/v2\/product_tag?post=12141"}],"curies":[{"name":"wp","href":"https:\/\/api.w.org\/{rel}","templated":true}]}}