{"id":12219,"date":"2026-02-18T15:23:56","date_gmt":"2026-02-18T14:23:56","guid":{"rendered":"https:\/\/troypetshop.com\/?post_type=product&#038;p=12219"},"modified":"2026-04-06T17:53:56","modified_gmt":"2026-04-06T15:53:56","slug":"litieres-pour-chats-2","status":"publish","type":"product","link":"https:\/\/troypetshop.com\/fr\/product\/litieres-pour-chats-2\/","title":{"rendered":"Liti\u00e8res pour chats Nunbell"},"content":{"rendered":"","protected":false},"excerpt":{"rendered":"<p>Nunbell Liti\u00e8res pour chat en silicone hypoallerg\u00e9nique 3.8 Kg- 5Lt<\/p>\n<p id=\"mpv-description\">La liti\u00e8re pour chat Nunbell est une liti\u00e8re organique, sans poussi\u00e8re et agglom\u00e9rante de premi\u00e8re qualit\u00e9. Elle est facile \u00e0 entretenir, hygi\u00e9nique et inodore. Elle absorbe l&rsquo;humidit\u00e9 et les odeurs. Elle est s\u00fbre et n&rsquo;irrite pas la peau sensible des chatons ou des chats.<\/p>\n<ul>\n<li>Caract\u00e9ristiques :<br \/>\n&#8211; Absorption puissante des odeurs<br \/>\n&#8211; Forte capacit\u00e9 d&rsquo;agglom\u00e9ration<br \/>\n&#8211; 99% sans poussi\u00e8re<br \/>\n&#8211; Hypoallerg\u00e9nique<br \/>\n&#8211; 100% naturel<\/li>\n<li>Que contient la bo\u00eete ?<\/li>\n<li>1 x Nunbell Liti\u00e8re pour chat 3.8Kg &#8211; 5Lt<\/li>\n<\/ul>\n<p><strong>Veuillez s\u00e9lectionner votre vari\u00e9t\u00e9 avant de l&rsquo;ajouter au panier. <\/strong><\/p>\n","protected":false},"featured_media":12350,"comment_status":"open","ping_status":"closed","template":"","meta":[],"product_brand":[],"product_cat":[1077,1182,458],"product_tag":[1091,1183,1902,2891],"class_list":{"0":"post-12219","1":"product","2":"type-product","3":"status-publish","4":"has-post-thumbnail","6":"product_cat-cat-fr","7":"product_cat-litieres-pour-chats","8":"product_cat-nos-produits","9":"product_tag-cat-fr","10":"product_tag-litiere","11":"product_tag-nunbell-fr","12":"product_tag-parfumee","13":"post","14":"post-with-thumbnail","15":"post-with-thumbnail-large","17":"first","18":"instock","19":"sale","20":"taxable","21":"shipping-taxable","22":"purchasable","23":"product-type-variable"},"_links":{"self":[{"href":"https:\/\/troypetshop.com\/fr\/wp-json\/wp\/v2\/product\/12219","targetHints":{"allow":["GET"]}}],"collection":[{"href":"https:\/\/troypetshop.com\/fr\/wp-json\/wp\/v2\/product"}],"about":[{"href":"https:\/\/troypetshop.com\/fr\/wp-json\/wp\/v2\/types\/product"}],"replies":[{"embeddable":true,"href":"https:\/\/troypetshop.com\/fr\/wp-json\/wp\/v2\/comments?post=12219"}],"wp:featuredmedia":[{"embeddable":true,"href":"https:\/\/troypetshop.com\/fr\/wp-json\/wp\/v2\/media\/12350"}],"wp:attachment":[{"href":"https:\/\/troypetshop.com\/fr\/wp-json\/wp\/v2\/media?parent=12219"}],"wp:term":[{"taxonomy":"product_brand","embeddable":true,"href":"https:\/\/troypetshop.com\/fr\/wp-json\/wp\/v2\/product_brand?post=12219"},{"taxonomy":"product_cat","embeddable":true,"href":"https:\/\/troypetshop.com\/fr\/wp-json\/wp\/v2\/product_cat?post=12219"},{"taxonomy":"product_tag","embeddable":true,"href":"https:\/\/troypetshop.com\/fr\/wp-json\/wp\/v2\/product_tag?post=12219"}],"curies":[{"name":"wp","href":"https:\/\/api.w.org\/{rel}","templated":true}]}}