{"id":12423,"date":"2026-04-01T16:13:10","date_gmt":"2026-04-01T14:13:10","guid":{"rendered":"https:\/\/troypetshop.com\/product\/laisse-reglable-en-nylon\/"},"modified":"2026-04-01T23:39:02","modified_gmt":"2026-04-01T21:39:02","slug":"laisse-reglable-en-nylon","status":"publish","type":"product","link":"https:\/\/troypetshop.com\/fr\/product\/laisse-reglable-en-nylon\/","title":{"rendered":"Laisse r\u00e9glable en nylon"},"content":{"rendered":"","protected":false},"excerpt":{"rendered":"<p>Laisse r\u00e9glable en nylon avec boucle coulissante. Laisse de type P. <\/p>\n<ul>\n<li>Il permet un contr\u00f4le confortable pendant l&rsquo;entra\u00eenement et les promenades.<\/li>\n<li>La conception en forme de P permet une utilisation efficace de la laisse pour les grandes races.<\/li>\n<li>Fabriqu\u00e9 \u00e0 partir d&rsquo;une solide sangle en nylon,<\/li>\n<li>Cette laisse est r\u00e9sistante \u00e0 la traction et \u00e0 l&rsquo;abrasion en ext\u00e9rieur.<\/li>\n<li>Il est con\u00e7u pour supporter les grands chiens pesant jusqu&rsquo;\u00e0 68 kg.<\/li>\n<li>Longueur = 1,3 m\u00e8tre, Diam\u00e8tre = 1,2 cm<\/li>\n<li><strong>La couleur sera envoy\u00e9e en fonction de la disponibilit\u00e9 du stock.<\/strong><\/li>\n<\/ul>\n","protected":false},"featured_media":12419,"comment_status":"open","ping_status":"closed","template":"","meta":[],"product_brand":[],"product_cat":[1022,1023,1041],"product_tag":[1042,1089,3060,3059],"class_list":{"0":"post-12423","1":"product","2":"type-product","3":"status-publish","4":"has-post-thumbnail","6":"product_cat-chien","7":"product_cat-colliers-et-laisses-pour-chiens","8":"product_cat-laisses-pour-chiens","9":"product_tag-laisse","10":"product_tag-nylon-fr","11":"product_tag-resistant","12":"product_tag-type-p","13":"post","14":"post-with-thumbnail","15":"post-with-thumbnail-large","17":"first","18":"instock","19":"sale","20":"taxable","21":"shipping-taxable","22":"purchasable","23":"product-type-simple"},"_links":{"self":[{"href":"https:\/\/troypetshop.com\/fr\/wp-json\/wp\/v2\/product\/12423","targetHints":{"allow":["GET"]}}],"collection":[{"href":"https:\/\/troypetshop.com\/fr\/wp-json\/wp\/v2\/product"}],"about":[{"href":"https:\/\/troypetshop.com\/fr\/wp-json\/wp\/v2\/types\/product"}],"replies":[{"embeddable":true,"href":"https:\/\/troypetshop.com\/fr\/wp-json\/wp\/v2\/comments?post=12423"}],"wp:featuredmedia":[{"embeddable":true,"href":"https:\/\/troypetshop.com\/fr\/wp-json\/wp\/v2\/media\/12419"}],"wp:attachment":[{"href":"https:\/\/troypetshop.com\/fr\/wp-json\/wp\/v2\/media?parent=12423"}],"wp:term":[{"taxonomy":"product_brand","embeddable":true,"href":"https:\/\/troypetshop.com\/fr\/wp-json\/wp\/v2\/product_brand?post=12423"},{"taxonomy":"product_cat","embeddable":true,"href":"https:\/\/troypetshop.com\/fr\/wp-json\/wp\/v2\/product_cat?post=12423"},{"taxonomy":"product_tag","embeddable":true,"href":"https:\/\/troypetshop.com\/fr\/wp-json\/wp\/v2\/product_tag?post=12423"}],"curies":[{"name":"wp","href":"https:\/\/api.w.org\/{rel}","templated":true}]}}